{"id":2837,"date":"2026-04-13T10:01:04","date_gmt":"2026-04-13T17:01:04","guid":{"rendered":"http:\/\/pnocanada.local\/product\/vitamin-b12-methylcobalamin-2500-mcg\/"},"modified":"2026-04-13T10:01:10","modified_gmt":"2026-04-13T17:01:10","slug":"vitamin-b12-methylcobalamin-2500-mcg","status":"publish","type":"product","link":"https:\/\/pno.ca\/fr-ca\/product\/vitamin-b12-methylcobalamin-2500-mcg\/","title":{"rendered":"B12 M\u00e9thylcobalamine 2\u00a0500\u00a0mcg"},"content":{"rendered":"<div class=\"fg-summary\">\n\tB12 M\u00e9thylcobalamine de Preferred Nutrition fournit la forme biologiquement active de la vitamine B12 sous forme de comprim\u00e9s sublinguaux \u00e0 dissolution rapide. Un comprim\u00e9 par jour fournit 2\u00a0500\u00a0mcg de vitamine B12 pour aider \u00e0 maintenir le m\u00e9tabolisme \u00e9nerg\u00e9tique dans le corps et \u00e0 pr\u00e9venir une carence en vitamine B12. Cette formule sans gluten convient aux v\u00e9g\u00e9tariens et v\u00e9g\u00e9taliens.\n<\/div>\n<ul class=\"fg-features\">\n<li>Favorise le m\u00e9tabolisme \u00e9nerg\u00e9tique du corps<\/li>\n<li>Contribue au fonctionnement normal du syst\u00e8me immunitaire<\/li>\n<li>Aide \u00e0 la formation des globules rouges<\/li>\n<li>Aide \u00e0 maintenir un m\u00e9tabolisme sain et la capacit\u00e9 du corps \u00e0 m\u00e9taboliser les nutriments<\/li>\n<li>Aide \u00e0 pr\u00e9venir la carence en vitamine B12<\/li>\n<\/ul>\n","protected":false},"excerpt":{"rendered":"<div class=\"fg-summary\">\n\tB12 M\u00e9thylcobalamine de Preferred Nutrition fournit la forme biologiquement active de la vitamine B12 sous forme de comprim\u00e9s sublinguaux \u00e0 dissolution rapide. Un comprim\u00e9 par jour fournit 2\u00a0500\u00a0mcg de vitamine B12 pour aider \u00e0 maintenir le m\u00e9tabolisme \u00e9nerg\u00e9tique dans le corps et \u00e0 pr\u00e9venir une carence en vitamine B12. Cette formule sans gluten convient aux v\u00e9g\u00e9tariens et v\u00e9g\u00e9taliens.\n<\/div>\n<ul class=\"fg-features\">\n<li>Favorise le m\u00e9tabolisme \u00e9nerg\u00e9tique du corps<\/li>\n<li>Contribue au fonctionnement normal du syst\u00e8me immunitaire<\/li>\n<li>Aide \u00e0 la formation des globules rouges<\/li>\n<li>Aide \u00e0 maintenir un m\u00e9tabolisme sain et la capacit\u00e9 du corps \u00e0 m\u00e9taboliser les nutriments<\/li>\n<li>Aide \u00e0 pr\u00e9venir la carence en vitamine B12<\/li>\n<\/ul>\n","protected":false},"featured_media":3363,"template":"","meta":{"_acf_changed":false,"_uag_custom_page_level_css":"","site-sidebar-layout":"default","site-content-layout":"","ast-site-content-layout":"default","site-content-style":"default","site-sidebar-style":"default","ast-global-header-display":"","ast-banner-title-visibility":"","ast-main-header-display":"","ast-hfb-above-header-display":"","ast-hfb-below-header-display":"","ast-hfb-mobile-header-display":"","site-post-title":"","ast-breadcrumbs-content":"","ast-featured-img":"","footer-sml-layout":"","ast-disable-related-posts":"","theme-transparent-header-meta":"","adv-header-id-meta":"","stick-header-meta":"","header-above-stick-meta":"","header-main-stick-meta":"","header-below-stick-meta":"","astra-migrate-meta-layouts":"default","ast-page-background-enabled":"default","ast-page-background-meta":{"desktop":{"background-color":"var(--ast-global-color-4)","background-image":"","background-repeat":"repeat","background-position":"center center","background-size":"auto","background-attachment":"scroll","background-type":"","background-media":"","overlay-type":"","overlay-color":"","overlay-opacity":"","overlay-gradient":""},"tablet":{"background-color":"","background-image":"","background-repeat":"repeat","background-position":"center center","background-size":"auto","background-attachment":"scroll","background-type":"","background-media":"","overlay-type":"","overlay-color":"","overlay-opacity":"","overlay-gradient":""},"mobile":{"background-color":"","background-image":"","background-repeat":"repeat","background-position":"center center","background-size":"auto","background-attachment":"scroll","background-type":"","background-media":"","overlay-type":"","overlay-color":"","overlay-opacity":"","overlay-gradient":""}},"ast-content-background-meta":{"desktop":{"background-color":"var(--ast-global-color-5)","background-image":"","background-repeat":"repeat","background-position":"center center","background-size":"auto","background-attachment":"scroll","background-type":"","background-media":"","overlay-type":"","overlay-color":"","overlay-opacity":"","overlay-gradient":""},"tablet":{"background-color":"var(--ast-global-color-5)","background-image":"","background-repeat":"repeat","background-position":"center center","background-size":"auto","background-attachment":"scroll","background-type":"","background-media":"","overlay-type":"","overlay-color":"","overlay-opacity":"","overlay-gradient":""},"mobile":{"background-color":"var(--ast-global-color-5)","background-image":"","background-repeat":"repeat","background-position":"center center","background-size":"auto","background-attachment":"scroll","background-type":"","background-media":"","overlay-type":"","overlay-color":"","overlay-opacity":"","overlay-gradient":""}}},"benefit":[375],"product_brand":[],"product_cat":[341,334],"product_tag":[170],"class_list":{"0":"post-2837","1":"product","2":"type-product","3":"status-publish","4":"has-post-thumbnail","6":"benefit-soutien-denergie","7":"product_cat-vitamine-b","8":"product_cat-vitamines","9":"product_tag-active","10":"desktop-align-center","11":"tablet-align-center","12":"mobile-align-center","13":"ast-product-gallery-layout-horizontal-slider","14":"ast-product-gallery-with-no-image","15":"ast-magnify-disabled","16":"ast-product-single-variable","18":"first","19":"instock","20":"product-type-variable","21":"has-default-attributes"},"yoast_head":"<!-- This site is optimized with the Yoast SEO plugin v27.5 - https:\/\/yoast.com\/product\/yoast-seo-wordpress\/ -->\n<title>B12 M\u00e9thylcobalamine 2\u00a0500\u00a0mcg - Preferred Nutrition FR<\/title>\n<meta name=\"robots\" content=\"index, follow, max-snippet:-1, max-image-preview:large, max-video-preview:-1\" \/>\n<link rel=\"canonical\" href=\"https:\/\/pno.ca\/fr-ca\/product\/vitamin-b12-methylcobalamin-2500-mcg\/\" \/>\n<meta property=\"og:locale\" content=\"fr_CA\" \/>\n<meta property=\"og:type\" content=\"article\" \/>\n<meta property=\"og:title\" content=\"B12 M\u00e9thylcobalamine 2\u00a0500\u00a0mcg - Preferred Nutrition FR\" \/>\n<meta property=\"og:description\" content=\"B12 M\u00e9thylcobalamine de Preferred Nutrition fournit la forme biologiquement active de la vitamine B12 sous forme de comprim\u00e9s sublinguaux \u00e0 dissolution rapide. Un comprim\u00e9 par jour fournit 2\u00a0500\u00a0mcg de vitamine B12 pour aider \u00e0 maintenir le m\u00e9tabolisme \u00e9nerg\u00e9tique dans le corps et \u00e0 pr\u00e9venir une carence en vitamine B12. Cette formule sans gluten convient aux v\u00e9g\u00e9tariens et v\u00e9g\u00e9taliens.   Favorise le m\u00e9tabolisme \u00e9nerg\u00e9tique du corps Contribue au fonctionnement normal du syst\u00e8me immunitaire Aide \u00e0 la formation des globules rouges Aide \u00e0 maintenir un m\u00e9tabolisme sain et la capacit\u00e9 du corps \u00e0 m\u00e9taboliser les nutriments Aide \u00e0 pr\u00e9venir la carence en vitamine B12\" \/>\n<meta property=\"og:url\" content=\"https:\/\/pno.ca\/fr-ca\/product\/vitamin-b12-methylcobalamin-2500-mcg\/\" \/>\n<meta property=\"og:site_name\" content=\"Preferred Nutrition FR\" \/>\n<meta property=\"article:modified_time\" content=\"2026-04-13T17:01:10+00:00\" \/>\n<meta property=\"og:image\" content=\"https:\/\/pno.ca\/fr-ca\/wp-content\/uploads\/sites\/2\/2026\/03\/pn0682__image-hi-res__b12-methylcobalamin__2269712.png\" \/>\n\t<meta property=\"og:image:width\" content=\"600\" \/>\n\t<meta property=\"og:image:height\" content=\"600\" \/>\n\t<meta property=\"og:image:type\" content=\"image\/png\" \/>\n<meta name=\"twitter:card\" content=\"summary_large_image\" \/>\n<meta name=\"twitter:label1\" content=\"Est. reading time\" \/>\n\t<meta name=\"twitter:data1\" content=\"1 minute\" \/>\n<script type=\"application\/ld+json\" class=\"yoast-schema-graph\">{\"@context\":\"https:\\\/\\\/schema.org\",\"@graph\":[{\"@type\":\"WebPage\",\"@id\":\"https:\\\/\\\/pno.ca\\\/fr-ca\\\/product\\\/vitamin-b12-methylcobalamin-2500-mcg\\\/\",\"url\":\"https:\\\/\\\/pno.ca\\\/fr-ca\\\/product\\\/vitamin-b12-methylcobalamin-2500-mcg\\\/\",\"name\":\"B12 M\u00e9thylcobalamine 2\u00a0500\u00a0mcg - Preferred Nutrition FR\",\"isPartOf\":{\"@id\":\"https:\\\/\\\/pno.ca\\\/fr-ca\\\/#website\"},\"primaryImageOfPage\":{\"@id\":\"https:\\\/\\\/pno.ca\\\/fr-ca\\\/product\\\/vitamin-b12-methylcobalamin-2500-mcg\\\/#primaryimage\"},\"image\":{\"@id\":\"https:\\\/\\\/pno.ca\\\/fr-ca\\\/product\\\/vitamin-b12-methylcobalamin-2500-mcg\\\/#primaryimage\"},\"thumbnailUrl\":\"https:\\\/\\\/pno.ca\\\/fr-ca\\\/wp-content\\\/uploads\\\/sites\\\/2\\\/2026\\\/03\\\/pn0682__image-hi-res__b12-methylcobalamin__2269712.png\",\"datePublished\":\"2026-04-13T17:01:04+00:00\",\"dateModified\":\"2026-04-13T17:01:10+00:00\",\"breadcrumb\":{\"@id\":\"https:\\\/\\\/pno.ca\\\/fr-ca\\\/product\\\/vitamin-b12-methylcobalamin-2500-mcg\\\/#breadcrumb\"},\"inLanguage\":\"fr-CA\",\"potentialAction\":[{\"@type\":\"ReadAction\",\"target\":[\"https:\\\/\\\/pno.ca\\\/fr-ca\\\/product\\\/vitamin-b12-methylcobalamin-2500-mcg\\\/\"]}]},{\"@type\":\"ImageObject\",\"inLanguage\":\"fr-CA\",\"@id\":\"https:\\\/\\\/pno.ca\\\/fr-ca\\\/product\\\/vitamin-b12-methylcobalamin-2500-mcg\\\/#primaryimage\",\"url\":\"https:\\\/\\\/pno.ca\\\/fr-ca\\\/wp-content\\\/uploads\\\/sites\\\/2\\\/2026\\\/03\\\/pn0682__image-hi-res__b12-methylcobalamin__2269712.png\",\"contentUrl\":\"https:\\\/\\\/pno.ca\\\/fr-ca\\\/wp-content\\\/uploads\\\/sites\\\/2\\\/2026\\\/03\\\/pn0682__image-hi-res__b12-methylcobalamin__2269712.png\",\"width\":600,\"height\":600,\"caption\":\"B12 Mthylcobalamine - Hi-Res - PN0682\"},{\"@type\":\"BreadcrumbList\",\"@id\":\"https:\\\/\\\/pno.ca\\\/fr-ca\\\/product\\\/vitamin-b12-methylcobalamin-2500-mcg\\\/#breadcrumb\",\"itemListElement\":[{\"@type\":\"ListItem\",\"position\":1,\"name\":\"Home\",\"item\":\"https:\\\/\\\/pno.ca\\\/fr-ca\\\/\"},{\"@type\":\"ListItem\",\"position\":2,\"name\":\"Produits\",\"item\":\"https:\\\/\\\/pno.ca\\\/fr-ca\\\/products\\\/\"},{\"@type\":\"ListItem\",\"position\":3,\"name\":\"B12 M\u00e9thylcobalamine 2\u00a0500\u00a0mcg\"}]},{\"@type\":\"WebSite\",\"@id\":\"https:\\\/\\\/pno.ca\\\/fr-ca\\\/#website\",\"url\":\"https:\\\/\\\/pno.ca\\\/fr-ca\\\/\",\"name\":\"Preferred Nutrition FR\",\"description\":\"\",\"publisher\":{\"@id\":\"https:\\\/\\\/pno.ca\\\/fr-ca\\\/#organization\"},\"potentialAction\":[{\"@type\":\"SearchAction\",\"target\":{\"@type\":\"EntryPoint\",\"urlTemplate\":\"https:\\\/\\\/pno.ca\\\/fr-ca\\\/?s={search_term_string}\"},\"query-input\":{\"@type\":\"PropertyValueSpecification\",\"valueRequired\":true,\"valueName\":\"search_term_string\"}}],\"inLanguage\":\"fr-CA\"},{\"@type\":\"Organization\",\"@id\":\"https:\\\/\\\/pno.ca\\\/fr-ca\\\/#organization\",\"name\":\"Preferred Nutrition FR\",\"url\":\"https:\\\/\\\/pno.ca\\\/fr-ca\\\/\",\"logo\":{\"@type\":\"ImageObject\",\"inLanguage\":\"fr-CA\",\"@id\":\"https:\\\/\\\/pno.ca\\\/fr-ca\\\/#\\\/schema\\\/logo\\\/image\\\/\",\"url\":\"https:\\\/\\\/pno.ca\\\/fr-ca\\\/wp-content\\\/uploads\\\/sites\\\/2\\\/2026\\\/01\\\/pno_logo.svg\",\"contentUrl\":\"https:\\\/\\\/pno.ca\\\/fr-ca\\\/wp-content\\\/uploads\\\/sites\\\/2\\\/2026\\\/01\\\/pno_logo.svg\",\"width\":442,\"height\":100,\"caption\":\"Preferred Nutrition FR\"},\"image\":{\"@id\":\"https:\\\/\\\/pno.ca\\\/fr-ca\\\/#\\\/schema\\\/logo\\\/image\\\/\"}}]}<\/script>\n<!-- \/ Yoast SEO plugin. -->","yoast_head_json":{"title":"B12 M\u00e9thylcobalamine 2\u00a0500\u00a0mcg - Preferred Nutrition FR","robots":{"index":"index","follow":"follow","max-snippet":"max-snippet:-1","max-image-preview":"max-image-preview:large","max-video-preview":"max-video-preview:-1"},"canonical":"https:\/\/pno.ca\/fr-ca\/product\/vitamin-b12-methylcobalamin-2500-mcg\/","og_locale":"fr_CA","og_type":"article","og_title":"B12 M\u00e9thylcobalamine 2\u00a0500\u00a0mcg - Preferred Nutrition FR","og_description":"B12 M\u00e9thylcobalamine de Preferred Nutrition fournit la forme biologiquement active de la vitamine B12 sous forme de comprim\u00e9s sublinguaux \u00e0 dissolution rapide. Un comprim\u00e9 par jour fournit 2\u00a0500\u00a0mcg de vitamine B12 pour aider \u00e0 maintenir le m\u00e9tabolisme \u00e9nerg\u00e9tique dans le corps et \u00e0 pr\u00e9venir une carence en vitamine B12. Cette formule sans gluten convient aux v\u00e9g\u00e9tariens et v\u00e9g\u00e9taliens.   Favorise le m\u00e9tabolisme \u00e9nerg\u00e9tique du corps Contribue au fonctionnement normal du syst\u00e8me immunitaire Aide \u00e0 la formation des globules rouges Aide \u00e0 maintenir un m\u00e9tabolisme sain et la capacit\u00e9 du corps \u00e0 m\u00e9taboliser les nutriments Aide \u00e0 pr\u00e9venir la carence en vitamine B12","og_url":"https:\/\/pno.ca\/fr-ca\/product\/vitamin-b12-methylcobalamin-2500-mcg\/","og_site_name":"Preferred Nutrition FR","article_modified_time":"2026-04-13T17:01:10+00:00","og_image":[{"width":600,"height":600,"url":"https:\/\/pno.ca\/fr-ca\/wp-content\/uploads\/sites\/2\/2026\/03\/pn0682__image-hi-res__b12-methylcobalamin__2269712.png","type":"image\/png"}],"twitter_card":"summary_large_image","twitter_misc":{"Est. reading time":"1 minute"},"schema":{"@context":"https:\/\/schema.org","@graph":[{"@type":"WebPage","@id":"https:\/\/pno.ca\/fr-ca\/product\/vitamin-b12-methylcobalamin-2500-mcg\/","url":"https:\/\/pno.ca\/fr-ca\/product\/vitamin-b12-methylcobalamin-2500-mcg\/","name":"B12 M\u00e9thylcobalamine 2\u00a0500\u00a0mcg - Preferred Nutrition FR","isPartOf":{"@id":"https:\/\/pno.ca\/fr-ca\/#website"},"primaryImageOfPage":{"@id":"https:\/\/pno.ca\/fr-ca\/product\/vitamin-b12-methylcobalamin-2500-mcg\/#primaryimage"},"image":{"@id":"https:\/\/pno.ca\/fr-ca\/product\/vitamin-b12-methylcobalamin-2500-mcg\/#primaryimage"},"thumbnailUrl":"https:\/\/pno.ca\/fr-ca\/wp-content\/uploads\/sites\/2\/2026\/03\/pn0682__image-hi-res__b12-methylcobalamin__2269712.png","datePublished":"2026-04-13T17:01:04+00:00","dateModified":"2026-04-13T17:01:10+00:00","breadcrumb":{"@id":"https:\/\/pno.ca\/fr-ca\/product\/vitamin-b12-methylcobalamin-2500-mcg\/#breadcrumb"},"inLanguage":"fr-CA","potentialAction":[{"@type":"ReadAction","target":["https:\/\/pno.ca\/fr-ca\/product\/vitamin-b12-methylcobalamin-2500-mcg\/"]}]},{"@type":"ImageObject","inLanguage":"fr-CA","@id":"https:\/\/pno.ca\/fr-ca\/product\/vitamin-b12-methylcobalamin-2500-mcg\/#primaryimage","url":"https:\/\/pno.ca\/fr-ca\/wp-content\/uploads\/sites\/2\/2026\/03\/pn0682__image-hi-res__b12-methylcobalamin__2269712.png","contentUrl":"https:\/\/pno.ca\/fr-ca\/wp-content\/uploads\/sites\/2\/2026\/03\/pn0682__image-hi-res__b12-methylcobalamin__2269712.png","width":600,"height":600,"caption":"B12 Mthylcobalamine - Hi-Res - PN0682"},{"@type":"BreadcrumbList","@id":"https:\/\/pno.ca\/fr-ca\/product\/vitamin-b12-methylcobalamin-2500-mcg\/#breadcrumb","itemListElement":[{"@type":"ListItem","position":1,"name":"Home","item":"https:\/\/pno.ca\/fr-ca\/"},{"@type":"ListItem","position":2,"name":"Produits","item":"https:\/\/pno.ca\/fr-ca\/products\/"},{"@type":"ListItem","position":3,"name":"B12 M\u00e9thylcobalamine 2\u00a0500\u00a0mcg"}]},{"@type":"WebSite","@id":"https:\/\/pno.ca\/fr-ca\/#website","url":"https:\/\/pno.ca\/fr-ca\/","name":"Preferred Nutrition FR","description":"","publisher":{"@id":"https:\/\/pno.ca\/fr-ca\/#organization"},"potentialAction":[{"@type":"SearchAction","target":{"@type":"EntryPoint","urlTemplate":"https:\/\/pno.ca\/fr-ca\/?s={search_term_string}"},"query-input":{"@type":"PropertyValueSpecification","valueRequired":true,"valueName":"search_term_string"}}],"inLanguage":"fr-CA"},{"@type":"Organization","@id":"https:\/\/pno.ca\/fr-ca\/#organization","name":"Preferred Nutrition FR","url":"https:\/\/pno.ca\/fr-ca\/","logo":{"@type":"ImageObject","inLanguage":"fr-CA","@id":"https:\/\/pno.ca\/fr-ca\/#\/schema\/logo\/image\/","url":"https:\/\/pno.ca\/fr-ca\/wp-content\/uploads\/sites\/2\/2026\/01\/pno_logo.svg","contentUrl":"https:\/\/pno.ca\/fr-ca\/wp-content\/uploads\/sites\/2\/2026\/01\/pno_logo.svg","width":442,"height":100,"caption":"Preferred Nutrition FR"},"image":{"@id":"https:\/\/pno.ca\/fr-ca\/#\/schema\/logo\/image\/"}}]}},"acf":[],"spectra_custom_meta":{"total_sales":["0"],"_stock_status":["instock"],"_wc_review_count":["0"],"_wc_rating_count":["0"],"_wc_average_rating":["0"],"_sku":["PN0682"],"_tax_status":["none"],"_tax_class":[""],"_manage_stock":["no"],"_backorders":["no"],"_sold_individually":["no"],"_virtual":["no"],"_downloadable":["no"],"_download_limit":["-1"],"_download_expiry":["-1"],"_stock":[null],"_product_attributes":["a:1:{s:4:\"size\";a:6:{s:4:\"name\";s:4:\"Size\";s:5:\"value\";s:54:\"90\u00a0comprim\u00e9s sublinguaux|180\u00a0comprim\u00e9s sublinguaux\";s:8:\"position\";i:0;s:10:\"is_visible\";b:1;s:12:\"is_variation\";b:1;s:11:\"is_taxonomy\";b:0;}}"],"_product_version":["10.6.2"],"__is_newly_created_product":[""],"__first_variation_id":["2838"],"_product_id":["field_668afd01d6a11"],"product_id":["AN-CA-6-28826-00682-4"],"_subtitle":["field_68bb7abccd685"],"subtitle":[""],"_body":["field_66652d1802dae"],"body":[""],"_excerpt":["field_66652d2f02daf"],"excerpt":[""],"_marketing_summary":["field_68bb7bb6cd689"],"marketing_summary":["B12 M\u00e9thylcobalamine de Preferred Nutrition fournit la forme biologiquement active de la vitamine B12 sous forme de comprim\u00e9s sublinguaux \u00e0 dissolution rapide. Un comprim\u00e9 par jour fournit 2\u00a0500\u00a0mcg de vitamine B12 pour aider \u00e0 maintenir le m\u00e9tabolisme \u00e9nerg\u00e9tique dans le corps et \u00e0 pr\u00e9venir une carence en vitamine B12. Cette formule sans gluten convient aux v\u00e9g\u00e9tariens et v\u00e9g\u00e9taliens."],"_medicinal_ingredients":["field_66652dba0405a"],"medicinal_ingredients":["<table class=\"fg-table\" border=\"1\" collapse=\"collapse\"> <tr> <td colspan=\"2\"><b>Chaque comprim\u00e9 contient&nbsp;:<\/b><\/td> <\/tr> <tr> <td colspan=\"2\"><b>Ingr\u00e9dient m\u00e9dicinal&nbsp;:<\/b><\/td> <\/tr> <tr> <td colspan=\"1\">Vitamine B12 (m\u00e9thylcobalamine) <\/td> <td> 2&nbsp;500&nbsp;mcg<\/td> <\/tr> <\/tbody> <\/table>"],"_non_medicinal_ingredients":["field_66652dd456ed8"],"non_medicinal_ingredients":["mannitol, croscarmellose sodique, st\u00e9arate de magn\u00e9sium d\u2019origine v\u00e9g\u00e9tale (lubrifiant), ar\u00f4me naturel."],"_recommended_purpose":["field_68bb7b43cd688"],"recommended_purpose":["<ul><li>Soutient le m\u00e9tabolisme \u00e9nerg\u00e9tique.<\/li><li>Soutient le syst\u00e8me immunitaire.<\/li><li>Aide \u00e0 la formation des globules rouges.<\/li><li>Contribue au maintien du bon m\u00e9tabolisme.<\/li><\/ul>"],"_recommended_dose":["field_6665306d56edd"],"recommended_dose":["<b>Posologie recommand\u00e9e (adultes)\u00a0:\u00a0<\/b>Laisser fondre 1\u00a0comprim\u00e9 par jour sur ou sous la langue ou suivre les recommandations d\u2019un praticien de la sant\u00e9. Consulter un praticien de la sant\u00e9 pour un usage au-del\u00e0 de 6\u00a0mois."],"_allergen_statement":["field_66652e0e56ed9"],"allergen_statement":["Ce produit ne contient pas d\u2019agents de conservation, colorants ou \u00e9dulcorants artificiels ; sans produits laitiers, amidon, bl\u00e9, gluten, levure, soja, \u0153ufs, poissons, fruits de mer, produits animaux, sel, noix ni g\u00e8nes ou prot\u00e9ines g\u00e9n\u00e9tiquement modifi\u00e9s. Convient aux v\u00e9g\u00e9tariens et v\u00e9g\u00e9taliens."],"_label_caution":["field_6665307456ede"],"label_caution":["Consulter un praticien de la sant\u00e9 avant l\u2019usage si vous \u00eates enceinte ou si vous allaitez. Conserver hors de la port\u00e9e des enfants."],"_strength":["field_6665304656eda"],"strength":["2\u00a0500\u00a0mcg"],"_flavour":["field_6665305356edb"],"flavour":[""],"_form":["field_6665305a56edc"],"form":["comprim\u00e9s sublinguaux"],"_npn":["field_68bb7ac9cd686"],"npn":["80113780"],"_costco_product":["field_68bb7b36cd687"],"costco_product":[""],"_alt_lang_handle":["field_68bb7bc7cd68a"],"alt_lang_handle":["vitamin-b12-methylcobalamin-2500-mcg"],"_wp_page_template":["default"],"_thumbnail_id":["3363"],"_product_image_gallery":[""],"_default_attributes":["a:1:{s:4:\"size\";s:26:\"90\u00a0comprim\u00e9s sublinguaux\";}"],"_price":["1"],"_uag_css_file_name":["uag-css-2837.css"]},"uagb_featured_image_src":{"full":["https:\/\/pno.ca\/fr-ca\/wp-content\/uploads\/sites\/2\/2026\/03\/pn0682__image-hi-res__b12-methylcobalamin__2269712.png",600,600,false],"thumbnail":["https:\/\/pno.ca\/fr-ca\/wp-content\/uploads\/sites\/2\/2026\/03\/pn0682__image-hi-res__b12-methylcobalamin__2269712-150x150.png",150,150,true],"medium":["https:\/\/pno.ca\/fr-ca\/wp-content\/uploads\/sites\/2\/2026\/03\/pn0682__image-hi-res__b12-methylcobalamin__2269712-300x300.png",300,300,true],"medium_large":["https:\/\/pno.ca\/fr-ca\/wp-content\/uploads\/sites\/2\/2026\/03\/pn0682__image-hi-res__b12-methylcobalamin__2269712.png",600,600,false],"large":["https:\/\/pno.ca\/fr-ca\/wp-content\/uploads\/sites\/2\/2026\/03\/pn0682__image-hi-res__b12-methylcobalamin__2269712.png",600,600,false],"1536x1536":["https:\/\/pno.ca\/fr-ca\/wp-content\/uploads\/sites\/2\/2026\/03\/pn0682__image-hi-res__b12-methylcobalamin__2269712.png",600,600,false],"2048x2048":["https:\/\/pno.ca\/fr-ca\/wp-content\/uploads\/sites\/2\/2026\/03\/pn0682__image-hi-res__b12-methylcobalamin__2269712.png",600,600,false],"gform-image-choice-sm":["https:\/\/pno.ca\/fr-ca\/wp-content\/uploads\/sites\/2\/2026\/03\/pn0682__image-hi-res__b12-methylcobalamin__2269712.png",300,300,false],"gform-image-choice-md":["https:\/\/pno.ca\/fr-ca\/wp-content\/uploads\/sites\/2\/2026\/03\/pn0682__image-hi-res__b12-methylcobalamin__2269712.png",400,400,false],"gform-image-choice-lg":["https:\/\/pno.ca\/fr-ca\/wp-content\/uploads\/sites\/2\/2026\/03\/pn0682__image-hi-res__b12-methylcobalamin__2269712.png",600,600,false],"woocommerce_thumbnail":["https:\/\/pno.ca\/fr-ca\/wp-content\/uploads\/sites\/2\/2026\/03\/pn0682__image-hi-res__b12-methylcobalamin__2269712.png",600,600,false],"woocommerce_single":["https:\/\/pno.ca\/fr-ca\/wp-content\/uploads\/sites\/2\/2026\/03\/pn0682__image-hi-res__b12-methylcobalamin__2269712.png",600,600,false],"woocommerce_gallery_thumbnail":["https:\/\/pno.ca\/fr-ca\/wp-content\/uploads\/sites\/2\/2026\/03\/pn0682__image-hi-res__b12-methylcobalamin__2269712-100x100.png",100,100,true]},"uagb_author_info":{"display_name":"Shiva","author_link":"https:\/\/pno.ca\/fr-ca\/blog\/author\/"},"uagb_comment_info":0,"uagb_excerpt":"B12 M\u00e9thylcobalamine de Preferred Nutrition fournit la forme biologiquement active de la vitamine B12 sous forme de comprim\u00e9s sublinguaux \u00e0 dissolution rapide. Un comprim\u00e9 par jour fournit 2\u00a0500\u00a0mcg de vitamine B12 pour aider \u00e0 maintenir le m\u00e9tabolisme \u00e9nerg\u00e9tique dans le corps et \u00e0 pr\u00e9venir une carence en vitamine B12. Cette formule sans gluten convient aux&hellip;","_links":{"self":[{"href":"https:\/\/pno.ca\/fr-ca\/wp-json\/wp\/v2\/product\/2837","targetHints":{"allow":["GET"]}}],"collection":[{"href":"https:\/\/pno.ca\/fr-ca\/wp-json\/wp\/v2\/product"}],"about":[{"href":"https:\/\/pno.ca\/fr-ca\/wp-json\/wp\/v2\/types\/product"}],"wp:featuredmedia":[{"embeddable":true,"href":"https:\/\/pno.ca\/fr-ca\/wp-json\/wp\/v2\/media\/3363"}],"wp:attachment":[{"href":"https:\/\/pno.ca\/fr-ca\/wp-json\/wp\/v2\/media?parent=2837"}],"wp:term":[{"taxonomy":"benefit","embeddable":true,"href":"https:\/\/pno.ca\/fr-ca\/wp-json\/wp\/v2\/benefit?post=2837"},{"taxonomy":"product_brand","embeddable":true,"href":"https:\/\/pno.ca\/fr-ca\/wp-json\/wp\/v2\/product_brand?post=2837"},{"taxonomy":"product_cat","embeddable":true,"href":"https:\/\/pno.ca\/fr-ca\/wp-json\/wp\/v2\/product_cat?post=2837"},{"taxonomy":"product_tag","embeddable":true,"href":"https:\/\/pno.ca\/fr-ca\/wp-json\/wp\/v2\/product_tag?post=2837"}],"curies":[{"name":"wp","href":"https:\/\/api.w.org\/{rel}","templated":true}]}}