{"id":2847,"date":"2026-04-07T15:26:36","date_gmt":"2026-04-07T22:26:36","guid":{"rendered":"http:\/\/pnocanada.local\/product\/maximum-strength-omega-3\/"},"modified":"2026-04-07T15:26:42","modified_gmt":"2026-04-07T22:26:42","slug":"maximum-strength-omega-3","status":"publish","type":"product","link":"https:\/\/pno.ca\/fr-ca\/product\/maximum-strength-omega-3\/","title":{"rendered":"Om\u00e9ga-3 puissance maximale g\u00e9lules"},"content":{"rendered":"<div class=\"fg-summary\">\n\tOm\u00e9ga-3 Puissance maximale de Preferred Nutrition est un suppl\u00e9ment d\u2019om\u00e9ga-3 tr\u00e8s puissant, \u00e0 prendre une fois par jour, qui soutient la sant\u00e9 cognitive, les fonctions c\u00e9r\u00e9brales et la sant\u00e9 cardiovasculaire. Chaque dose quotidienne fournit 900 mg d\u2019acides gras om\u00e9ga-3 AEP et ADH, d\u00e9riv\u00e9s d\u2019huile de poissons purifi\u00e9e et provenant de source durable. Les g\u00e9lules ent\u00e9riques am\u00e9liorent l\u2019absorption et pr\u00e9viennent l\u2019arri\u00e8re-go\u00fbt de poisson.\n<\/div>\n<ul class=\"fg-features\">\n<li>Favorise la sant\u00e9 cognitive, la fonction c\u00e9r\u00e9brale et la sant\u00e9 cardiovasculaire<\/li>\n<li>Source d\u2019acides gras om\u00e9ga-3 AEP et ADH pour le maintien d\u2019une bonne sant\u00e9<\/li>\n<li>Contribue \u00e0 un bon \u00e9quilibre de l\u2019humeur<\/li>\n<li>Aide \u00e0 r\u00e9duire les triglyc\u00e9rides\/triacylglyc\u00e9rols s\u00e9riques<\/li>\n<li>Permet de r\u00e9duire la douleur de la polyarthrite rhumato\u00efde chez l\u2019adulte, en compl\u00e9ment d\u2019un traitement conventionnel<\/li>\n<li>Contribue \u00e0 r\u00e9duire les proc\u00e9d\u00e9s inflammatoires dans le corps<\/li>\n<\/ul>\n","protected":false},"excerpt":{"rendered":"<div class=\"fg-summary\">\n\tOm\u00e9ga-3 Puissance maximale de Preferred Nutrition est un suppl\u00e9ment d\u2019om\u00e9ga-3 tr\u00e8s puissant, \u00e0 prendre une fois par jour, qui soutient la sant\u00e9 cognitive, les fonctions c\u00e9r\u00e9brales et la sant\u00e9 cardiovasculaire. Chaque dose quotidienne fournit 900 mg d\u2019acides gras om\u00e9ga-3 AEP et ADH, d\u00e9riv\u00e9s d\u2019huile de poissons purifi\u00e9e et provenant de source durable. Les g\u00e9lules ent\u00e9riques am\u00e9liorent l\u2019absorption et pr\u00e9viennent l\u2019arri\u00e8re-go\u00fbt de poisson.\n<\/div>\n<ul class=\"fg-features\">\n<li>Favorise la sant\u00e9 cognitive, la fonction c\u00e9r\u00e9brale et la sant\u00e9 cardiovasculaire<\/li>\n<li>Source d\u2019acides gras om\u00e9ga-3 AEP et ADH pour le maintien d\u2019une bonne sant\u00e9<\/li>\n<li>Contribue \u00e0 un bon \u00e9quilibre de l\u2019humeur<\/li>\n<li>Aide \u00e0 r\u00e9duire les triglyc\u00e9rides\/triacylglyc\u00e9rols s\u00e9riques<\/li>\n<li>Permet de r\u00e9duire la douleur de la polyarthrite rhumato\u00efde chez l\u2019adulte, en compl\u00e9ment d\u2019un traitement conventionnel<\/li>\n<li>Contribue \u00e0 r\u00e9duire les proc\u00e9d\u00e9s inflammatoires dans le corps<\/li>\n<\/ul>\n","protected":false},"featured_media":3368,"template":"","meta":{"_acf_changed":false,"_uag_custom_page_level_css":"","site-sidebar-layout":"default","site-content-layout":"","ast-site-content-layout":"default","site-content-style":"default","site-sidebar-style":"default","ast-global-header-display":"","ast-banner-title-visibility":"","ast-main-header-display":"","ast-hfb-above-header-display":"","ast-hfb-below-header-display":"","ast-hfb-mobile-header-display":"","site-post-title":"","ast-breadcrumbs-content":"","ast-featured-img":"","footer-sml-layout":"","ast-disable-related-posts":"","theme-transparent-header-meta":"","adv-header-id-meta":"","stick-header-meta":"","header-above-stick-meta":"","header-main-stick-meta":"","header-below-stick-meta":"","astra-migrate-meta-layouts":"default","ast-page-background-enabled":"default","ast-page-background-meta":{"desktop":{"background-color":"var(--ast-global-color-4)","background-image":"","background-repeat":"repeat","background-position":"center center","background-size":"auto","background-attachment":"scroll","background-type":"","background-media":"","overlay-type":"","overlay-color":"","overlay-opacity":"","overlay-gradient":""},"tablet":{"background-color":"","background-image":"","background-repeat":"repeat","background-position":"center center","background-size":"auto","background-attachment":"scroll","background-type":"","background-media":"","overlay-type":"","overlay-color":"","overlay-opacity":"","overlay-gradient":""},"mobile":{"background-color":"","background-image":"","background-repeat":"repeat","background-position":"center center","background-size":"auto","background-attachment":"scroll","background-type":"","background-media":"","overlay-type":"","overlay-color":"","overlay-opacity":"","overlay-gradient":""}},"ast-content-background-meta":{"desktop":{"background-color":"var(--ast-global-color-5)","background-image":"","background-repeat":"repeat","background-position":"center center","background-size":"auto","background-attachment":"scroll","background-type":"","background-media":"","overlay-type":"","overlay-color":"","overlay-opacity":"","overlay-gradient":""},"tablet":{"background-color":"var(--ast-global-color-5)","background-image":"","background-repeat":"repeat","background-position":"center center","background-size":"auto","background-attachment":"scroll","background-type":"","background-media":"","overlay-type":"","overlay-color":"","overlay-opacity":"","overlay-gradient":""},"mobile":{"background-color":"var(--ast-global-color-5)","background-image":"","background-repeat":"repeat","background-position":"center center","background-size":"auto","background-attachment":"scroll","background-type":"","background-media":"","overlay-type":"","overlay-color":"","overlay-opacity":"","overlay-gradient":""}}},"benefit":[379,378],"product_brand":[],"product_cat":[347,346],"product_tag":[170],"class_list":{"0":"post-2847","1":"product","2":"type-product","3":"status-publish","4":"has-post-thumbnail","6":"benefit-sante-cognitive","7":"benefit-sante-du-coeur","8":"product_cat-omega-3-source-marine","9":"product_cat-omegas-acides-gras","10":"product_tag-active","11":"desktop-align-center","12":"tablet-align-center","13":"mobile-align-center","14":"ast-product-gallery-layout-horizontal-slider","15":"ast-product-gallery-with-no-image","16":"ast-magnify-disabled","17":"ast-product-single-variable","19":"first","20":"instock","21":"product-type-variable","22":"has-default-attributes"},"yoast_head":"<!-- This site is optimized with the Yoast SEO plugin v27.3 - https:\/\/yoast.com\/product\/yoast-seo-wordpress\/ -->\n<title>Om\u00e9ga-3 puissance maximale g\u00e9lules - Preferred Nutrition FR<\/title>\n<meta name=\"robots\" content=\"index, follow, max-snippet:-1, max-image-preview:large, max-video-preview:-1\" \/>\n<link rel=\"canonical\" href=\"https:\/\/pno.ca\/fr-ca\/product\/maximum-strength-omega-3\/\" \/>\n<meta property=\"og:locale\" content=\"fr_CA\" \/>\n<meta property=\"og:type\" content=\"article\" \/>\n<meta property=\"og:title\" content=\"Om\u00e9ga-3 puissance maximale g\u00e9lules - Preferred Nutrition FR\" \/>\n<meta property=\"og:description\" content=\"Om\u00e9ga-3 Puissance maximale de Preferred Nutrition est un suppl\u00e9ment d\u2019om\u00e9ga-3 tr\u00e8s puissant, \u00e0 prendre une fois par jour, qui soutient la sant\u00e9 cognitive, les fonctions c\u00e9r\u00e9brales et la sant\u00e9 cardiovasculaire. Chaque dose quotidienne fournit 900 mg d\u2019acides gras om\u00e9ga-3 AEP et ADH, d\u00e9riv\u00e9s d\u2019huile de poissons purifi\u00e9e et provenant de source durable. Les g\u00e9lules ent\u00e9riques am\u00e9liorent l\u2019absorption et pr\u00e9viennent l\u2019arri\u00e8re-go\u00fbt de poisson.   Favorise la sant\u00e9 cognitive, la fonction c\u00e9r\u00e9brale et la sant\u00e9 cardiovasculaire Source d\u2019acides gras om\u00e9ga-3 AEP et ADH pour le maintien d\u2019une bonne sant\u00e9 Contribue \u00e0 un bon \u00e9quilibre de l\u2019humeur Aide \u00e0 r\u00e9duire les triglyc\u00e9rides\/triacylglyc\u00e9rols s\u00e9riques Permet de r\u00e9duire la douleur de la polyarthrite rhumato\u00efde chez l\u2019adulte, en compl\u00e9ment d\u2019un traitement conventionnel Contribue \u00e0 r\u00e9duire les proc\u00e9d\u00e9s inflammatoires dans le corps\" \/>\n<meta property=\"og:url\" content=\"https:\/\/pno.ca\/fr-ca\/product\/maximum-strength-omega-3\/\" \/>\n<meta property=\"og:site_name\" content=\"Preferred Nutrition FR\" \/>\n<meta property=\"article:modified_time\" content=\"2026-04-07T22:26:42+00:00\" \/>\n<meta property=\"og:image\" content=\"https:\/\/pno.ca\/fr-ca\/wp-content\/uploads\/sites\/2\/2026\/03\/pn0639__image-hi-res__omega-3-maximum-strength-900-mg__2801380.png\" \/>\n\t<meta property=\"og:image:width\" content=\"600\" \/>\n\t<meta property=\"og:image:height\" content=\"600\" \/>\n\t<meta property=\"og:image:type\" content=\"image\/png\" \/>\n<meta name=\"twitter:card\" content=\"summary_large_image\" \/>\n<meta name=\"twitter:label1\" content=\"Est. reading time\" \/>\n\t<meta name=\"twitter:data1\" content=\"1 minute\" \/>\n<script type=\"application\/ld+json\" class=\"yoast-schema-graph\">{\"@context\":\"https:\\\/\\\/schema.org\",\"@graph\":[{\"@type\":\"WebPage\",\"@id\":\"https:\\\/\\\/pno.ca\\\/fr-ca\\\/product\\\/maximum-strength-omega-3\\\/\",\"url\":\"https:\\\/\\\/pno.ca\\\/fr-ca\\\/product\\\/maximum-strength-omega-3\\\/\",\"name\":\"Om\u00e9ga-3 puissance maximale g\u00e9lules - Preferred Nutrition FR\",\"isPartOf\":{\"@id\":\"https:\\\/\\\/pno.ca\\\/fr-ca\\\/#website\"},\"primaryImageOfPage\":{\"@id\":\"https:\\\/\\\/pno.ca\\\/fr-ca\\\/product\\\/maximum-strength-omega-3\\\/#primaryimage\"},\"image\":{\"@id\":\"https:\\\/\\\/pno.ca\\\/fr-ca\\\/product\\\/maximum-strength-omega-3\\\/#primaryimage\"},\"thumbnailUrl\":\"https:\\\/\\\/pno.ca\\\/fr-ca\\\/wp-content\\\/uploads\\\/sites\\\/2\\\/2026\\\/03\\\/pn0639__image-hi-res__omega-3-maximum-strength-900-mg__2801380.png\",\"datePublished\":\"2026-04-07T22:26:36+00:00\",\"dateModified\":\"2026-04-07T22:26:42+00:00\",\"breadcrumb\":{\"@id\":\"https:\\\/\\\/pno.ca\\\/fr-ca\\\/product\\\/maximum-strength-omega-3\\\/#breadcrumb\"},\"inLanguage\":\"fr-CA\",\"potentialAction\":[{\"@type\":\"ReadAction\",\"target\":[\"https:\\\/\\\/pno.ca\\\/fr-ca\\\/product\\\/maximum-strength-omega-3\\\/\"]}]},{\"@type\":\"ImageObject\",\"inLanguage\":\"fr-CA\",\"@id\":\"https:\\\/\\\/pno.ca\\\/fr-ca\\\/product\\\/maximum-strength-omega-3\\\/#primaryimage\",\"url\":\"https:\\\/\\\/pno.ca\\\/fr-ca\\\/wp-content\\\/uploads\\\/sites\\\/2\\\/2026\\\/03\\\/pn0639__image-hi-res__omega-3-maximum-strength-900-mg__2801380.png\",\"contentUrl\":\"https:\\\/\\\/pno.ca\\\/fr-ca\\\/wp-content\\\/uploads\\\/sites\\\/2\\\/2026\\\/03\\\/pn0639__image-hi-res__omega-3-maximum-strength-900-mg__2801380.png\",\"width\":600,\"height\":600,\"caption\":\"Omga-3 Puissance maximale 900 mg - Hi-Res - PN0639\"},{\"@type\":\"BreadcrumbList\",\"@id\":\"https:\\\/\\\/pno.ca\\\/fr-ca\\\/product\\\/maximum-strength-omega-3\\\/#breadcrumb\",\"itemListElement\":[{\"@type\":\"ListItem\",\"position\":1,\"name\":\"Home\",\"item\":\"https:\\\/\\\/pno.ca\\\/fr-ca\\\/\"},{\"@type\":\"ListItem\",\"position\":2,\"name\":\"Produits\",\"item\":\"https:\\\/\\\/pno.ca\\\/fr-ca\\\/products\\\/\"},{\"@type\":\"ListItem\",\"position\":3,\"name\":\"Om\u00e9ga-3 puissance maximale g\u00e9lules\"}]},{\"@type\":\"WebSite\",\"@id\":\"https:\\\/\\\/pno.ca\\\/fr-ca\\\/#website\",\"url\":\"https:\\\/\\\/pno.ca\\\/fr-ca\\\/\",\"name\":\"Preferred Nutrition FR\",\"description\":\"\",\"publisher\":{\"@id\":\"https:\\\/\\\/pno.ca\\\/fr-ca\\\/#organization\"},\"potentialAction\":[{\"@type\":\"SearchAction\",\"target\":{\"@type\":\"EntryPoint\",\"urlTemplate\":\"https:\\\/\\\/pno.ca\\\/fr-ca\\\/?s={search_term_string}\"},\"query-input\":{\"@type\":\"PropertyValueSpecification\",\"valueRequired\":true,\"valueName\":\"search_term_string\"}}],\"inLanguage\":\"fr-CA\"},{\"@type\":\"Organization\",\"@id\":\"https:\\\/\\\/pno.ca\\\/fr-ca\\\/#organization\",\"name\":\"Preferred Nutrition FR\",\"url\":\"https:\\\/\\\/pno.ca\\\/fr-ca\\\/\",\"logo\":{\"@type\":\"ImageObject\",\"inLanguage\":\"fr-CA\",\"@id\":\"https:\\\/\\\/pno.ca\\\/fr-ca\\\/#\\\/schema\\\/logo\\\/image\\\/\",\"url\":\"https:\\\/\\\/pno.ca\\\/fr-ca\\\/wp-content\\\/uploads\\\/sites\\\/2\\\/2026\\\/01\\\/pno_logo.svg\",\"contentUrl\":\"https:\\\/\\\/pno.ca\\\/fr-ca\\\/wp-content\\\/uploads\\\/sites\\\/2\\\/2026\\\/01\\\/pno_logo.svg\",\"width\":442,\"height\":100,\"caption\":\"Preferred Nutrition FR\"},\"image\":{\"@id\":\"https:\\\/\\\/pno.ca\\\/fr-ca\\\/#\\\/schema\\\/logo\\\/image\\\/\"}}]}<\/script>\n<!-- \/ Yoast SEO plugin. -->","yoast_head_json":{"title":"Om\u00e9ga-3 puissance maximale g\u00e9lules - Preferred Nutrition FR","robots":{"index":"index","follow":"follow","max-snippet":"max-snippet:-1","max-image-preview":"max-image-preview:large","max-video-preview":"max-video-preview:-1"},"canonical":"https:\/\/pno.ca\/fr-ca\/product\/maximum-strength-omega-3\/","og_locale":"fr_CA","og_type":"article","og_title":"Om\u00e9ga-3 puissance maximale g\u00e9lules - Preferred Nutrition FR","og_description":"Om\u00e9ga-3 Puissance maximale de Preferred Nutrition est un suppl\u00e9ment d\u2019om\u00e9ga-3 tr\u00e8s puissant, \u00e0 prendre une fois par jour, qui soutient la sant\u00e9 cognitive, les fonctions c\u00e9r\u00e9brales et la sant\u00e9 cardiovasculaire. Chaque dose quotidienne fournit 900 mg d\u2019acides gras om\u00e9ga-3 AEP et ADH, d\u00e9riv\u00e9s d\u2019huile de poissons purifi\u00e9e et provenant de source durable. Les g\u00e9lules ent\u00e9riques am\u00e9liorent l\u2019absorption et pr\u00e9viennent l\u2019arri\u00e8re-go\u00fbt de poisson.   Favorise la sant\u00e9 cognitive, la fonction c\u00e9r\u00e9brale et la sant\u00e9 cardiovasculaire Source d\u2019acides gras om\u00e9ga-3 AEP et ADH pour le maintien d\u2019une bonne sant\u00e9 Contribue \u00e0 un bon \u00e9quilibre de l\u2019humeur Aide \u00e0 r\u00e9duire les triglyc\u00e9rides\/triacylglyc\u00e9rols s\u00e9riques Permet de r\u00e9duire la douleur de la polyarthrite rhumato\u00efde chez l\u2019adulte, en compl\u00e9ment d\u2019un traitement conventionnel Contribue \u00e0 r\u00e9duire les proc\u00e9d\u00e9s inflammatoires dans le corps","og_url":"https:\/\/pno.ca\/fr-ca\/product\/maximum-strength-omega-3\/","og_site_name":"Preferred Nutrition FR","article_modified_time":"2026-04-07T22:26:42+00:00","og_image":[{"width":600,"height":600,"url":"https:\/\/pno.ca\/fr-ca\/wp-content\/uploads\/sites\/2\/2026\/03\/pn0639__image-hi-res__omega-3-maximum-strength-900-mg__2801380.png","type":"image\/png"}],"twitter_card":"summary_large_image","twitter_misc":{"Est. reading time":"1 minute"},"schema":{"@context":"https:\/\/schema.org","@graph":[{"@type":"WebPage","@id":"https:\/\/pno.ca\/fr-ca\/product\/maximum-strength-omega-3\/","url":"https:\/\/pno.ca\/fr-ca\/product\/maximum-strength-omega-3\/","name":"Om\u00e9ga-3 puissance maximale g\u00e9lules - Preferred Nutrition FR","isPartOf":{"@id":"https:\/\/pno.ca\/fr-ca\/#website"},"primaryImageOfPage":{"@id":"https:\/\/pno.ca\/fr-ca\/product\/maximum-strength-omega-3\/#primaryimage"},"image":{"@id":"https:\/\/pno.ca\/fr-ca\/product\/maximum-strength-omega-3\/#primaryimage"},"thumbnailUrl":"https:\/\/pno.ca\/fr-ca\/wp-content\/uploads\/sites\/2\/2026\/03\/pn0639__image-hi-res__omega-3-maximum-strength-900-mg__2801380.png","datePublished":"2026-04-07T22:26:36+00:00","dateModified":"2026-04-07T22:26:42+00:00","breadcrumb":{"@id":"https:\/\/pno.ca\/fr-ca\/product\/maximum-strength-omega-3\/#breadcrumb"},"inLanguage":"fr-CA","potentialAction":[{"@type":"ReadAction","target":["https:\/\/pno.ca\/fr-ca\/product\/maximum-strength-omega-3\/"]}]},{"@type":"ImageObject","inLanguage":"fr-CA","@id":"https:\/\/pno.ca\/fr-ca\/product\/maximum-strength-omega-3\/#primaryimage","url":"https:\/\/pno.ca\/fr-ca\/wp-content\/uploads\/sites\/2\/2026\/03\/pn0639__image-hi-res__omega-3-maximum-strength-900-mg__2801380.png","contentUrl":"https:\/\/pno.ca\/fr-ca\/wp-content\/uploads\/sites\/2\/2026\/03\/pn0639__image-hi-res__omega-3-maximum-strength-900-mg__2801380.png","width":600,"height":600,"caption":"Omga-3 Puissance maximale 900 mg - Hi-Res - PN0639"},{"@type":"BreadcrumbList","@id":"https:\/\/pno.ca\/fr-ca\/product\/maximum-strength-omega-3\/#breadcrumb","itemListElement":[{"@type":"ListItem","position":1,"name":"Home","item":"https:\/\/pno.ca\/fr-ca\/"},{"@type":"ListItem","position":2,"name":"Produits","item":"https:\/\/pno.ca\/fr-ca\/products\/"},{"@type":"ListItem","position":3,"name":"Om\u00e9ga-3 puissance maximale g\u00e9lules"}]},{"@type":"WebSite","@id":"https:\/\/pno.ca\/fr-ca\/#website","url":"https:\/\/pno.ca\/fr-ca\/","name":"Preferred Nutrition FR","description":"","publisher":{"@id":"https:\/\/pno.ca\/fr-ca\/#organization"},"potentialAction":[{"@type":"SearchAction","target":{"@type":"EntryPoint","urlTemplate":"https:\/\/pno.ca\/fr-ca\/?s={search_term_string}"},"query-input":{"@type":"PropertyValueSpecification","valueRequired":true,"valueName":"search_term_string"}}],"inLanguage":"fr-CA"},{"@type":"Organization","@id":"https:\/\/pno.ca\/fr-ca\/#organization","name":"Preferred Nutrition FR","url":"https:\/\/pno.ca\/fr-ca\/","logo":{"@type":"ImageObject","inLanguage":"fr-CA","@id":"https:\/\/pno.ca\/fr-ca\/#\/schema\/logo\/image\/","url":"https:\/\/pno.ca\/fr-ca\/wp-content\/uploads\/sites\/2\/2026\/01\/pno_logo.svg","contentUrl":"https:\/\/pno.ca\/fr-ca\/wp-content\/uploads\/sites\/2\/2026\/01\/pno_logo.svg","width":442,"height":100,"caption":"Preferred Nutrition FR"},"image":{"@id":"https:\/\/pno.ca\/fr-ca\/#\/schema\/logo\/image\/"}}]}},"acf":[],"spectra_custom_meta":{"total_sales":["0"],"_stock_status":["instock"],"_wc_review_count":["0"],"_wc_rating_count":["0"],"_wc_average_rating":["0"],"_sku":["PN0639"],"_tax_status":["none"],"_tax_class":[""],"_manage_stock":["no"],"_backorders":["no"],"_sold_individually":["no"],"_virtual":["no"],"_downloadable":["no"],"_download_limit":["-1"],"_download_expiry":["-1"],"_stock":[null],"_product_attributes":["a:1:{s:4:\"size\";a:6:{s:4:\"name\";s:4:\"Size\";s:5:\"value\";s:12:\"90\u00a0g\u00e9lules\";s:8:\"position\";i:0;s:10:\"is_visible\";b:1;s:12:\"is_variation\";b:1;s:11:\"is_taxonomy\";b:0;}}"],"_product_version":["10.6.2"],"__is_newly_created_product":[""],"__first_variation_id":["2848"],"_product_id":["field_668afd01d6a11"],"product_id":["AN-CA-6-28826-00639-8"],"_subtitle":["field_68bb7abccd685"],"subtitle":[""],"_body":["field_66652d1802dae"],"body":[""],"_excerpt":["field_66652d2f02daf"],"excerpt":[""],"_marketing_summary":["field_68bb7bb6cd689"],"marketing_summary":["Om\u00e9ga-3 Puissance maximale de Preferred Nutrition est un suppl\u00e9ment d\u2019om\u00e9ga-3 tr\u00e8s puissant, \u00e0 prendre une fois par jour, qui soutient la sant\u00e9 cognitive, les fonctions c\u00e9r\u00e9brales et la sant\u00e9 cardiovasculaire. Chaque dose quotidienne fournit 900 mg d\u2019acides gras om\u00e9ga-3 AEP et ADH, d\u00e9riv\u00e9s d\u2019huile de poissons purifi\u00e9e et provenant de source durable. Les g\u00e9lules ent\u00e9riques am\u00e9liorent l\u2019absorption et pr\u00e9viennent l\u2019arri\u00e8re-go\u00fbt de poisson."],"_medicinal_ingredients":["field_66652dba0405a"],"medicinal_ingredients":["<table class=\"fg-table\" border=\"1\" collapse=\"collapse\"> <thead class=\"fg-head\"> <tr> <td colspan=\"2\"><b>Chaque g\u00e9lule ent\u00e9rique contient :<\/b><\/td> <\/tr> <tr> <td colspan=\"2\"><b>Ingr\u00e9dients m\u00e9dicinaux :<\/b><\/td> <\/tr> <\/thead> <tbody> <tr> <td colspan=\"1\">Huile de poissons (anchois, sardine et\/ou maquereau) <\/td> <td> 1&nbsp;425&nbsp;mg<\/td> <\/tr> <tr> <td colspan=\"1\">&nbsp;&nbsp;Acides gras om\u00e9ga-3 <\/td> <td> 900&nbsp;mg<\/td> <\/tr> <tr> <td colspan=\"1\">&nbsp;&nbsp;&nbsp;&nbsp;Acide eicosapenta\u00e9no\u00efque (AEP) <\/td> <td> 600&nbsp;mg<\/td> <\/tr> <tr> <td colspan=\"1\">&nbsp;&nbsp;&nbsp;&nbsp;Acide docosahexa\u00e9no\u00efque (ADH) <\/td> <td> 300&nbsp;mg<\/td> <\/tr> <\/tbody> <\/table>"],"_non_medicinal_ingredients":["field_66652dd456ed8"],"non_medicinal_ingredients":["G\u00e9lule ent\u00e9rique (g\u00e9latine, glyc\u00e9rine, eau, pectine, sorbitol), tocoph\u00e9rols naturels."],"_recommended_purpose":["field_68bb7b43cd688"],"recommended_purpose":["<ul><li>Soutient la sant\u00e9 cardiovasculaire, la sant\u00e9 cognitive et les fonctions c\u00e9r\u00e9brales.<\/li><li>Aide \u00e0 r\u00e9duire les taux de triglyc\u00e9rides s\u00e9riques et \u00e0 att\u00e9nuer les douleurs de l\u2019arthrite rhumato\u00efde lorsqu\u2019utilis\u00e9 de pair avec un traitement conventionnel.<\/li><li>Favorise le bon \u00e9quilibre de l\u2019humeur.<\/li><li>Source d\u2019acides gras om\u00e9ga-3, AEP et ADH, pour le maintien d\u2019une bonne sant\u00e9.<\/li><\/ul>"],"_recommended_dose":["field_6665306d56edd"],"recommended_dose":["<b>Posologie recommand\u00e9e (adultes) :<\/b> 1 g\u00e9lule ent\u00e9rique par jour ou suivre les recommandations d\u2019un praticien de la sant\u00e9. \n<br><b>Pour r\u00e9duire les triglyc\u00e9rides et l\u2019inflammation et pour favoriser l\u2019\u00e9quilibre de l\u2019humeur :<\/b> 2 g\u00e9lules par jour ou suivre les recommandations d\u2019un praticien de la sant\u00e9. \n<br><b>Pour le soulagement de l\u2019arthrite rhumato\u00efde :<\/b> 4 g\u00e9lules par jour ou suivre les recommandations d\u2019un praticien de la sant\u00e9."],"_allergen_statement":["field_66652e0e56ed9"],"allergen_statement":["Ce produit ne contient pas d\u2019agents de conservation, colorants ou \u00e9dulcorants artificiels ; sans produits laitiers, sucre, bl\u00e9, gluten, levure, soja, ma\u00efs, oeufs, fruits de mer, sel, noix ni g\u00e8nes ou prot\u00e9ines g\u00e9n\u00e9tiquement modifi\u00e9s."],"_label_caution":["field_6665307456ede"],"label_caution":["<b>Douleurs de l\u2019arthrite rhumato\u00efde :<\/b> Consulter un praticien de la sant\u00e9 si les sympt\u00f4mes s\u2019aggravent. \n<br><b>Bon \u00e9quilibre de l\u2019humeur :<\/b> Consulter un praticien de la sant\u00e9 avant l\u2019usage en cas de troubles psychologiques, tels que l\u2019anxi\u00e9t\u00e9 ou la d\u00e9pression. Conserver hors de la port\u00e9e des enfants."],"_strength":["field_6665304656eda"],"strength":["900\u00a0mg"],"_flavour":["field_6665305356edb"],"flavour":[""],"_form":["field_6665305a56edc"],"form":["g\u00e9lules"],"_npn":["field_68bb7ac9cd686"],"npn":["80021079"],"_costco_product":["field_68bb7b36cd687"],"costco_product":[""],"_alt_lang_handle":["field_68bb7bc7cd68a"],"alt_lang_handle":["maximum-strength-omega-3"],"_wp_page_template":["default"],"_thumbnail_id":["3368"],"_product_image_gallery":[""],"_default_attributes":["a:1:{s:4:\"size\";s:12:\"90\u00a0g\u00e9lules\";}"],"_price":["1"]},"uagb_featured_image_src":{"full":["https:\/\/pno.ca\/fr-ca\/wp-content\/uploads\/sites\/2\/2026\/03\/pn0639__image-hi-res__omega-3-maximum-strength-900-mg__2801380.png",600,600,false],"thumbnail":["https:\/\/pno.ca\/fr-ca\/wp-content\/uploads\/sites\/2\/2026\/03\/pn0639__image-hi-res__omega-3-maximum-strength-900-mg__2801380-150x150.png",150,150,true],"medium":["https:\/\/pno.ca\/fr-ca\/wp-content\/uploads\/sites\/2\/2026\/03\/pn0639__image-hi-res__omega-3-maximum-strength-900-mg__2801380-300x300.png",300,300,true],"medium_large":["https:\/\/pno.ca\/fr-ca\/wp-content\/uploads\/sites\/2\/2026\/03\/pn0639__image-hi-res__omega-3-maximum-strength-900-mg__2801380.png",600,600,false],"large":["https:\/\/pno.ca\/fr-ca\/wp-content\/uploads\/sites\/2\/2026\/03\/pn0639__image-hi-res__omega-3-maximum-strength-900-mg__2801380.png",600,600,false],"1536x1536":["https:\/\/pno.ca\/fr-ca\/wp-content\/uploads\/sites\/2\/2026\/03\/pn0639__image-hi-res__omega-3-maximum-strength-900-mg__2801380.png",600,600,false],"2048x2048":["https:\/\/pno.ca\/fr-ca\/wp-content\/uploads\/sites\/2\/2026\/03\/pn0639__image-hi-res__omega-3-maximum-strength-900-mg__2801380.png",600,600,false],"gform-image-choice-sm":["https:\/\/pno.ca\/fr-ca\/wp-content\/uploads\/sites\/2\/2026\/03\/pn0639__image-hi-res__omega-3-maximum-strength-900-mg__2801380.png",300,300,false],"gform-image-choice-md":["https:\/\/pno.ca\/fr-ca\/wp-content\/uploads\/sites\/2\/2026\/03\/pn0639__image-hi-res__omega-3-maximum-strength-900-mg__2801380.png",400,400,false],"gform-image-choice-lg":["https:\/\/pno.ca\/fr-ca\/wp-content\/uploads\/sites\/2\/2026\/03\/pn0639__image-hi-res__omega-3-maximum-strength-900-mg__2801380.png",600,600,false],"woocommerce_thumbnail":["https:\/\/pno.ca\/fr-ca\/wp-content\/uploads\/sites\/2\/2026\/03\/pn0639__image-hi-res__omega-3-maximum-strength-900-mg__2801380.png",600,600,false],"woocommerce_single":["https:\/\/pno.ca\/fr-ca\/wp-content\/uploads\/sites\/2\/2026\/03\/pn0639__image-hi-res__omega-3-maximum-strength-900-mg__2801380.png",600,600,false],"woocommerce_gallery_thumbnail":["https:\/\/pno.ca\/fr-ca\/wp-content\/uploads\/sites\/2\/2026\/03\/pn0639__image-hi-res__omega-3-maximum-strength-900-mg__2801380-100x100.png",100,100,true]},"uagb_author_info":{"display_name":"Shiva","author_link":"https:\/\/pno.ca\/fr-ca\/blog\/author\/"},"uagb_comment_info":0,"uagb_excerpt":"Om\u00e9ga-3 Puissance maximale de Preferred Nutrition est un suppl\u00e9ment d\u2019om\u00e9ga-3 tr\u00e8s puissant, \u00e0 prendre une fois par jour, qui soutient la sant\u00e9 cognitive, les fonctions c\u00e9r\u00e9brales et la sant\u00e9 cardiovasculaire. Chaque dose quotidienne fournit 900 mg d\u2019acides gras om\u00e9ga-3 AEP et ADH, d\u00e9riv\u00e9s d\u2019huile de poissons purifi\u00e9e et provenant de source durable. Les g\u00e9lules ent\u00e9riques&hellip;","_links":{"self":[{"href":"https:\/\/pno.ca\/fr-ca\/wp-json\/wp\/v2\/product\/2847","targetHints":{"allow":["GET"]}}],"collection":[{"href":"https:\/\/pno.ca\/fr-ca\/wp-json\/wp\/v2\/product"}],"about":[{"href":"https:\/\/pno.ca\/fr-ca\/wp-json\/wp\/v2\/types\/product"}],"wp:featuredmedia":[{"embeddable":true,"href":"https:\/\/pno.ca\/fr-ca\/wp-json\/wp\/v2\/media\/3368"}],"wp:attachment":[{"href":"https:\/\/pno.ca\/fr-ca\/wp-json\/wp\/v2\/media?parent=2847"}],"wp:term":[{"taxonomy":"benefit","embeddable":true,"href":"https:\/\/pno.ca\/fr-ca\/wp-json\/wp\/v2\/benefit?post=2847"},{"taxonomy":"product_brand","embeddable":true,"href":"https:\/\/pno.ca\/fr-ca\/wp-json\/wp\/v2\/product_brand?post=2847"},{"taxonomy":"product_cat","embeddable":true,"href":"https:\/\/pno.ca\/fr-ca\/wp-json\/wp\/v2\/product_cat?post=2847"},{"taxonomy":"product_tag","embeddable":true,"href":"https:\/\/pno.ca\/fr-ca\/wp-json\/wp\/v2\/product_tag?post=2847"}],"curies":[{"name":"wp","href":"https:\/\/api.w.org\/{rel}","templated":true}]}}