{"id":2866,"date":"2026-04-01T09:54:45","date_gmt":"2026-04-01T16:54:45","guid":{"rendered":"http:\/\/pnocanada.local\/product\/pea-400-mg\/"},"modified":"2026-04-01T09:54:50","modified_gmt":"2026-04-01T16:54:50","slug":"pea-400-mg","status":"publish","type":"product","link":"https:\/\/pno.ca\/fr-ca\/product\/pea-400-mg\/","title":{"rendered":"PEA 400 mg"},"content":{"rendered":"<div class=\"fg-summary\">\n\tPEA 400 mg de Preferred Nutrition est une formule \u00e9labor\u00e9e \u00e0 partir d\u2019huile de graine de carthame sans OGM fractionn\u00e9e pour le soulagement de la douleur chronique. Des \u00e9tudes ont d\u00e9montr\u00e9 que le palmitoyl\u00e9thanolamide (PEA), un compos\u00e9 semblable \u00e0 un acide gras, est pourvu de bienfaits analg\u00e9siques, neuroprotecteurs et anti-neuroinflammatoires. Le PEA est naturellement pr\u00e9sent dans certains aliments et est produit dans le corps dans le cadre du syst\u00e8me endocannabino\u00efde. Cette formule contient du PEA micronis\u00e9 pour une solubilit\u00e9 et une absorption am\u00e9lior\u00e9es.\n<\/div>\n<ul class=\"fg-features\">\n<li>Aide \u00e0 soulager la douleur chronique <\/li>\n<li>Contient du PEA naturellement produit \u00e0 partir d\u2019huile de graines de carthame sans OGM fractionn\u00e9e <\/li>\n<li>Micronis\u00e9 pour une solubilit\u00e9 et une absorption efficaces dans le corps<\/li>\n<li>Fournit 1 200 mg de PEA par jour, la m\u00eame dose qui a fait ses preuves dans des \u00e9tudes cliniques<\/li>\n<\/ul>\n","protected":false},"excerpt":{"rendered":"<div class=\"fg-summary\">\n\tPEA 400 mg de Preferred Nutrition est une formule \u00e9labor\u00e9e \u00e0 partir d\u2019huile de graine de carthame sans OGM fractionn\u00e9e pour le soulagement de la douleur chronique. Des \u00e9tudes ont d\u00e9montr\u00e9 que le palmitoyl\u00e9thanolamide (PEA), un compos\u00e9 semblable \u00e0 un acide gras, est pourvu de bienfaits analg\u00e9siques, neuroprotecteurs et anti-neuroinflammatoires. Le PEA est naturellement pr\u00e9sent dans certains aliments et est produit dans le corps dans le cadre du syst\u00e8me endocannabino\u00efde. Cette formule contient du PEA micronis\u00e9 pour une solubilit\u00e9 et une absorption am\u00e9lior\u00e9es.\n<\/div>\n<ul class=\"fg-features\">\n<li>Aide \u00e0 soulager la douleur chronique <\/li>\n<li>Contient du PEA naturellement produit \u00e0 partir d\u2019huile de graines de carthame sans OGM fractionn\u00e9e <\/li>\n<li>Micronis\u00e9 pour une solubilit\u00e9 et une absorption efficaces dans le corps<\/li>\n<li>Fournit 1 200 mg de PEA par jour, la m\u00eame dose qui a fait ses preuves dans des \u00e9tudes cliniques<\/li>\n<\/ul>\n","protected":false},"featured_media":3377,"template":"","meta":{"_acf_changed":false,"_uag_custom_page_level_css":"","site-sidebar-layout":"default","site-content-layout":"","ast-site-content-layout":"default","site-content-style":"default","site-sidebar-style":"default","ast-global-header-display":"","ast-banner-title-visibility":"","ast-main-header-display":"","ast-hfb-above-header-display":"","ast-hfb-below-header-display":"","ast-hfb-mobile-header-display":"","site-post-title":"","ast-breadcrumbs-content":"","ast-featured-img":"","footer-sml-layout":"","ast-disable-related-posts":"","theme-transparent-header-meta":"","adv-header-id-meta":"","stick-header-meta":"","header-above-stick-meta":"","header-main-stick-meta":"","header-below-stick-meta":"","astra-migrate-meta-layouts":"default","ast-page-background-enabled":"default","ast-page-background-meta":{"desktop":{"background-color":"var(--ast-global-color-4)","background-image":"","background-repeat":"repeat","background-position":"center center","background-size":"auto","background-attachment":"scroll","background-type":"","background-media":"","overlay-type":"","overlay-color":"","overlay-opacity":"","overlay-gradient":""},"tablet":{"background-color":"","background-image":"","background-repeat":"repeat","background-position":"center center","background-size":"auto","background-attachment":"scroll","background-type":"","background-media":"","overlay-type":"","overlay-color":"","overlay-opacity":"","overlay-gradient":""},"mobile":{"background-color":"","background-image":"","background-repeat":"repeat","background-position":"center center","background-size":"auto","background-attachment":"scroll","background-type":"","background-media":"","overlay-type":"","overlay-color":"","overlay-opacity":"","overlay-gradient":""}},"ast-content-background-meta":{"desktop":{"background-color":"var(--ast-global-color-5)","background-image":"","background-repeat":"repeat","background-position":"center center","background-size":"auto","background-attachment":"scroll","background-type":"","background-media":"","overlay-type":"","overlay-color":"","overlay-opacity":"","overlay-gradient":""},"tablet":{"background-color":"var(--ast-global-color-5)","background-image":"","background-repeat":"repeat","background-position":"center center","background-size":"auto","background-attachment":"scroll","background-type":"","background-media":"","overlay-type":"","overlay-color":"","overlay-opacity":"","overlay-gradient":""},"mobile":{"background-color":"var(--ast-global-color-5)","background-image":"","background-repeat":"repeat","background-position":"center center","background-size":"auto","background-attachment":"scroll","background-type":"","background-media":"","overlay-type":"","overlay-color":"","overlay-opacity":"","overlay-gradient":""}}},"benefit":[376],"product_brand":[],"product_cat":[351,352],"product_tag":[170],"class_list":{"0":"post-2866","1":"product","2":"type-product","3":"status-publish","4":"has-post-thumbnail","6":"benefit-sante-articulaire","7":"product_cat-acides-amines","8":"product_cat-glutamine","9":"product_tag-active","10":"desktop-align-center","11":"tablet-align-center","12":"mobile-align-center","13":"ast-product-gallery-layout-horizontal-slider","14":"ast-product-gallery-with-no-image","15":"ast-magnify-disabled","16":"ast-product-single-variable","18":"first","19":"instock","20":"product-type-variable","21":"has-default-attributes"},"yoast_head":"<!-- This site is optimized with the Yoast SEO plugin v27.3 - https:\/\/yoast.com\/product\/yoast-seo-wordpress\/ -->\n<title>PEA 400 mg - Preferred Nutrition FR<\/title>\n<meta name=\"robots\" content=\"index, follow, max-snippet:-1, max-image-preview:large, max-video-preview:-1\" \/>\n<link rel=\"canonical\" href=\"https:\/\/pno.ca\/fr-ca\/product\/pea-400-mg\/\" \/>\n<meta property=\"og:locale\" content=\"fr_CA\" \/>\n<meta property=\"og:type\" content=\"article\" \/>\n<meta property=\"og:title\" content=\"PEA 400 mg - Preferred Nutrition FR\" \/>\n<meta property=\"og:description\" content=\"PEA 400 mg de Preferred Nutrition est une formule \u00e9labor\u00e9e \u00e0 partir d\u2019huile de graine de carthame sans OGM fractionn\u00e9e pour le soulagement de la douleur chronique. Des \u00e9tudes ont d\u00e9montr\u00e9 que le palmitoyl\u00e9thanolamide (PEA), un compos\u00e9 semblable \u00e0 un acide gras, est pourvu de bienfaits analg\u00e9siques, neuroprotecteurs et anti-neuroinflammatoires. Le PEA est naturellement pr\u00e9sent dans certains aliments et est produit dans le corps dans le cadre du syst\u00e8me endocannabino\u00efde. Cette formule contient du PEA micronis\u00e9 pour une solubilit\u00e9 et une absorption am\u00e9lior\u00e9es.   Aide \u00e0 soulager la douleur chronique  Contient du PEA naturellement produit \u00e0 partir d\u2019huile de graines de carthame sans OGM fractionn\u00e9e  Micronis\u00e9 pour une solubilit\u00e9 et une absorption efficaces dans le corps Fournit 1 200 mg de PEA par jour, la m\u00eame dose qui a fait ses preuves dans des \u00e9tudes cliniques\" \/>\n<meta property=\"og:url\" content=\"https:\/\/pno.ca\/fr-ca\/product\/pea-400-mg\/\" \/>\n<meta property=\"og:site_name\" content=\"Preferred Nutrition FR\" \/>\n<meta property=\"article:modified_time\" content=\"2026-04-01T16:54:50+00:00\" \/>\n<meta property=\"og:image\" content=\"https:\/\/pno.ca\/fr-ca\/wp-content\/uploads\/sites\/2\/2026\/03\/pn0284__image-hi-res__pea-400-mg__2545457.png\" \/>\n\t<meta property=\"og:image:width\" content=\"600\" \/>\n\t<meta property=\"og:image:height\" content=\"600\" \/>\n\t<meta property=\"og:image:type\" content=\"image\/png\" \/>\n<meta name=\"twitter:card\" content=\"summary_large_image\" \/>\n<meta name=\"twitter:label1\" content=\"Est. reading time\" \/>\n\t<meta name=\"twitter:data1\" content=\"1 minute\" \/>\n<script type=\"application\/ld+json\" class=\"yoast-schema-graph\">{\"@context\":\"https:\\\/\\\/schema.org\",\"@graph\":[{\"@type\":\"WebPage\",\"@id\":\"https:\\\/\\\/pno.ca\\\/fr-ca\\\/product\\\/pea-400-mg\\\/\",\"url\":\"https:\\\/\\\/pno.ca\\\/fr-ca\\\/product\\\/pea-400-mg\\\/\",\"name\":\"PEA 400 mg - Preferred Nutrition FR\",\"isPartOf\":{\"@id\":\"https:\\\/\\\/pno.ca\\\/fr-ca\\\/#website\"},\"primaryImageOfPage\":{\"@id\":\"https:\\\/\\\/pno.ca\\\/fr-ca\\\/product\\\/pea-400-mg\\\/#primaryimage\"},\"image\":{\"@id\":\"https:\\\/\\\/pno.ca\\\/fr-ca\\\/product\\\/pea-400-mg\\\/#primaryimage\"},\"thumbnailUrl\":\"https:\\\/\\\/pno.ca\\\/fr-ca\\\/wp-content\\\/uploads\\\/sites\\\/2\\\/2026\\\/03\\\/pn0284__image-hi-res__pea-400-mg__2545457.png\",\"datePublished\":\"2026-04-01T16:54:45+00:00\",\"dateModified\":\"2026-04-01T16:54:50+00:00\",\"breadcrumb\":{\"@id\":\"https:\\\/\\\/pno.ca\\\/fr-ca\\\/product\\\/pea-400-mg\\\/#breadcrumb\"},\"inLanguage\":\"fr-CA\",\"potentialAction\":[{\"@type\":\"ReadAction\",\"target\":[\"https:\\\/\\\/pno.ca\\\/fr-ca\\\/product\\\/pea-400-mg\\\/\"]}]},{\"@type\":\"ImageObject\",\"inLanguage\":\"fr-CA\",\"@id\":\"https:\\\/\\\/pno.ca\\\/fr-ca\\\/product\\\/pea-400-mg\\\/#primaryimage\",\"url\":\"https:\\\/\\\/pno.ca\\\/fr-ca\\\/wp-content\\\/uploads\\\/sites\\\/2\\\/2026\\\/03\\\/pn0284__image-hi-res__pea-400-mg__2545457.png\",\"contentUrl\":\"https:\\\/\\\/pno.ca\\\/fr-ca\\\/wp-content\\\/uploads\\\/sites\\\/2\\\/2026\\\/03\\\/pn0284__image-hi-res__pea-400-mg__2545457.png\",\"width\":600,\"height\":600,\"caption\":\"PEA 400 mg - Hi-Res - PN0284\"},{\"@type\":\"BreadcrumbList\",\"@id\":\"https:\\\/\\\/pno.ca\\\/fr-ca\\\/product\\\/pea-400-mg\\\/#breadcrumb\",\"itemListElement\":[{\"@type\":\"ListItem\",\"position\":1,\"name\":\"Home\",\"item\":\"https:\\\/\\\/pno.ca\\\/fr-ca\\\/\"},{\"@type\":\"ListItem\",\"position\":2,\"name\":\"Produits\",\"item\":\"https:\\\/\\\/pno.ca\\\/fr-ca\\\/products\\\/\"},{\"@type\":\"ListItem\",\"position\":3,\"name\":\"PEA 400 mg\"}]},{\"@type\":\"WebSite\",\"@id\":\"https:\\\/\\\/pno.ca\\\/fr-ca\\\/#website\",\"url\":\"https:\\\/\\\/pno.ca\\\/fr-ca\\\/\",\"name\":\"Preferred Nutrition FR\",\"description\":\"\",\"publisher\":{\"@id\":\"https:\\\/\\\/pno.ca\\\/fr-ca\\\/#organization\"},\"potentialAction\":[{\"@type\":\"SearchAction\",\"target\":{\"@type\":\"EntryPoint\",\"urlTemplate\":\"https:\\\/\\\/pno.ca\\\/fr-ca\\\/?s={search_term_string}\"},\"query-input\":{\"@type\":\"PropertyValueSpecification\",\"valueRequired\":true,\"valueName\":\"search_term_string\"}}],\"inLanguage\":\"fr-CA\"},{\"@type\":\"Organization\",\"@id\":\"https:\\\/\\\/pno.ca\\\/fr-ca\\\/#organization\",\"name\":\"Preferred Nutrition FR\",\"url\":\"https:\\\/\\\/pno.ca\\\/fr-ca\\\/\",\"logo\":{\"@type\":\"ImageObject\",\"inLanguage\":\"fr-CA\",\"@id\":\"https:\\\/\\\/pno.ca\\\/fr-ca\\\/#\\\/schema\\\/logo\\\/image\\\/\",\"url\":\"https:\\\/\\\/pno.ca\\\/fr-ca\\\/wp-content\\\/uploads\\\/sites\\\/2\\\/2026\\\/01\\\/pno_logo.svg\",\"contentUrl\":\"https:\\\/\\\/pno.ca\\\/fr-ca\\\/wp-content\\\/uploads\\\/sites\\\/2\\\/2026\\\/01\\\/pno_logo.svg\",\"width\":442,\"height\":100,\"caption\":\"Preferred Nutrition FR\"},\"image\":{\"@id\":\"https:\\\/\\\/pno.ca\\\/fr-ca\\\/#\\\/schema\\\/logo\\\/image\\\/\"}}]}<\/script>\n<!-- \/ Yoast SEO plugin. -->","yoast_head_json":{"title":"PEA 400 mg - Preferred Nutrition FR","robots":{"index":"index","follow":"follow","max-snippet":"max-snippet:-1","max-image-preview":"max-image-preview:large","max-video-preview":"max-video-preview:-1"},"canonical":"https:\/\/pno.ca\/fr-ca\/product\/pea-400-mg\/","og_locale":"fr_CA","og_type":"article","og_title":"PEA 400 mg - Preferred Nutrition FR","og_description":"PEA 400 mg de Preferred Nutrition est une formule \u00e9labor\u00e9e \u00e0 partir d\u2019huile de graine de carthame sans OGM fractionn\u00e9e pour le soulagement de la douleur chronique. Des \u00e9tudes ont d\u00e9montr\u00e9 que le palmitoyl\u00e9thanolamide (PEA), un compos\u00e9 semblable \u00e0 un acide gras, est pourvu de bienfaits analg\u00e9siques, neuroprotecteurs et anti-neuroinflammatoires. Le PEA est naturellement pr\u00e9sent dans certains aliments et est produit dans le corps dans le cadre du syst\u00e8me endocannabino\u00efde. Cette formule contient du PEA micronis\u00e9 pour une solubilit\u00e9 et une absorption am\u00e9lior\u00e9es.   Aide \u00e0 soulager la douleur chronique  Contient du PEA naturellement produit \u00e0 partir d\u2019huile de graines de carthame sans OGM fractionn\u00e9e  Micronis\u00e9 pour une solubilit\u00e9 et une absorption efficaces dans le corps Fournit 1 200 mg de PEA par jour, la m\u00eame dose qui a fait ses preuves dans des \u00e9tudes cliniques","og_url":"https:\/\/pno.ca\/fr-ca\/product\/pea-400-mg\/","og_site_name":"Preferred Nutrition FR","article_modified_time":"2026-04-01T16:54:50+00:00","og_image":[{"width":600,"height":600,"url":"https:\/\/pno.ca\/fr-ca\/wp-content\/uploads\/sites\/2\/2026\/03\/pn0284__image-hi-res__pea-400-mg__2545457.png","type":"image\/png"}],"twitter_card":"summary_large_image","twitter_misc":{"Est. reading time":"1 minute"},"schema":{"@context":"https:\/\/schema.org","@graph":[{"@type":"WebPage","@id":"https:\/\/pno.ca\/fr-ca\/product\/pea-400-mg\/","url":"https:\/\/pno.ca\/fr-ca\/product\/pea-400-mg\/","name":"PEA 400 mg - Preferred Nutrition FR","isPartOf":{"@id":"https:\/\/pno.ca\/fr-ca\/#website"},"primaryImageOfPage":{"@id":"https:\/\/pno.ca\/fr-ca\/product\/pea-400-mg\/#primaryimage"},"image":{"@id":"https:\/\/pno.ca\/fr-ca\/product\/pea-400-mg\/#primaryimage"},"thumbnailUrl":"https:\/\/pno.ca\/fr-ca\/wp-content\/uploads\/sites\/2\/2026\/03\/pn0284__image-hi-res__pea-400-mg__2545457.png","datePublished":"2026-04-01T16:54:45+00:00","dateModified":"2026-04-01T16:54:50+00:00","breadcrumb":{"@id":"https:\/\/pno.ca\/fr-ca\/product\/pea-400-mg\/#breadcrumb"},"inLanguage":"fr-CA","potentialAction":[{"@type":"ReadAction","target":["https:\/\/pno.ca\/fr-ca\/product\/pea-400-mg\/"]}]},{"@type":"ImageObject","inLanguage":"fr-CA","@id":"https:\/\/pno.ca\/fr-ca\/product\/pea-400-mg\/#primaryimage","url":"https:\/\/pno.ca\/fr-ca\/wp-content\/uploads\/sites\/2\/2026\/03\/pn0284__image-hi-res__pea-400-mg__2545457.png","contentUrl":"https:\/\/pno.ca\/fr-ca\/wp-content\/uploads\/sites\/2\/2026\/03\/pn0284__image-hi-res__pea-400-mg__2545457.png","width":600,"height":600,"caption":"PEA 400 mg - Hi-Res - PN0284"},{"@type":"BreadcrumbList","@id":"https:\/\/pno.ca\/fr-ca\/product\/pea-400-mg\/#breadcrumb","itemListElement":[{"@type":"ListItem","position":1,"name":"Home","item":"https:\/\/pno.ca\/fr-ca\/"},{"@type":"ListItem","position":2,"name":"Produits","item":"https:\/\/pno.ca\/fr-ca\/products\/"},{"@type":"ListItem","position":3,"name":"PEA 400 mg"}]},{"@type":"WebSite","@id":"https:\/\/pno.ca\/fr-ca\/#website","url":"https:\/\/pno.ca\/fr-ca\/","name":"Preferred Nutrition FR","description":"","publisher":{"@id":"https:\/\/pno.ca\/fr-ca\/#organization"},"potentialAction":[{"@type":"SearchAction","target":{"@type":"EntryPoint","urlTemplate":"https:\/\/pno.ca\/fr-ca\/?s={search_term_string}"},"query-input":{"@type":"PropertyValueSpecification","valueRequired":true,"valueName":"search_term_string"}}],"inLanguage":"fr-CA"},{"@type":"Organization","@id":"https:\/\/pno.ca\/fr-ca\/#organization","name":"Preferred Nutrition FR","url":"https:\/\/pno.ca\/fr-ca\/","logo":{"@type":"ImageObject","inLanguage":"fr-CA","@id":"https:\/\/pno.ca\/fr-ca\/#\/schema\/logo\/image\/","url":"https:\/\/pno.ca\/fr-ca\/wp-content\/uploads\/sites\/2\/2026\/01\/pno_logo.svg","contentUrl":"https:\/\/pno.ca\/fr-ca\/wp-content\/uploads\/sites\/2\/2026\/01\/pno_logo.svg","width":442,"height":100,"caption":"Preferred Nutrition FR"},"image":{"@id":"https:\/\/pno.ca\/fr-ca\/#\/schema\/logo\/image\/"}}]}},"acf":[],"spectra_custom_meta":{"total_sales":["0"],"_stock_status":["instock"],"_wc_review_count":["0"],"_wc_rating_count":["0"],"_wc_average_rating":["0"],"_sku":["PN0284"],"_tax_status":["none"],"_tax_class":[""],"_manage_stock":["no"],"_backorders":["no"],"_sold_individually":["no"],"_virtual":["no"],"_downloadable":["no"],"_download_limit":["-1"],"_download_expiry":["-1"],"_stock":[null],"_product_attributes":["a:1:{s:4:\"size\";a:6:{s:4:\"name\";s:4:\"Size\";s:5:\"value\";s:13:\"120\u00a0capsules\";s:8:\"position\";i:0;s:10:\"is_visible\";b:1;s:12:\"is_variation\";b:1;s:11:\"is_taxonomy\";b:0;}}"],"_product_version":["10.6.1"],"__is_newly_created_product":[""],"__first_variation_id":["2867"],"_product_id":["field_668afd01d6a11"],"product_id":["AN-CA-6-28826-00284-0"],"_subtitle":["field_68bb7abccd685"],"subtitle":[""],"_body":["field_66652d1802dae"],"body":[""],"_excerpt":["field_66652d2f02daf"],"excerpt":[""],"_marketing_summary":["field_68bb7bb6cd689"],"marketing_summary":["PEA 400 mg de Preferred Nutrition est une formule \u00e9labor\u00e9e \u00e0 partir d\u2019huile de graine de carthame sans OGM fractionn\u00e9e pour le soulagement de la douleur chronique. Des \u00e9tudes ont d\u00e9montr\u00e9 que le palmitoyl\u00e9thanolamide (PEA), un compos\u00e9 semblable \u00e0 un acide gras, est pourvu de bienfaits analg\u00e9siques, neuroprotecteurs et anti-neuroinflammatoires. Le PEA est naturellement pr\u00e9sent dans certains aliments et est produit dans le corps dans le cadre du syst\u00e8me endocannabino\u00efde. Cette formule contient du PEA micronis\u00e9 pour une solubilit\u00e9 et une absorption am\u00e9lior\u00e9es."],"_medicinal_ingredients":["field_66652dba0405a"],"medicinal_ingredients":["<table class=\"fg-table\" border=\"1\" collapse=\"collapse\"> <thead class=\"fg-head\"> <tr> <td colspan=\"2\"><b>Chaque capsule v\u00e9g\u00e9tarienne contient :<\/b><\/td> <\/tr> <\/thead> <tbody> <tr> <td colspan=\"2\"><b>Ingr\u00e9dient m\u00e9dicinal :<\/b><\/td> <\/tr> <tr> <td colspan=\"1\">Palmitoyl\u00e9thanolamide (PEA) <\/td> <td> 400 mg<\/td> <\/tr> <\/tbody> <\/table>"],"_non_medicinal_ingredients":["field_66652dd456ed8"],"non_medicinal_ingredients":["capsule v\u00e9g\u00e9tarienne (gomme de glucides [cellulose], eau), cellulose, st\u00e9arate de magn\u00e9sium d\u2019origine v\u00e9g\u00e9tale (lubrifiant), silice, acide st\u00e9rique."],"_recommended_purpose":["field_68bb7b43cd688"],"recommended_purpose":["<ul><li>Des \u00e9tudes montrent que le PEA aide \u00e0 soulager\nla douleur chronique.<\/li><\/ul>"],"_recommended_dose":["field_6665306d56edd"],"recommended_dose":["<b>Posologie recommand\u00e9e (adultes)\u00a0:\u00a0<\/b>3\u00a0capsules par jour ou suivre les recommandations d\u2019un praticien de la sant\u00e9. Consulter un praticien de la sant\u00e9 pour toute utilisation au-del\u00e0 de 4\u00a0mois."],"_allergen_statement":["field_66652e0e56ed9"],"allergen_statement":["Ce produit ne contient pas d\u2019agents de conservation, colorants ou \u00e9dulcorants artificiels ; sans produits laitiers, amidon, sucre, bl\u00e9, gluten, levure, soja, ma\u00efs, oeufs, poissons, fruits de mer, produits animaux, sel, noix ni g\u00e8nes ou prot\u00e9ines g\u00e9n\u00e9tiquement modifi\u00e9s. Convient aux v\u00e9g\u00e9tariens et v\u00e9g\u00e9taliens."],"_label_caution":["field_6665307456ede"],"label_caution":["Consulter un praticien de la sant\u00e9 si les sympt\u00f4mes persistent ou s\u2019aggravent. Consulter un praticien de la sant\u00e9 avant l\u2019usage si vous \u00eates enceinte ou si vous allaitez."],"_strength":["field_6665304656eda"],"strength":["400 mg"],"_flavour":["field_6665305356edb"],"flavour":[""],"_form":["field_6665305a56edc"],"form":["capsules"],"_npn":["field_68bb7ac9cd686"],"npn":["80097472"],"_costco_product":["field_68bb7b36cd687"],"costco_product":[""],"_alt_lang_handle":["field_68bb7bc7cd68a"],"alt_lang_handle":["pea-400-mg"],"_wp_page_template":["default"],"_thumbnail_id":["3377"],"_product_image_gallery":[""],"_default_attributes":["a:1:{s:4:\"size\";s:13:\"120\u00a0capsules\";}"],"_price":["1"],"_uag_css_file_name":["uag-css-2866.css"]},"uagb_featured_image_src":{"full":["https:\/\/pno.ca\/fr-ca\/wp-content\/uploads\/sites\/2\/2026\/03\/pn0284__image-hi-res__pea-400-mg__2545457.png",600,600,false],"thumbnail":["https:\/\/pno.ca\/fr-ca\/wp-content\/uploads\/sites\/2\/2026\/03\/pn0284__image-hi-res__pea-400-mg__2545457-150x150.png",150,150,true],"medium":["https:\/\/pno.ca\/fr-ca\/wp-content\/uploads\/sites\/2\/2026\/03\/pn0284__image-hi-res__pea-400-mg__2545457-300x300.png",300,300,true],"medium_large":["https:\/\/pno.ca\/fr-ca\/wp-content\/uploads\/sites\/2\/2026\/03\/pn0284__image-hi-res__pea-400-mg__2545457.png",600,600,false],"large":["https:\/\/pno.ca\/fr-ca\/wp-content\/uploads\/sites\/2\/2026\/03\/pn0284__image-hi-res__pea-400-mg__2545457.png",600,600,false],"1536x1536":["https:\/\/pno.ca\/fr-ca\/wp-content\/uploads\/sites\/2\/2026\/03\/pn0284__image-hi-res__pea-400-mg__2545457.png",600,600,false],"2048x2048":["https:\/\/pno.ca\/fr-ca\/wp-content\/uploads\/sites\/2\/2026\/03\/pn0284__image-hi-res__pea-400-mg__2545457.png",600,600,false],"gform-image-choice-sm":["https:\/\/pno.ca\/fr-ca\/wp-content\/uploads\/sites\/2\/2026\/03\/pn0284__image-hi-res__pea-400-mg__2545457.png",300,300,false],"gform-image-choice-md":["https:\/\/pno.ca\/fr-ca\/wp-content\/uploads\/sites\/2\/2026\/03\/pn0284__image-hi-res__pea-400-mg__2545457.png",400,400,false],"gform-image-choice-lg":["https:\/\/pno.ca\/fr-ca\/wp-content\/uploads\/sites\/2\/2026\/03\/pn0284__image-hi-res__pea-400-mg__2545457.png",600,600,false],"woocommerce_thumbnail":["https:\/\/pno.ca\/fr-ca\/wp-content\/uploads\/sites\/2\/2026\/03\/pn0284__image-hi-res__pea-400-mg__2545457.png",600,600,false],"woocommerce_single":["https:\/\/pno.ca\/fr-ca\/wp-content\/uploads\/sites\/2\/2026\/03\/pn0284__image-hi-res__pea-400-mg__2545457.png",600,600,false],"woocommerce_gallery_thumbnail":["https:\/\/pno.ca\/fr-ca\/wp-content\/uploads\/sites\/2\/2026\/03\/pn0284__image-hi-res__pea-400-mg__2545457-100x100.png",100,100,true]},"uagb_author_info":{"display_name":"Gary Armstrong","author_link":"https:\/\/pno.ca\/fr-ca\/blog\/author\/"},"uagb_comment_info":0,"uagb_excerpt":"PEA 400 mg de Preferred Nutrition est une formule \u00e9labor\u00e9e \u00e0 partir d\u2019huile de graine de carthame sans OGM fractionn\u00e9e pour le soulagement de la douleur chronique. Des \u00e9tudes ont d\u00e9montr\u00e9 que le palmitoyl\u00e9thanolamide (PEA), un compos\u00e9 semblable \u00e0 un acide gras, est pourvu de bienfaits analg\u00e9siques, neuroprotecteurs et anti-neuroinflammatoires. Le PEA est naturellement pr\u00e9sent&hellip;","_links":{"self":[{"href":"https:\/\/pno.ca\/fr-ca\/wp-json\/wp\/v2\/product\/2866","targetHints":{"allow":["GET"]}}],"collection":[{"href":"https:\/\/pno.ca\/fr-ca\/wp-json\/wp\/v2\/product"}],"about":[{"href":"https:\/\/pno.ca\/fr-ca\/wp-json\/wp\/v2\/types\/product"}],"wp:featuredmedia":[{"embeddable":true,"href":"https:\/\/pno.ca\/fr-ca\/wp-json\/wp\/v2\/media\/3377"}],"wp:attachment":[{"href":"https:\/\/pno.ca\/fr-ca\/wp-json\/wp\/v2\/media?parent=2866"}],"wp:term":[{"taxonomy":"benefit","embeddable":true,"href":"https:\/\/pno.ca\/fr-ca\/wp-json\/wp\/v2\/benefit?post=2866"},{"taxonomy":"product_brand","embeddable":true,"href":"https:\/\/pno.ca\/fr-ca\/wp-json\/wp\/v2\/product_brand?post=2866"},{"taxonomy":"product_cat","embeddable":true,"href":"https:\/\/pno.ca\/fr-ca\/wp-json\/wp\/v2\/product_cat?post=2866"},{"taxonomy":"product_tag","embeddable":true,"href":"https:\/\/pno.ca\/fr-ca\/wp-json\/wp\/v2\/product_tag?post=2866"}],"curies":[{"name":"wp","href":"https:\/\/api.w.org\/{rel}","templated":true}]}}