{"id":2899,"date":"2026-04-13T10:01:36","date_gmt":"2026-04-13T17:01:36","guid":{"rendered":"http:\/\/pnocanada.local\/product\/cranberry-10000-mg-gummies\/"},"modified":"2026-04-13T10:01:43","modified_gmt":"2026-04-13T17:01:43","slug":"cranberry-10000-mg-gummies","status":"publish","type":"product","link":"https:\/\/pno.ca\/fr-ca\/product\/cranberry-10000-mg-gummies\/","title":{"rendered":"Canneberge 10\u00a0000\u00a0mg g\u00e9lifi\u00e9s"},"content":{"rendered":"<div class=\"fg-summary\">\n\tCanneberge de Preferred Nutrition fournit l\u2019\u00e9quivalent de 10 000 mg de canneberges fra\u00eeches par jour, d\u00e9livr\u00e9es dans de d\u00e9licieux g\u00e9lifi\u00e9s v\u00e9g\u00e9taliens \u00e0 la saveur d\u2019un m\u00e9lange de baies. La canneberge est utilis\u00e9e en phytoth\u00e9rapie pour aider \u00e0 pr\u00e9venir les infections urinaires. Ces g\u00e9lifi\u00e9s sans g\u00e9latine contiennent un extrait de canneberge 50:1 qui fournit des antioxydants sans l\u2019apport \u00e9lev\u00e9 en sucre associ\u00e9 au jus de canneberge.\n<\/div>\n<ul class=\"fg-features\">\n<li>Aide \u00e0 pr\u00e9venir les infections r\u00e9currentes des voies urinaires (IVU)<\/li>\n<li>Source d\u2019antioxydants<\/li>\n<li>Contient un extrait de canneberge 50:1 tr\u00e8s puissant<\/li>\n<li>Fournit une alternative pratique \u00e0 la consommation de jus de canneberge<\/li>\n<\/ul>\n","protected":false},"excerpt":{"rendered":"<div class=\"fg-summary\">\n\tCanneberge de Preferred Nutrition fournit l\u2019\u00e9quivalent de 10 000 mg de canneberges fra\u00eeches par jour, d\u00e9livr\u00e9es dans de d\u00e9licieux g\u00e9lifi\u00e9s v\u00e9g\u00e9taliens \u00e0 la saveur d\u2019un m\u00e9lange de baies. La canneberge est utilis\u00e9e en phytoth\u00e9rapie pour aider \u00e0 pr\u00e9venir les infections urinaires. Ces g\u00e9lifi\u00e9s sans g\u00e9latine contiennent un extrait de canneberge 50:1 qui fournit des antioxydants sans l\u2019apport \u00e9lev\u00e9 en sucre associ\u00e9 au jus de canneberge.\n<\/div>\n<ul class=\"fg-features\">\n<li>Aide \u00e0 pr\u00e9venir les infections r\u00e9currentes des voies urinaires (IVU)<\/li>\n<li>Source d\u2019antioxydants<\/li>\n<li>Contient un extrait de canneberge 50:1 tr\u00e8s puissant<\/li>\n<li>Fournit une alternative pratique \u00e0 la consommation de jus de canneberge<\/li>\n<\/ul>\n","protected":false},"featured_media":3394,"template":"","meta":{"_acf_changed":false,"_uag_custom_page_level_css":"","site-sidebar-layout":"default","site-content-layout":"","ast-site-content-layout":"default","site-content-style":"default","site-sidebar-style":"default","ast-global-header-display":"","ast-banner-title-visibility":"","ast-main-header-display":"","ast-hfb-above-header-display":"","ast-hfb-below-header-display":"","ast-hfb-mobile-header-display":"","site-post-title":"","ast-breadcrumbs-content":"","ast-featured-img":"","footer-sml-layout":"","ast-disable-related-posts":"","theme-transparent-header-meta":"","adv-header-id-meta":"","stick-header-meta":"","header-above-stick-meta":"","header-main-stick-meta":"","header-below-stick-meta":"","astra-migrate-meta-layouts":"default","ast-page-background-enabled":"default","ast-page-background-meta":{"desktop":{"background-color":"var(--ast-global-color-4)","background-image":"","background-repeat":"repeat","background-position":"center center","background-size":"auto","background-attachment":"scroll","background-type":"","background-media":"","overlay-type":"","overlay-color":"","overlay-opacity":"","overlay-gradient":""},"tablet":{"background-color":"","background-image":"","background-repeat":"repeat","background-position":"center center","background-size":"auto","background-attachment":"scroll","background-type":"","background-media":"","overlay-type":"","overlay-color":"","overlay-opacity":"","overlay-gradient":""},"mobile":{"background-color":"","background-image":"","background-repeat":"repeat","background-position":"center center","background-size":"auto","background-attachment":"scroll","background-type":"","background-media":"","overlay-type":"","overlay-color":"","overlay-opacity":"","overlay-gradient":""}},"ast-content-background-meta":{"desktop":{"background-color":"var(--ast-global-color-5)","background-image":"","background-repeat":"repeat","background-position":"center center","background-size":"auto","background-attachment":"scroll","background-type":"","background-media":"","overlay-type":"","overlay-color":"","overlay-opacity":"","overlay-gradient":""},"tablet":{"background-color":"var(--ast-global-color-5)","background-image":"","background-repeat":"repeat","background-position":"center center","background-size":"auto","background-attachment":"scroll","background-type":"","background-media":"","overlay-type":"","overlay-color":"","overlay-opacity":"","overlay-gradient":""},"mobile":{"background-color":"var(--ast-global-color-5)","background-image":"","background-repeat":"repeat","background-position":"center center","background-size":"auto","background-attachment":"scroll","background-type":"","background-media":"","overlay-type":"","overlay-color":"","overlay-opacity":"","overlay-gradient":""}}},"benefit":[372],"product_brand":[],"product_cat":[390,361,370],"product_tag":[170],"class_list":{"0":"post-2899","1":"product","2":"type-product","3":"status-publish","4":"has-post-thumbnail","6":"benefit-sante-des-femmes","7":"product_cat-canneberge","8":"product_cat-concentres-a-base-de-fruits-et-de-plantes","9":"product_cat-gelifies","10":"product_tag-active","11":"desktop-align-center","12":"tablet-align-center","13":"mobile-align-center","14":"ast-product-gallery-layout-horizontal-slider","15":"ast-product-gallery-with-no-image","16":"ast-magnify-disabled","17":"ast-product-single-variable","19":"first","20":"instock","21":"product-type-variable","22":"has-default-attributes"},"yoast_head":"<!-- This site is optimized with the Yoast SEO plugin v27.5 - https:\/\/yoast.com\/product\/yoast-seo-wordpress\/ -->\n<title>Canneberge 10\u00a0000\u00a0mg g\u00e9lifi\u00e9s - Preferred Nutrition FR<\/title>\n<meta name=\"robots\" content=\"index, follow, max-snippet:-1, max-image-preview:large, max-video-preview:-1\" \/>\n<link rel=\"canonical\" href=\"https:\/\/pno.ca\/fr-ca\/product\/cranberry-10000-mg-gummies\/\" \/>\n<meta property=\"og:locale\" content=\"fr_CA\" \/>\n<meta property=\"og:type\" content=\"article\" \/>\n<meta property=\"og:title\" content=\"Canneberge 10\u00a0000\u00a0mg g\u00e9lifi\u00e9s - Preferred Nutrition FR\" \/>\n<meta property=\"og:description\" content=\"Canneberge de Preferred Nutrition fournit l\u2019\u00e9quivalent de 10 000 mg de canneberges fra\u00eeches par jour, d\u00e9livr\u00e9es dans de d\u00e9licieux g\u00e9lifi\u00e9s v\u00e9g\u00e9taliens \u00e0 la saveur d\u2019un m\u00e9lange de baies. La canneberge est utilis\u00e9e en phytoth\u00e9rapie pour aider \u00e0 pr\u00e9venir les infections urinaires. Ces g\u00e9lifi\u00e9s sans g\u00e9latine contiennent un extrait de canneberge 50:1 qui fournit des antioxydants sans l\u2019apport \u00e9lev\u00e9 en sucre associ\u00e9 au jus de canneberge.   Aide \u00e0 pr\u00e9venir les infections r\u00e9currentes des voies urinaires (IVU) Source d\u2019antioxydants Contient un extrait de canneberge 50:1 tr\u00e8s puissant Fournit une alternative pratique \u00e0 la consommation de jus de canneberge\" \/>\n<meta property=\"og:url\" content=\"https:\/\/pno.ca\/fr-ca\/product\/cranberry-10000-mg-gummies\/\" \/>\n<meta property=\"og:site_name\" content=\"Preferred Nutrition FR\" \/>\n<meta property=\"article:modified_time\" content=\"2026-04-13T17:01:43+00:00\" \/>\n<meta property=\"og:image\" content=\"https:\/\/pno.ca\/fr-ca\/wp-content\/uploads\/sites\/2\/2026\/03\/pn0626__image-hi-res__cranberry-10-000-mg-gummy__2952814.png\" \/>\n\t<meta property=\"og:image:width\" content=\"600\" \/>\n\t<meta property=\"og:image:height\" content=\"600\" \/>\n\t<meta property=\"og:image:type\" content=\"image\/png\" \/>\n<meta name=\"twitter:card\" content=\"summary_large_image\" \/>\n<meta name=\"twitter:label1\" content=\"Est. reading time\" \/>\n\t<meta name=\"twitter:data1\" content=\"1 minute\" \/>\n<script type=\"application\/ld+json\" class=\"yoast-schema-graph\">{\"@context\":\"https:\\\/\\\/schema.org\",\"@graph\":[{\"@type\":\"WebPage\",\"@id\":\"https:\\\/\\\/pno.ca\\\/fr-ca\\\/product\\\/cranberry-10000-mg-gummies\\\/\",\"url\":\"https:\\\/\\\/pno.ca\\\/fr-ca\\\/product\\\/cranberry-10000-mg-gummies\\\/\",\"name\":\"Canneberge 10\u00a0000\u00a0mg g\u00e9lifi\u00e9s - Preferred Nutrition FR\",\"isPartOf\":{\"@id\":\"https:\\\/\\\/pno.ca\\\/fr-ca\\\/#website\"},\"primaryImageOfPage\":{\"@id\":\"https:\\\/\\\/pno.ca\\\/fr-ca\\\/product\\\/cranberry-10000-mg-gummies\\\/#primaryimage\"},\"image\":{\"@id\":\"https:\\\/\\\/pno.ca\\\/fr-ca\\\/product\\\/cranberry-10000-mg-gummies\\\/#primaryimage\"},\"thumbnailUrl\":\"https:\\\/\\\/pno.ca\\\/fr-ca\\\/wp-content\\\/uploads\\\/sites\\\/2\\\/2026\\\/03\\\/pn0626__image-hi-res__cranberry-10-000-mg-gummy__2952814.png\",\"datePublished\":\"2026-04-13T17:01:36+00:00\",\"dateModified\":\"2026-04-13T17:01:43+00:00\",\"breadcrumb\":{\"@id\":\"https:\\\/\\\/pno.ca\\\/fr-ca\\\/product\\\/cranberry-10000-mg-gummies\\\/#breadcrumb\"},\"inLanguage\":\"fr-CA\",\"potentialAction\":[{\"@type\":\"ReadAction\",\"target\":[\"https:\\\/\\\/pno.ca\\\/fr-ca\\\/product\\\/cranberry-10000-mg-gummies\\\/\"]}]},{\"@type\":\"ImageObject\",\"inLanguage\":\"fr-CA\",\"@id\":\"https:\\\/\\\/pno.ca\\\/fr-ca\\\/product\\\/cranberry-10000-mg-gummies\\\/#primaryimage\",\"url\":\"https:\\\/\\\/pno.ca\\\/fr-ca\\\/wp-content\\\/uploads\\\/sites\\\/2\\\/2026\\\/03\\\/pn0626__image-hi-res__cranberry-10-000-mg-gummy__2952814.png\",\"contentUrl\":\"https:\\\/\\\/pno.ca\\\/fr-ca\\\/wp-content\\\/uploads\\\/sites\\\/2\\\/2026\\\/03\\\/pn0626__image-hi-res__cranberry-10-000-mg-gummy__2952814.png\",\"width\":600,\"height\":600,\"caption\":\"Canneberge 10 000 mg Glifis - Hi-Res - PN0626\"},{\"@type\":\"BreadcrumbList\",\"@id\":\"https:\\\/\\\/pno.ca\\\/fr-ca\\\/product\\\/cranberry-10000-mg-gummies\\\/#breadcrumb\",\"itemListElement\":[{\"@type\":\"ListItem\",\"position\":1,\"name\":\"Home\",\"item\":\"https:\\\/\\\/pno.ca\\\/fr-ca\\\/\"},{\"@type\":\"ListItem\",\"position\":2,\"name\":\"Produits\",\"item\":\"https:\\\/\\\/pno.ca\\\/fr-ca\\\/products\\\/\"},{\"@type\":\"ListItem\",\"position\":3,\"name\":\"Canneberge 10\u00a0000\u00a0mg g\u00e9lifi\u00e9s\"}]},{\"@type\":\"WebSite\",\"@id\":\"https:\\\/\\\/pno.ca\\\/fr-ca\\\/#website\",\"url\":\"https:\\\/\\\/pno.ca\\\/fr-ca\\\/\",\"name\":\"Preferred Nutrition FR\",\"description\":\"\",\"publisher\":{\"@id\":\"https:\\\/\\\/pno.ca\\\/fr-ca\\\/#organization\"},\"potentialAction\":[{\"@type\":\"SearchAction\",\"target\":{\"@type\":\"EntryPoint\",\"urlTemplate\":\"https:\\\/\\\/pno.ca\\\/fr-ca\\\/?s={search_term_string}\"},\"query-input\":{\"@type\":\"PropertyValueSpecification\",\"valueRequired\":true,\"valueName\":\"search_term_string\"}}],\"inLanguage\":\"fr-CA\"},{\"@type\":\"Organization\",\"@id\":\"https:\\\/\\\/pno.ca\\\/fr-ca\\\/#organization\",\"name\":\"Preferred Nutrition FR\",\"url\":\"https:\\\/\\\/pno.ca\\\/fr-ca\\\/\",\"logo\":{\"@type\":\"ImageObject\",\"inLanguage\":\"fr-CA\",\"@id\":\"https:\\\/\\\/pno.ca\\\/fr-ca\\\/#\\\/schema\\\/logo\\\/image\\\/\",\"url\":\"https:\\\/\\\/pno.ca\\\/fr-ca\\\/wp-content\\\/uploads\\\/sites\\\/2\\\/2026\\\/01\\\/pno_logo.svg\",\"contentUrl\":\"https:\\\/\\\/pno.ca\\\/fr-ca\\\/wp-content\\\/uploads\\\/sites\\\/2\\\/2026\\\/01\\\/pno_logo.svg\",\"width\":442,\"height\":100,\"caption\":\"Preferred Nutrition FR\"},\"image\":{\"@id\":\"https:\\\/\\\/pno.ca\\\/fr-ca\\\/#\\\/schema\\\/logo\\\/image\\\/\"}}]}<\/script>\n<!-- \/ Yoast SEO plugin. -->","yoast_head_json":{"title":"Canneberge 10\u00a0000\u00a0mg g\u00e9lifi\u00e9s - Preferred Nutrition FR","robots":{"index":"index","follow":"follow","max-snippet":"max-snippet:-1","max-image-preview":"max-image-preview:large","max-video-preview":"max-video-preview:-1"},"canonical":"https:\/\/pno.ca\/fr-ca\/product\/cranberry-10000-mg-gummies\/","og_locale":"fr_CA","og_type":"article","og_title":"Canneberge 10\u00a0000\u00a0mg g\u00e9lifi\u00e9s - Preferred Nutrition FR","og_description":"Canneberge de Preferred Nutrition fournit l\u2019\u00e9quivalent de 10 000 mg de canneberges fra\u00eeches par jour, d\u00e9livr\u00e9es dans de d\u00e9licieux g\u00e9lifi\u00e9s v\u00e9g\u00e9taliens \u00e0 la saveur d\u2019un m\u00e9lange de baies. La canneberge est utilis\u00e9e en phytoth\u00e9rapie pour aider \u00e0 pr\u00e9venir les infections urinaires. Ces g\u00e9lifi\u00e9s sans g\u00e9latine contiennent un extrait de canneberge 50:1 qui fournit des antioxydants sans l\u2019apport \u00e9lev\u00e9 en sucre associ\u00e9 au jus de canneberge.   Aide \u00e0 pr\u00e9venir les infections r\u00e9currentes des voies urinaires (IVU) Source d\u2019antioxydants Contient un extrait de canneberge 50:1 tr\u00e8s puissant Fournit une alternative pratique \u00e0 la consommation de jus de canneberge","og_url":"https:\/\/pno.ca\/fr-ca\/product\/cranberry-10000-mg-gummies\/","og_site_name":"Preferred Nutrition FR","article_modified_time":"2026-04-13T17:01:43+00:00","og_image":[{"width":600,"height":600,"url":"https:\/\/pno.ca\/fr-ca\/wp-content\/uploads\/sites\/2\/2026\/03\/pn0626__image-hi-res__cranberry-10-000-mg-gummy__2952814.png","type":"image\/png"}],"twitter_card":"summary_large_image","twitter_misc":{"Est. reading time":"1 minute"},"schema":{"@context":"https:\/\/schema.org","@graph":[{"@type":"WebPage","@id":"https:\/\/pno.ca\/fr-ca\/product\/cranberry-10000-mg-gummies\/","url":"https:\/\/pno.ca\/fr-ca\/product\/cranberry-10000-mg-gummies\/","name":"Canneberge 10\u00a0000\u00a0mg g\u00e9lifi\u00e9s - Preferred Nutrition FR","isPartOf":{"@id":"https:\/\/pno.ca\/fr-ca\/#website"},"primaryImageOfPage":{"@id":"https:\/\/pno.ca\/fr-ca\/product\/cranberry-10000-mg-gummies\/#primaryimage"},"image":{"@id":"https:\/\/pno.ca\/fr-ca\/product\/cranberry-10000-mg-gummies\/#primaryimage"},"thumbnailUrl":"https:\/\/pno.ca\/fr-ca\/wp-content\/uploads\/sites\/2\/2026\/03\/pn0626__image-hi-res__cranberry-10-000-mg-gummy__2952814.png","datePublished":"2026-04-13T17:01:36+00:00","dateModified":"2026-04-13T17:01:43+00:00","breadcrumb":{"@id":"https:\/\/pno.ca\/fr-ca\/product\/cranberry-10000-mg-gummies\/#breadcrumb"},"inLanguage":"fr-CA","potentialAction":[{"@type":"ReadAction","target":["https:\/\/pno.ca\/fr-ca\/product\/cranberry-10000-mg-gummies\/"]}]},{"@type":"ImageObject","inLanguage":"fr-CA","@id":"https:\/\/pno.ca\/fr-ca\/product\/cranberry-10000-mg-gummies\/#primaryimage","url":"https:\/\/pno.ca\/fr-ca\/wp-content\/uploads\/sites\/2\/2026\/03\/pn0626__image-hi-res__cranberry-10-000-mg-gummy__2952814.png","contentUrl":"https:\/\/pno.ca\/fr-ca\/wp-content\/uploads\/sites\/2\/2026\/03\/pn0626__image-hi-res__cranberry-10-000-mg-gummy__2952814.png","width":600,"height":600,"caption":"Canneberge 10 000 mg Glifis - Hi-Res - PN0626"},{"@type":"BreadcrumbList","@id":"https:\/\/pno.ca\/fr-ca\/product\/cranberry-10000-mg-gummies\/#breadcrumb","itemListElement":[{"@type":"ListItem","position":1,"name":"Home","item":"https:\/\/pno.ca\/fr-ca\/"},{"@type":"ListItem","position":2,"name":"Produits","item":"https:\/\/pno.ca\/fr-ca\/products\/"},{"@type":"ListItem","position":3,"name":"Canneberge 10\u00a0000\u00a0mg g\u00e9lifi\u00e9s"}]},{"@type":"WebSite","@id":"https:\/\/pno.ca\/fr-ca\/#website","url":"https:\/\/pno.ca\/fr-ca\/","name":"Preferred Nutrition FR","description":"","publisher":{"@id":"https:\/\/pno.ca\/fr-ca\/#organization"},"potentialAction":[{"@type":"SearchAction","target":{"@type":"EntryPoint","urlTemplate":"https:\/\/pno.ca\/fr-ca\/?s={search_term_string}"},"query-input":{"@type":"PropertyValueSpecification","valueRequired":true,"valueName":"search_term_string"}}],"inLanguage":"fr-CA"},{"@type":"Organization","@id":"https:\/\/pno.ca\/fr-ca\/#organization","name":"Preferred Nutrition FR","url":"https:\/\/pno.ca\/fr-ca\/","logo":{"@type":"ImageObject","inLanguage":"fr-CA","@id":"https:\/\/pno.ca\/fr-ca\/#\/schema\/logo\/image\/","url":"https:\/\/pno.ca\/fr-ca\/wp-content\/uploads\/sites\/2\/2026\/01\/pno_logo.svg","contentUrl":"https:\/\/pno.ca\/fr-ca\/wp-content\/uploads\/sites\/2\/2026\/01\/pno_logo.svg","width":442,"height":100,"caption":"Preferred Nutrition FR"},"image":{"@id":"https:\/\/pno.ca\/fr-ca\/#\/schema\/logo\/image\/"}}]}},"acf":[],"spectra_custom_meta":{"total_sales":["0"],"_stock_status":["instock"],"_wc_review_count":["0"],"_wc_rating_count":["0"],"_wc_average_rating":["0"],"_sku":["PN0626"],"_tax_status":["none"],"_tax_class":[""],"_manage_stock":["no"],"_backorders":["no"],"_sold_individually":["no"],"_virtual":["no"],"_downloadable":["no"],"_download_limit":["-1"],"_download_expiry":["-1"],"_stock":[null],"_product_attributes":["a:1:{s:4:\"size\";a:6:{s:4:\"name\";s:4:\"Size\";s:5:\"value\";s:14:\"60\u00a0g\u00e9lifi\u00e9s\";s:8:\"position\";i:0;s:10:\"is_visible\";b:1;s:12:\"is_variation\";b:1;s:11:\"is_taxonomy\";b:0;}}"],"_product_version":["10.6.2"],"__is_newly_created_product":[""],"__first_variation_id":["2900"],"_product_id":["field_668afd01d6a11"],"product_id":["AN-CA-6-28826-00626-8"],"_subtitle":["field_68bb7abccd685"],"subtitle":[""],"_body":["field_66652d1802dae"],"body":[""],"_excerpt":["field_66652d2f02daf"],"excerpt":[""],"_marketing_summary":["field_68bb7bb6cd689"],"marketing_summary":["Canneberge de Preferred Nutrition fournit l\u2019\u00e9quivalent de 10 000 mg de canneberges fra\u00eeches par jour, d\u00e9livr\u00e9es dans de d\u00e9licieux g\u00e9lifi\u00e9s v\u00e9g\u00e9taliens \u00e0 la saveur d\u2019un m\u00e9lange de baies. La canneberge est utilis\u00e9e en phytoth\u00e9rapie pour aider \u00e0 pr\u00e9venir les infections urinaires. Ces g\u00e9lifi\u00e9s sans g\u00e9latine contiennent un extrait de canneberge 50:1 qui fournit des antioxydants sans l\u2019apport \u00e9lev\u00e9 en sucre associ\u00e9 au jus de canneberge."],"_medicinal_ingredients":["field_66652dba0405a"],"medicinal_ingredients":["<table class=\"fg-table\" border=\"1\" collapse=\"collapse\"> <thead class=\"fg-head\"> <tr> <td colspan=\"2\"><b>Chaque g\u00e9lifi\u00e9 contient :<\/b><\/td> <\/tr> <tr> <td colspan=\"2\"><b>Ingr\u00e9dient m\u00e9dicinal :<\/b><\/td> <\/tr> <\/thead> <tbody> <tr> <td colspan=\"1\">Extrait de canneberge 50:1 (<i>Vaccinium macrocarpon<\/i>) (fruit) <\/td> <td> 200 mg<\/td> <\/tr> <tr> <td colspan=\"1\">&nbsp;&nbsp;*\u00c9quivalence en canneberges fra\u00eeches <\/td> <td> 10 000 mg<\/td> <\/tr> <\/tbody> <\/table>"],"_non_medicinal_ingredients":["field_66652dd456ed8"],"non_medicinal_ingredients":["Sirop de glucose, sucre de canne, eau, pectine, acide citrique, citrate de sodium, ar\u00f4mes naturels, huile de noix de coco, anthocyanines, cire de carnauba."],"_recommended_purpose":["field_68bb7b43cd688"],"recommended_purpose":["<ul><li>Aide \u00e0 pr\u00e9venir les infections des voies urinaires (IVU).<\/li><\/ul>"],"_recommended_dose":["field_6665306d56edd"],"recommended_dose":["<b>Posologie recommand\u00e9e (adultes) :<\/b> 1 g\u00e9lifi\u00e9 par jour ou suivre les recommandations d\u2019un praticien de la sant\u00e9. Utiliser pendant au moins 4 semaines pour \u00eatre en mesure de constater les effets b\u00e9n\u00e9fiques."],"_allergen_statement":["field_66652e0e56ed9"],"allergen_statement":["Ce produit ne contient pas d\u2019agents de conservation, colorants ou \u00e9dulcorants artificiels ; sans produits laitiers, bl\u00e9, gluten, levure, soja, oeufs, poissons, fruits de mer, produits animaux, sel, noix ni g\u00e8nes ou prot\u00e9ines g\u00e9n\u00e9tiquement modifi\u00e9s. Convient aux v\u00e9g\u00e9tariens et v\u00e9g\u00e9taliens."],"_label_caution":["field_6665307456ede"],"label_caution":["Consulter un praticien de la sant\u00e9 avant l\u2019usage en cas d\u2019ant\u00e9c\u00e9dents de calculs r\u00e9naux ou si vous prenez des anticoagulants. Consulter un praticien de la sant\u00e9 si les sympt\u00f4mes persistent ou s\u2019aggravent. Conserver hors de la port\u00e9e des enfants."],"_strength":["field_6665304656eda"],"strength":["10\u00a0000\u00a0mg"],"_flavour":["field_6665305356edb"],"flavour":["M\u00e9lange de baies"],"_form":["field_6665305a56edc"],"form":["g\u00e9lifi\u00e9s"],"_npn":["field_68bb7ac9cd686"],"npn":["80111017"],"_costco_product":["field_68bb7b36cd687"],"costco_product":[""],"_alt_lang_handle":["field_68bb7bc7cd68a"],"alt_lang_handle":["cranberry-10000-mg-gummies"],"_wp_page_template":["default"],"_thumbnail_id":["3394"],"_product_image_gallery":[""],"_default_attributes":["a:1:{s:4:\"size\";s:14:\"60\u00a0g\u00e9lifi\u00e9s\";}"],"_price":["1"],"_uag_css_file_name":["uag-css-2899.css"]},"uagb_featured_image_src":{"full":["https:\/\/pno.ca\/fr-ca\/wp-content\/uploads\/sites\/2\/2026\/03\/pn0626__image-hi-res__cranberry-10-000-mg-gummy__2952814.png",600,600,false],"thumbnail":["https:\/\/pno.ca\/fr-ca\/wp-content\/uploads\/sites\/2\/2026\/03\/pn0626__image-hi-res__cranberry-10-000-mg-gummy__2952814-150x150.png",150,150,true],"medium":["https:\/\/pno.ca\/fr-ca\/wp-content\/uploads\/sites\/2\/2026\/03\/pn0626__image-hi-res__cranberry-10-000-mg-gummy__2952814-300x300.png",300,300,true],"medium_large":["https:\/\/pno.ca\/fr-ca\/wp-content\/uploads\/sites\/2\/2026\/03\/pn0626__image-hi-res__cranberry-10-000-mg-gummy__2952814.png",600,600,false],"large":["https:\/\/pno.ca\/fr-ca\/wp-content\/uploads\/sites\/2\/2026\/03\/pn0626__image-hi-res__cranberry-10-000-mg-gummy__2952814.png",600,600,false],"1536x1536":["https:\/\/pno.ca\/fr-ca\/wp-content\/uploads\/sites\/2\/2026\/03\/pn0626__image-hi-res__cranberry-10-000-mg-gummy__2952814.png",600,600,false],"2048x2048":["https:\/\/pno.ca\/fr-ca\/wp-content\/uploads\/sites\/2\/2026\/03\/pn0626__image-hi-res__cranberry-10-000-mg-gummy__2952814.png",600,600,false],"gform-image-choice-sm":["https:\/\/pno.ca\/fr-ca\/wp-content\/uploads\/sites\/2\/2026\/03\/pn0626__image-hi-res__cranberry-10-000-mg-gummy__2952814.png",300,300,false],"gform-image-choice-md":["https:\/\/pno.ca\/fr-ca\/wp-content\/uploads\/sites\/2\/2026\/03\/pn0626__image-hi-res__cranberry-10-000-mg-gummy__2952814.png",400,400,false],"gform-image-choice-lg":["https:\/\/pno.ca\/fr-ca\/wp-content\/uploads\/sites\/2\/2026\/03\/pn0626__image-hi-res__cranberry-10-000-mg-gummy__2952814.png",600,600,false],"woocommerce_thumbnail":["https:\/\/pno.ca\/fr-ca\/wp-content\/uploads\/sites\/2\/2026\/03\/pn0626__image-hi-res__cranberry-10-000-mg-gummy__2952814.png",600,600,false],"woocommerce_single":["https:\/\/pno.ca\/fr-ca\/wp-content\/uploads\/sites\/2\/2026\/03\/pn0626__image-hi-res__cranberry-10-000-mg-gummy__2952814.png",600,600,false],"woocommerce_gallery_thumbnail":["https:\/\/pno.ca\/fr-ca\/wp-content\/uploads\/sites\/2\/2026\/03\/pn0626__image-hi-res__cranberry-10-000-mg-gummy__2952814-100x100.png",100,100,true]},"uagb_author_info":{"display_name":"Shiva","author_link":"https:\/\/pno.ca\/fr-ca\/blog\/author\/"},"uagb_comment_info":0,"uagb_excerpt":"Canneberge de Preferred Nutrition fournit l\u2019\u00e9quivalent de 10 000 mg de canneberges fra\u00eeches par jour, d\u00e9livr\u00e9es dans de d\u00e9licieux g\u00e9lifi\u00e9s v\u00e9g\u00e9taliens \u00e0 la saveur d\u2019un m\u00e9lange de baies. La canneberge est utilis\u00e9e en phytoth\u00e9rapie pour aider \u00e0 pr\u00e9venir les infections urinaires. Ces g\u00e9lifi\u00e9s sans g\u00e9latine contiennent un extrait de canneberge 50:1 qui fournit des antioxydants&hellip;","_links":{"self":[{"href":"https:\/\/pno.ca\/fr-ca\/wp-json\/wp\/v2\/product\/2899","targetHints":{"allow":["GET"]}}],"collection":[{"href":"https:\/\/pno.ca\/fr-ca\/wp-json\/wp\/v2\/product"}],"about":[{"href":"https:\/\/pno.ca\/fr-ca\/wp-json\/wp\/v2\/types\/product"}],"wp:featuredmedia":[{"embeddable":true,"href":"https:\/\/pno.ca\/fr-ca\/wp-json\/wp\/v2\/media\/3394"}],"wp:attachment":[{"href":"https:\/\/pno.ca\/fr-ca\/wp-json\/wp\/v2\/media?parent=2899"}],"wp:term":[{"taxonomy":"benefit","embeddable":true,"href":"https:\/\/pno.ca\/fr-ca\/wp-json\/wp\/v2\/benefit?post=2899"},{"taxonomy":"product_brand","embeddable":true,"href":"https:\/\/pno.ca\/fr-ca\/wp-json\/wp\/v2\/product_brand?post=2899"},{"taxonomy":"product_cat","embeddable":true,"href":"https:\/\/pno.ca\/fr-ca\/wp-json\/wp\/v2\/product_cat?post=2899"},{"taxonomy":"product_tag","embeddable":true,"href":"https:\/\/pno.ca\/fr-ca\/wp-json\/wp\/v2\/product_tag?post=2899"}],"curies":[{"name":"wp","href":"https:\/\/api.w.org\/{rel}","templated":true}]}}