{"id":2903,"date":"2026-04-07T15:27:01","date_gmt":"2026-04-07T22:27:01","guid":{"rendered":"http:\/\/pnocanada.local\/product\/lions-mane-mushroom-500-mg\/"},"modified":"2026-04-07T15:27:08","modified_gmt":"2026-04-07T22:27:08","slug":"lions-mane-mushroom-500-mg","status":"publish","type":"product","link":"https:\/\/pno.ca\/fr-ca\/product\/lions-mane-mushroom-500-mg\/","title":{"rendered":"Champignon crini\u00e8re de lion 500\u00a0mg"},"content":{"rendered":"<div class=\"fg-summary\">\n\tChampignon crini\u00e8re de lion de Preferred Nutrition constitue une source de polysaccharides fongiques aux propri\u00e9t\u00e9s immunomodulatrices. Il fournit \u00e9galement des antioxydants qui aident \u00e0 prot\u00e9ger contre les radicaux libres. Chaque capsule v\u00e9g\u00e9tarienne contient 500 mg d\u2019extrait 10:1 de crini\u00e8re de lion (<i>Hericium erinaceus<\/i>) d\u00e9riv\u00e9 du corps fructif\u00e8re. Il est sans OGM ni gluten et convient aux v\u00e9g\u00e9tariens et v\u00e9g\u00e9taliens.\n<\/div>\n<ul class=\"fg-features\">\n<li>Source de polysaccharides fongiques aux propri\u00e9t\u00e9s immunomodulatrices<\/li>\n<li>Fournit des antioxydants qui aident \u00e0 prot\u00e9ger les cellules contre les dommages oxydatifs caus\u00e9s par les radicaux libres<\/li>\n<li>Chaque dose quotidienne de deux capsules fournit 1 000 mg d\u2019extrait de crini\u00e8re de lion<\/li>\n<li>Convient aux v\u00e9g\u00e9tariens et v\u00e9g\u00e9taliens<\/li>\n<li>Certifi\u00e9 par une tierce partie pour sa puret\u00e9 et sa puissance<\/li>\n<\/ul>\n","protected":false},"excerpt":{"rendered":"<div class=\"fg-summary\">\n\tChampignon crini\u00e8re de lion de Preferred Nutrition constitue une source de polysaccharides fongiques aux propri\u00e9t\u00e9s immunomodulatrices. Il fournit \u00e9galement des antioxydants qui aident \u00e0 prot\u00e9ger contre les radicaux libres. Chaque capsule v\u00e9g\u00e9tarienne contient 500 mg d\u2019extrait 10:1 de crini\u00e8re de lion (<i>Hericium erinaceus<\/i>) d\u00e9riv\u00e9 du corps fructif\u00e8re. Il est sans OGM ni gluten et convient aux v\u00e9g\u00e9tariens et v\u00e9g\u00e9taliens.\n<\/div>\n<ul class=\"fg-features\">\n<li>Source de polysaccharides fongiques aux propri\u00e9t\u00e9s immunomodulatrices<\/li>\n<li>Fournit des antioxydants qui aident \u00e0 prot\u00e9ger les cellules contre les dommages oxydatifs caus\u00e9s par les radicaux libres<\/li>\n<li>Chaque dose quotidienne de deux capsules fournit 1 000 mg d\u2019extrait de crini\u00e8re de lion<\/li>\n<li>Convient aux v\u00e9g\u00e9tariens et v\u00e9g\u00e9taliens<\/li>\n<li>Certifi\u00e9 par une tierce partie pour sa puret\u00e9 et sa puissance<\/li>\n<\/ul>\n","protected":false},"featured_media":3395,"template":"","meta":{"_acf_changed":false,"_uag_custom_page_level_css":"","site-sidebar-layout":"default","site-content-layout":"","ast-site-content-layout":"default","site-content-style":"default","site-sidebar-style":"default","ast-global-header-display":"","ast-banner-title-visibility":"","ast-main-header-display":"","ast-hfb-above-header-display":"","ast-hfb-below-header-display":"","ast-hfb-mobile-header-display":"","site-post-title":"","ast-breadcrumbs-content":"","ast-featured-img":"","footer-sml-layout":"","ast-disable-related-posts":"","theme-transparent-header-meta":"","adv-header-id-meta":"","stick-header-meta":"","header-above-stick-meta":"","header-main-stick-meta":"","header-below-stick-meta":"","astra-migrate-meta-layouts":"default","ast-page-background-enabled":"default","ast-page-background-meta":{"desktop":{"background-color":"var(--ast-global-color-4)","background-image":"","background-repeat":"repeat","background-position":"center center","background-size":"auto","background-attachment":"scroll","background-type":"","background-media":"","overlay-type":"","overlay-color":"","overlay-opacity":"","overlay-gradient":""},"tablet":{"background-color":"","background-image":"","background-repeat":"repeat","background-position":"center center","background-size":"auto","background-attachment":"scroll","background-type":"","background-media":"","overlay-type":"","overlay-color":"","overlay-opacity":"","overlay-gradient":""},"mobile":{"background-color":"","background-image":"","background-repeat":"repeat","background-position":"center center","background-size":"auto","background-attachment":"scroll","background-type":"","background-media":"","overlay-type":"","overlay-color":"","overlay-opacity":"","overlay-gradient":""}},"ast-content-background-meta":{"desktop":{"background-color":"var(--ast-global-color-5)","background-image":"","background-repeat":"repeat","background-position":"center center","background-size":"auto","background-attachment":"scroll","background-type":"","background-media":"","overlay-type":"","overlay-color":"","overlay-opacity":"","overlay-gradient":""},"tablet":{"background-color":"var(--ast-global-color-5)","background-image":"","background-repeat":"repeat","background-position":"center center","background-size":"auto","background-attachment":"scroll","background-type":"","background-media":"","overlay-type":"","overlay-color":"","overlay-opacity":"","overlay-gradient":""},"mobile":{"background-color":"var(--ast-global-color-5)","background-image":"","background-repeat":"repeat","background-position":"center center","background-size":"auto","background-attachment":"scroll","background-type":"","background-media":"","overlay-type":"","overlay-color":"","overlay-opacity":"","overlay-gradient":""}}},"benefit":[373],"product_brand":[],"product_cat":[337,336],"product_tag":[170],"class_list":{"0":"post-2903","1":"product","2":"type-product","3":"status-publish","4":"has-post-thumbnail","6":"benefit-soutien-immunitaire","7":"product_cat-champignon","8":"product_cat-herbes-et-plantes","9":"product_tag-active","10":"desktop-align-center","11":"tablet-align-center","12":"mobile-align-center","13":"ast-product-gallery-layout-horizontal-slider","14":"ast-magnify-disabled","15":"ast-product-single-variable","17":"first","18":"instock","19":"product-type-variable","20":"has-default-attributes"},"yoast_head":"<!-- This site is optimized with the Yoast SEO plugin v27.3 - https:\/\/yoast.com\/product\/yoast-seo-wordpress\/ -->\n<title>Champignon crini\u00e8re de lion 500\u00a0mg - Preferred Nutrition FR<\/title>\n<meta name=\"robots\" content=\"index, follow, max-snippet:-1, max-image-preview:large, max-video-preview:-1\" \/>\n<link rel=\"canonical\" href=\"https:\/\/pno.ca\/fr-ca\/product\/lions-mane-mushroom-500-mg\/\" \/>\n<meta property=\"og:locale\" content=\"fr_CA\" \/>\n<meta property=\"og:type\" content=\"article\" \/>\n<meta property=\"og:title\" content=\"Champignon crini\u00e8re de lion 500\u00a0mg - Preferred Nutrition FR\" \/>\n<meta property=\"og:description\" content=\"Champignon crini\u00e8re de lion de Preferred Nutrition constitue une source de polysaccharides fongiques aux propri\u00e9t\u00e9s immunomodulatrices. Il fournit \u00e9galement des antioxydants qui aident \u00e0 prot\u00e9ger contre les radicaux libres. Chaque capsule v\u00e9g\u00e9tarienne contient 500 mg d\u2019extrait 10:1 de crini\u00e8re de lion (Hericium erinaceus) d\u00e9riv\u00e9 du corps fructif\u00e8re. Il est sans OGM ni gluten et convient aux v\u00e9g\u00e9tariens et v\u00e9g\u00e9taliens.   Source de polysaccharides fongiques aux propri\u00e9t\u00e9s immunomodulatrices Fournit des antioxydants qui aident \u00e0 prot\u00e9ger les cellules contre les dommages oxydatifs caus\u00e9s par les radicaux libres Chaque dose quotidienne de deux capsules fournit 1 000 mg d\u2019extrait de crini\u00e8re de lion Convient aux v\u00e9g\u00e9tariens et v\u00e9g\u00e9taliens Certifi\u00e9 par une tierce partie pour sa puret\u00e9 et sa puissance\" \/>\n<meta property=\"og:url\" content=\"https:\/\/pno.ca\/fr-ca\/product\/lions-mane-mushroom-500-mg\/\" \/>\n<meta property=\"og:site_name\" content=\"Preferred Nutrition FR\" \/>\n<meta property=\"article:modified_time\" content=\"2026-04-07T22:27:08+00:00\" \/>\n<meta property=\"og:image\" content=\"https:\/\/pno.ca\/fr-ca\/wp-content\/uploads\/sites\/2\/2026\/03\/pn0691__image-hi-res__lions-mane-mushroom__2236683.png\" \/>\n\t<meta property=\"og:image:width\" content=\"600\" \/>\n\t<meta property=\"og:image:height\" content=\"600\" \/>\n\t<meta property=\"og:image:type\" content=\"image\/png\" \/>\n<meta name=\"twitter:card\" content=\"summary_large_image\" \/>\n<meta name=\"twitter:label1\" content=\"Est. reading time\" \/>\n\t<meta name=\"twitter:data1\" content=\"1 minute\" \/>\n<script type=\"application\/ld+json\" class=\"yoast-schema-graph\">{\"@context\":\"https:\\\/\\\/schema.org\",\"@graph\":[{\"@type\":\"WebPage\",\"@id\":\"https:\\\/\\\/pno.ca\\\/fr-ca\\\/product\\\/lions-mane-mushroom-500-mg\\\/\",\"url\":\"https:\\\/\\\/pno.ca\\\/fr-ca\\\/product\\\/lions-mane-mushroom-500-mg\\\/\",\"name\":\"Champignon crini\u00e8re de lion 500\u00a0mg - Preferred Nutrition FR\",\"isPartOf\":{\"@id\":\"https:\\\/\\\/pno.ca\\\/fr-ca\\\/#website\"},\"primaryImageOfPage\":{\"@id\":\"https:\\\/\\\/pno.ca\\\/fr-ca\\\/product\\\/lions-mane-mushroom-500-mg\\\/#primaryimage\"},\"image\":{\"@id\":\"https:\\\/\\\/pno.ca\\\/fr-ca\\\/product\\\/lions-mane-mushroom-500-mg\\\/#primaryimage\"},\"thumbnailUrl\":\"https:\\\/\\\/pno.ca\\\/fr-ca\\\/wp-content\\\/uploads\\\/sites\\\/2\\\/2026\\\/03\\\/pn0691__image-hi-res__lions-mane-mushroom__2236683.png\",\"datePublished\":\"2026-04-07T22:27:01+00:00\",\"dateModified\":\"2026-04-07T22:27:08+00:00\",\"breadcrumb\":{\"@id\":\"https:\\\/\\\/pno.ca\\\/fr-ca\\\/product\\\/lions-mane-mushroom-500-mg\\\/#breadcrumb\"},\"inLanguage\":\"fr-CA\",\"potentialAction\":[{\"@type\":\"ReadAction\",\"target\":[\"https:\\\/\\\/pno.ca\\\/fr-ca\\\/product\\\/lions-mane-mushroom-500-mg\\\/\"]}]},{\"@type\":\"ImageObject\",\"inLanguage\":\"fr-CA\",\"@id\":\"https:\\\/\\\/pno.ca\\\/fr-ca\\\/product\\\/lions-mane-mushroom-500-mg\\\/#primaryimage\",\"url\":\"https:\\\/\\\/pno.ca\\\/fr-ca\\\/wp-content\\\/uploads\\\/sites\\\/2\\\/2026\\\/03\\\/pn0691__image-hi-res__lions-mane-mushroom__2236683.png\",\"contentUrl\":\"https:\\\/\\\/pno.ca\\\/fr-ca\\\/wp-content\\\/uploads\\\/sites\\\/2\\\/2026\\\/03\\\/pn0691__image-hi-res__lions-mane-mushroom__2236683.png\",\"width\":600,\"height\":600,\"caption\":\"Champignon crinire de lion - Hi-Res - PN0691\"},{\"@type\":\"BreadcrumbList\",\"@id\":\"https:\\\/\\\/pno.ca\\\/fr-ca\\\/product\\\/lions-mane-mushroom-500-mg\\\/#breadcrumb\",\"itemListElement\":[{\"@type\":\"ListItem\",\"position\":1,\"name\":\"Home\",\"item\":\"https:\\\/\\\/pno.ca\\\/fr-ca\\\/\"},{\"@type\":\"ListItem\",\"position\":2,\"name\":\"Produits\",\"item\":\"https:\\\/\\\/pno.ca\\\/fr-ca\\\/products\\\/\"},{\"@type\":\"ListItem\",\"position\":3,\"name\":\"Champignon crini\u00e8re de lion 500\u00a0mg\"}]},{\"@type\":\"WebSite\",\"@id\":\"https:\\\/\\\/pno.ca\\\/fr-ca\\\/#website\",\"url\":\"https:\\\/\\\/pno.ca\\\/fr-ca\\\/\",\"name\":\"Preferred Nutrition FR\",\"description\":\"\",\"publisher\":{\"@id\":\"https:\\\/\\\/pno.ca\\\/fr-ca\\\/#organization\"},\"potentialAction\":[{\"@type\":\"SearchAction\",\"target\":{\"@type\":\"EntryPoint\",\"urlTemplate\":\"https:\\\/\\\/pno.ca\\\/fr-ca\\\/?s={search_term_string}\"},\"query-input\":{\"@type\":\"PropertyValueSpecification\",\"valueRequired\":true,\"valueName\":\"search_term_string\"}}],\"inLanguage\":\"fr-CA\"},{\"@type\":\"Organization\",\"@id\":\"https:\\\/\\\/pno.ca\\\/fr-ca\\\/#organization\",\"name\":\"Preferred Nutrition FR\",\"url\":\"https:\\\/\\\/pno.ca\\\/fr-ca\\\/\",\"logo\":{\"@type\":\"ImageObject\",\"inLanguage\":\"fr-CA\",\"@id\":\"https:\\\/\\\/pno.ca\\\/fr-ca\\\/#\\\/schema\\\/logo\\\/image\\\/\",\"url\":\"https:\\\/\\\/pno.ca\\\/fr-ca\\\/wp-content\\\/uploads\\\/sites\\\/2\\\/2026\\\/01\\\/pno_logo.svg\",\"contentUrl\":\"https:\\\/\\\/pno.ca\\\/fr-ca\\\/wp-content\\\/uploads\\\/sites\\\/2\\\/2026\\\/01\\\/pno_logo.svg\",\"width\":442,\"height\":100,\"caption\":\"Preferred Nutrition FR\"},\"image\":{\"@id\":\"https:\\\/\\\/pno.ca\\\/fr-ca\\\/#\\\/schema\\\/logo\\\/image\\\/\"}}]}<\/script>\n<!-- \/ Yoast SEO plugin. -->","yoast_head_json":{"title":"Champignon crini\u00e8re de lion 500\u00a0mg - Preferred Nutrition FR","robots":{"index":"index","follow":"follow","max-snippet":"max-snippet:-1","max-image-preview":"max-image-preview:large","max-video-preview":"max-video-preview:-1"},"canonical":"https:\/\/pno.ca\/fr-ca\/product\/lions-mane-mushroom-500-mg\/","og_locale":"fr_CA","og_type":"article","og_title":"Champignon crini\u00e8re de lion 500\u00a0mg - Preferred Nutrition FR","og_description":"Champignon crini\u00e8re de lion de Preferred Nutrition constitue une source de polysaccharides fongiques aux propri\u00e9t\u00e9s immunomodulatrices. Il fournit \u00e9galement des antioxydants qui aident \u00e0 prot\u00e9ger contre les radicaux libres. Chaque capsule v\u00e9g\u00e9tarienne contient 500 mg d\u2019extrait 10:1 de crini\u00e8re de lion (Hericium erinaceus) d\u00e9riv\u00e9 du corps fructif\u00e8re. Il est sans OGM ni gluten et convient aux v\u00e9g\u00e9tariens et v\u00e9g\u00e9taliens.   Source de polysaccharides fongiques aux propri\u00e9t\u00e9s immunomodulatrices Fournit des antioxydants qui aident \u00e0 prot\u00e9ger les cellules contre les dommages oxydatifs caus\u00e9s par les radicaux libres Chaque dose quotidienne de deux capsules fournit 1 000 mg d\u2019extrait de crini\u00e8re de lion Convient aux v\u00e9g\u00e9tariens et v\u00e9g\u00e9taliens Certifi\u00e9 par une tierce partie pour sa puret\u00e9 et sa puissance","og_url":"https:\/\/pno.ca\/fr-ca\/product\/lions-mane-mushroom-500-mg\/","og_site_name":"Preferred Nutrition FR","article_modified_time":"2026-04-07T22:27:08+00:00","og_image":[{"width":600,"height":600,"url":"https:\/\/pno.ca\/fr-ca\/wp-content\/uploads\/sites\/2\/2026\/03\/pn0691__image-hi-res__lions-mane-mushroom__2236683.png","type":"image\/png"}],"twitter_card":"summary_large_image","twitter_misc":{"Est. reading time":"1 minute"},"schema":{"@context":"https:\/\/schema.org","@graph":[{"@type":"WebPage","@id":"https:\/\/pno.ca\/fr-ca\/product\/lions-mane-mushroom-500-mg\/","url":"https:\/\/pno.ca\/fr-ca\/product\/lions-mane-mushroom-500-mg\/","name":"Champignon crini\u00e8re de lion 500\u00a0mg - Preferred Nutrition FR","isPartOf":{"@id":"https:\/\/pno.ca\/fr-ca\/#website"},"primaryImageOfPage":{"@id":"https:\/\/pno.ca\/fr-ca\/product\/lions-mane-mushroom-500-mg\/#primaryimage"},"image":{"@id":"https:\/\/pno.ca\/fr-ca\/product\/lions-mane-mushroom-500-mg\/#primaryimage"},"thumbnailUrl":"https:\/\/pno.ca\/fr-ca\/wp-content\/uploads\/sites\/2\/2026\/03\/pn0691__image-hi-res__lions-mane-mushroom__2236683.png","datePublished":"2026-04-07T22:27:01+00:00","dateModified":"2026-04-07T22:27:08+00:00","breadcrumb":{"@id":"https:\/\/pno.ca\/fr-ca\/product\/lions-mane-mushroom-500-mg\/#breadcrumb"},"inLanguage":"fr-CA","potentialAction":[{"@type":"ReadAction","target":["https:\/\/pno.ca\/fr-ca\/product\/lions-mane-mushroom-500-mg\/"]}]},{"@type":"ImageObject","inLanguage":"fr-CA","@id":"https:\/\/pno.ca\/fr-ca\/product\/lions-mane-mushroom-500-mg\/#primaryimage","url":"https:\/\/pno.ca\/fr-ca\/wp-content\/uploads\/sites\/2\/2026\/03\/pn0691__image-hi-res__lions-mane-mushroom__2236683.png","contentUrl":"https:\/\/pno.ca\/fr-ca\/wp-content\/uploads\/sites\/2\/2026\/03\/pn0691__image-hi-res__lions-mane-mushroom__2236683.png","width":600,"height":600,"caption":"Champignon crinire de lion - Hi-Res - PN0691"},{"@type":"BreadcrumbList","@id":"https:\/\/pno.ca\/fr-ca\/product\/lions-mane-mushroom-500-mg\/#breadcrumb","itemListElement":[{"@type":"ListItem","position":1,"name":"Home","item":"https:\/\/pno.ca\/fr-ca\/"},{"@type":"ListItem","position":2,"name":"Produits","item":"https:\/\/pno.ca\/fr-ca\/products\/"},{"@type":"ListItem","position":3,"name":"Champignon crini\u00e8re de lion 500\u00a0mg"}]},{"@type":"WebSite","@id":"https:\/\/pno.ca\/fr-ca\/#website","url":"https:\/\/pno.ca\/fr-ca\/","name":"Preferred Nutrition FR","description":"","publisher":{"@id":"https:\/\/pno.ca\/fr-ca\/#organization"},"potentialAction":[{"@type":"SearchAction","target":{"@type":"EntryPoint","urlTemplate":"https:\/\/pno.ca\/fr-ca\/?s={search_term_string}"},"query-input":{"@type":"PropertyValueSpecification","valueRequired":true,"valueName":"search_term_string"}}],"inLanguage":"fr-CA"},{"@type":"Organization","@id":"https:\/\/pno.ca\/fr-ca\/#organization","name":"Preferred Nutrition FR","url":"https:\/\/pno.ca\/fr-ca\/","logo":{"@type":"ImageObject","inLanguage":"fr-CA","@id":"https:\/\/pno.ca\/fr-ca\/#\/schema\/logo\/image\/","url":"https:\/\/pno.ca\/fr-ca\/wp-content\/uploads\/sites\/2\/2026\/01\/pno_logo.svg","contentUrl":"https:\/\/pno.ca\/fr-ca\/wp-content\/uploads\/sites\/2\/2026\/01\/pno_logo.svg","width":442,"height":100,"caption":"Preferred Nutrition FR"},"image":{"@id":"https:\/\/pno.ca\/fr-ca\/#\/schema\/logo\/image\/"}}]}},"acf":[],"spectra_custom_meta":{"total_sales":["0"],"_stock_status":["instock"],"_wc_review_count":["0"],"_wc_rating_count":["0"],"_wc_average_rating":["0"],"_sku":["PN0691"],"_tax_status":["none"],"_tax_class":[""],"_manage_stock":["no"],"_backorders":["no"],"_sold_individually":["no"],"_virtual":["no"],"_downloadable":["no"],"_download_limit":["-1"],"_download_expiry":["-1"],"_stock":[null],"_product_attributes":["a:1:{s:4:\"size\";a:6:{s:4:\"name\";s:4:\"Size\";s:5:\"value\";s:29:\"120\u00a0capsules v\u00e9g\u00e9tariennes\";s:8:\"position\";i:0;s:10:\"is_visible\";b:1;s:12:\"is_variation\";b:1;s:11:\"is_taxonomy\";b:0;}}"],"_product_version":["10.6.2"],"__is_newly_created_product":[""],"__first_variation_id":["2904"],"_product_id":["field_668afd01d6a11"],"product_id":["AN-CA-6-28826-00691-6"],"_subtitle":["field_68bb7abccd685"],"subtitle":[""],"_body":["field_66652d1802dae"],"body":[""],"_excerpt":["field_66652d2f02daf"],"excerpt":[""],"_marketing_summary":["field_68bb7bb6cd689"],"marketing_summary":["Champignon crini\u00e8re de lion de Preferred Nutrition constitue une source de polysaccharides fongiques aux propri\u00e9t\u00e9s immunomodulatrices. Il fournit \u00e9galement des antioxydants qui aident \u00e0 prot\u00e9ger contre les radicaux libres. Chaque capsule v\u00e9g\u00e9tarienne contient 500 mg d\u2019extrait 10:1 de crini\u00e8re de lion (<i>Hericium erinaceus<\/i>) d\u00e9riv\u00e9 du corps fructif\u00e8re. Il est sans OGM ni gluten et convient aux v\u00e9g\u00e9tariens et v\u00e9g\u00e9taliens."],"_medicinal_ingredients":["field_66652dba0405a"],"medicinal_ingredients":["<table class=\"fg-table\" border=\"1\" collapse=\"collapse\"> <thead class=\"fg-head\"> <tr> <td colspan=\"2\"><b>Chaque capsule v\u00e9g\u00e9tarienne contient :<\/b><\/td> <\/tr> <tr> <td colspan=\"2\"><b>Ingr\u00e9dient m\u00e9dicinal :<\/b><\/td> <\/tr> <\/thead> <tbody> <tr> <td colspan=\"1\">Extrait 10:1 de crini\u00e8re de lion (<i>Hericium erinaceus<\/i>) (corps fructif\u00e8re) <\/td> <td> 500 mg<\/td> <\/tr> <\/tbody> <\/table>"],"_non_medicinal_ingredients":["field_66652dd456ed8"],"non_medicinal_ingredients":["farine de riz, capsule v\u00e9g\u00e9tarienne (gomme de glucides [cellulose], eau), st\u00e9arate de magn\u00e9sium d\u2019origine v\u00e9g\u00e9tale (lubrifiant), acide st\u00e9arique, silice."],"_recommended_purpose":["field_68bb7b43cd688"],"recommended_purpose":["<ul><li>Source de polysaccharides fongiques avec des propri\u00e9t\u00e9s immunomodulatrices.<\/li><li>Source d\u2019antioxydants qui aident \u00e0 prot\u00e9ger les cellules contre les dommages oxydatifs caus\u00e9s par les radicaux libres.<\/li><\/ul>"],"_recommended_dose":["field_6665306d56edd"],"recommended_dose":["<b>Posologie recommand\u00e9e (adultes de 18 ans et plus) :<\/b> 1 \u00e0 2 capsules une fois par jour ou suivre les recommandations d\u2019un praticien de la sant\u00e9."],"_allergen_statement":["field_66652e0e56ed9"],"allergen_statement":["Ce produit ne contient pas d\u2019agents de conservation, colorants ou \u00e9dulcorants artificiels ; sans produits laitiers, sucre, bl\u00e9, gluten, levure, soja, \u0153ufs, poissons, fruits de mer, produits animaux, sel, noix ni g\u00e8nes ou prot\u00e9ines g\u00e9n\u00e9tiquement modifi\u00e9s. Convient aux v\u00e9g\u00e9tariens et v\u00e9g\u00e9taliens."],"_label_caution":["field_6665307456ede"],"label_caution":["Consulter un praticien de la sant\u00e9 avant l\u2019usage si vous \u00eates enceinte ou si vous allaitez. Conserver hors de la port\u00e9e des enfants."],"_strength":["field_6665304656eda"],"strength":["500\u00a0mg"],"_flavour":["field_6665305356edb"],"flavour":[""],"_form":["field_6665305a56edc"],"form":["capsules v\u00e9g\u00e9tariennes"],"_npn":["field_68bb7ac9cd686"],"npn":["80141103"],"_costco_product":["field_68bb7b36cd687"],"costco_product":[""],"_alt_lang_handle":["field_68bb7bc7cd68a"],"alt_lang_handle":["lions-mane-mushroom-500-mg"],"_wp_page_template":["default"],"_thumbnail_id":["3395"],"_product_image_gallery":["3396,"],"_default_attributes":["a:1:{s:4:\"size\";s:29:\"120\u00a0capsules v\u00e9g\u00e9tariennes\";}"],"_price":["1"],"_uag_css_file_name":["uag-css-2903.css"]},"uagb_featured_image_src":{"full":["https:\/\/pno.ca\/fr-ca\/wp-content\/uploads\/sites\/2\/2026\/03\/pn0691__image-hi-res__lions-mane-mushroom__2236683.png",600,600,false],"thumbnail":["https:\/\/pno.ca\/fr-ca\/wp-content\/uploads\/sites\/2\/2026\/03\/pn0691__image-hi-res__lions-mane-mushroom__2236683-150x150.png",150,150,true],"medium":["https:\/\/pno.ca\/fr-ca\/wp-content\/uploads\/sites\/2\/2026\/03\/pn0691__image-hi-res__lions-mane-mushroom__2236683-300x300.png",300,300,true],"medium_large":["https:\/\/pno.ca\/fr-ca\/wp-content\/uploads\/sites\/2\/2026\/03\/pn0691__image-hi-res__lions-mane-mushroom__2236683.png",600,600,false],"large":["https:\/\/pno.ca\/fr-ca\/wp-content\/uploads\/sites\/2\/2026\/03\/pn0691__image-hi-res__lions-mane-mushroom__2236683.png",600,600,false],"1536x1536":["https:\/\/pno.ca\/fr-ca\/wp-content\/uploads\/sites\/2\/2026\/03\/pn0691__image-hi-res__lions-mane-mushroom__2236683.png",600,600,false],"2048x2048":["https:\/\/pno.ca\/fr-ca\/wp-content\/uploads\/sites\/2\/2026\/03\/pn0691__image-hi-res__lions-mane-mushroom__2236683.png",600,600,false],"gform-image-choice-sm":["https:\/\/pno.ca\/fr-ca\/wp-content\/uploads\/sites\/2\/2026\/03\/pn0691__image-hi-res__lions-mane-mushroom__2236683.png",300,300,false],"gform-image-choice-md":["https:\/\/pno.ca\/fr-ca\/wp-content\/uploads\/sites\/2\/2026\/03\/pn0691__image-hi-res__lions-mane-mushroom__2236683.png",400,400,false],"gform-image-choice-lg":["https:\/\/pno.ca\/fr-ca\/wp-content\/uploads\/sites\/2\/2026\/03\/pn0691__image-hi-res__lions-mane-mushroom__2236683.png",600,600,false],"woocommerce_thumbnail":["https:\/\/pno.ca\/fr-ca\/wp-content\/uploads\/sites\/2\/2026\/03\/pn0691__image-hi-res__lions-mane-mushroom__2236683.png",600,600,false],"woocommerce_single":["https:\/\/pno.ca\/fr-ca\/wp-content\/uploads\/sites\/2\/2026\/03\/pn0691__image-hi-res__lions-mane-mushroom__2236683.png",600,600,false],"woocommerce_gallery_thumbnail":["https:\/\/pno.ca\/fr-ca\/wp-content\/uploads\/sites\/2\/2026\/03\/pn0691__image-hi-res__lions-mane-mushroom__2236683-100x100.png",100,100,true]},"uagb_author_info":{"display_name":"Shiva","author_link":"https:\/\/pno.ca\/fr-ca\/blog\/author\/"},"uagb_comment_info":0,"uagb_excerpt":"Champignon crini\u00e8re de lion de Preferred Nutrition constitue une source de polysaccharides fongiques aux propri\u00e9t\u00e9s immunomodulatrices. Il fournit \u00e9galement des antioxydants qui aident \u00e0 prot\u00e9ger contre les radicaux libres. Chaque capsule v\u00e9g\u00e9tarienne contient 500 mg d\u2019extrait 10:1 de crini\u00e8re de lion (Hericium erinaceus) d\u00e9riv\u00e9 du corps fructif\u00e8re. Il est sans OGM ni gluten et convient&hellip;","_links":{"self":[{"href":"https:\/\/pno.ca\/fr-ca\/wp-json\/wp\/v2\/product\/2903","targetHints":{"allow":["GET"]}}],"collection":[{"href":"https:\/\/pno.ca\/fr-ca\/wp-json\/wp\/v2\/product"}],"about":[{"href":"https:\/\/pno.ca\/fr-ca\/wp-json\/wp\/v2\/types\/product"}],"wp:featuredmedia":[{"embeddable":true,"href":"https:\/\/pno.ca\/fr-ca\/wp-json\/wp\/v2\/media\/3395"}],"wp:attachment":[{"href":"https:\/\/pno.ca\/fr-ca\/wp-json\/wp\/v2\/media?parent=2903"}],"wp:term":[{"taxonomy":"benefit","embeddable":true,"href":"https:\/\/pno.ca\/fr-ca\/wp-json\/wp\/v2\/benefit?post=2903"},{"taxonomy":"product_brand","embeddable":true,"href":"https:\/\/pno.ca\/fr-ca\/wp-json\/wp\/v2\/product_brand?post=2903"},{"taxonomy":"product_cat","embeddable":true,"href":"https:\/\/pno.ca\/fr-ca\/wp-json\/wp\/v2\/product_cat?post=2903"},{"taxonomy":"product_tag","embeddable":true,"href":"https:\/\/pno.ca\/fr-ca\/wp-json\/wp\/v2\/product_tag?post=2903"}],"curies":[{"name":"wp","href":"https:\/\/api.w.org\/{rel}","templated":true}]}}