{"id":2918,"date":"2026-04-07T15:27:01","date_gmt":"2026-04-07T22:27:01","guid":{"rendered":"http:\/\/pnocanada.local\/product\/vitamin-k2-d3-softgels\/"},"modified":"2026-04-07T15:27:08","modified_gmt":"2026-04-07T22:27:08","slug":"vitamin-k2-d3-softgels","status":"publish","type":"product","link":"https:\/\/pno.ca\/fr-ca\/product\/vitamin-k2-d3-softgels\/","title":{"rendered":"Vitamines\u00a0D3 et\u00a0K2 g\u00e9lules"},"content":{"rendered":"<div class=\"fg-summary\">\n\tVitamine D3 et K2 de Preferred Nutrition associe la forme MK-7 biologiquement active de la vitamine K2 \u00e0 la vitamine D3 active (sous forme de chol\u00e9calcif\u00e9rol) pour aider \u00e0 renforcer les os et les dents, tout en soutenant les fonctions immunitaires. Chaque g\u00e9lule quotidienne fournit 120 mcg de vitamine K2 d\u00e9riv\u00e9e naturellement des haricots natto, ainsi que 1 000 UI de vitamine D3.\n<\/div>\n<ul class=\"fg-features\">\n<li>Contribue \u00e0 renforcer les os et les dents<\/li>\n<li>Soutient les fonctions immunitaires<\/li>\n<li>Aide \u00e0 l\u2019absorption et \u00e0 l\u2019utilisation du calcium et du phosphore<\/li>\n<li>Chaque g\u00e9lule contient 120 mcg de la forme biodisponible MK-7 de la vitamine K2 <\/li>\n<li>Fournit 1 000 UI de vitamine D3 biodisponible par g\u00e9lule<\/li>\n<\/ul>\n","protected":false},"excerpt":{"rendered":"<div class=\"fg-summary\">\n\tVitamine D3 et K2 de Preferred Nutrition associe la forme MK-7 biologiquement active de la vitamine K2 \u00e0 la vitamine D3 active (sous forme de chol\u00e9calcif\u00e9rol) pour aider \u00e0 renforcer les os et les dents, tout en soutenant les fonctions immunitaires. Chaque g\u00e9lule quotidienne fournit 120 mcg de vitamine K2 d\u00e9riv\u00e9e naturellement des haricots natto, ainsi que 1 000 UI de vitamine D3.\n<\/div>\n<ul class=\"fg-features\">\n<li>Contribue \u00e0 renforcer les os et les dents<\/li>\n<li>Soutient les fonctions immunitaires<\/li>\n<li>Aide \u00e0 l\u2019absorption et \u00e0 l\u2019utilisation du calcium et du phosphore<\/li>\n<li>Chaque g\u00e9lule contient 120 mcg de la forme biodisponible MK-7 de la vitamine K2 <\/li>\n<li>Fournit 1 000 UI de vitamine D3 biodisponible par g\u00e9lule<\/li>\n<\/ul>\n","protected":false},"featured_media":3401,"template":"","meta":{"_acf_changed":false,"_uag_custom_page_level_css":"","site-sidebar-layout":"default","site-content-layout":"","ast-site-content-layout":"default","site-content-style":"default","site-sidebar-style":"default","ast-global-header-display":"","ast-banner-title-visibility":"","ast-main-header-display":"","ast-hfb-above-header-display":"","ast-hfb-below-header-display":"","ast-hfb-mobile-header-display":"","site-post-title":"","ast-breadcrumbs-content":"","ast-featured-img":"","footer-sml-layout":"","ast-disable-related-posts":"","theme-transparent-header-meta":"","adv-header-id-meta":"","stick-header-meta":"","header-above-stick-meta":"","header-main-stick-meta":"","header-below-stick-meta":"","astra-migrate-meta-layouts":"default","ast-page-background-enabled":"default","ast-page-background-meta":{"desktop":{"background-color":"var(--ast-global-color-4)","background-image":"","background-repeat":"repeat","background-position":"center center","background-size":"auto","background-attachment":"scroll","background-type":"","background-media":"","overlay-type":"","overlay-color":"","overlay-opacity":"","overlay-gradient":""},"tablet":{"background-color":"","background-image":"","background-repeat":"repeat","background-position":"center center","background-size":"auto","background-attachment":"scroll","background-type":"","background-media":"","overlay-type":"","overlay-color":"","overlay-opacity":"","overlay-gradient":""},"mobile":{"background-color":"","background-image":"","background-repeat":"repeat","background-position":"center center","background-size":"auto","background-attachment":"scroll","background-type":"","background-media":"","overlay-type":"","overlay-color":"","overlay-opacity":"","overlay-gradient":""}},"ast-content-background-meta":{"desktop":{"background-color":"var(--ast-global-color-5)","background-image":"","background-repeat":"repeat","background-position":"center center","background-size":"auto","background-attachment":"scroll","background-type":"","background-media":"","overlay-type":"","overlay-color":"","overlay-opacity":"","overlay-gradient":""},"tablet":{"background-color":"var(--ast-global-color-5)","background-image":"","background-repeat":"repeat","background-position":"center center","background-size":"auto","background-attachment":"scroll","background-type":"","background-media":"","overlay-type":"","overlay-color":"","overlay-opacity":"","overlay-gradient":""},"mobile":{"background-color":"var(--ast-global-color-5)","background-image":"","background-repeat":"repeat","background-position":"center center","background-size":"auto","background-attachment":"scroll","background-type":"","background-media":"","overlay-type":"","overlay-color":"","overlay-opacity":"","overlay-gradient":""}}},"benefit":[374],"product_brand":[],"product_cat":[338,355,334],"product_tag":[170],"class_list":{"0":"post-2918","1":"product","2":"type-product","3":"status-publish","4":"has-post-thumbnail","6":"benefit-sante-osseuse","7":"product_cat-vitamine-d","8":"product_cat-vitamine-k","9":"product_cat-vitamines","10":"product_tag-active","11":"desktop-align-center","12":"tablet-align-center","13":"mobile-align-center","14":"ast-product-gallery-layout-horizontal-slider","15":"ast-product-gallery-with-no-image","16":"ast-magnify-disabled","17":"ast-product-single-variable","19":"first","20":"instock","21":"product-type-variable","22":"has-default-attributes"},"yoast_head":"<!-- This site is optimized with the Yoast SEO plugin v27.3 - https:\/\/yoast.com\/product\/yoast-seo-wordpress\/ -->\n<title>Vitamines\u00a0D3 et\u00a0K2 g\u00e9lules - Preferred Nutrition FR<\/title>\n<meta name=\"robots\" content=\"index, follow, max-snippet:-1, max-image-preview:large, max-video-preview:-1\" \/>\n<link rel=\"canonical\" href=\"https:\/\/pno.ca\/fr-ca\/product\/vitamin-k2-d3-softgels\/\" \/>\n<meta property=\"og:locale\" content=\"fr_CA\" \/>\n<meta property=\"og:type\" content=\"article\" \/>\n<meta property=\"og:title\" content=\"Vitamines\u00a0D3 et\u00a0K2 g\u00e9lules - Preferred Nutrition FR\" \/>\n<meta property=\"og:description\" content=\"Vitamine D3 et K2 de Preferred Nutrition associe la forme MK-7 biologiquement active de la vitamine K2 \u00e0 la vitamine D3 active (sous forme de chol\u00e9calcif\u00e9rol) pour aider \u00e0 renforcer les os et les dents, tout en soutenant les fonctions immunitaires. Chaque g\u00e9lule quotidienne fournit 120 mcg de vitamine K2 d\u00e9riv\u00e9e naturellement des haricots natto, ainsi que 1 000 UI de vitamine D3.   Contribue \u00e0 renforcer les os et les dents Soutient les fonctions immunitaires Aide \u00e0 l\u2019absorption et \u00e0 l\u2019utilisation du calcium et du phosphore Chaque g\u00e9lule contient 120 mcg de la forme biodisponible MK-7 de la vitamine K2  Fournit 1 000 UI de vitamine D3 biodisponible par g\u00e9lule\" \/>\n<meta property=\"og:url\" content=\"https:\/\/pno.ca\/fr-ca\/product\/vitamin-k2-d3-softgels\/\" \/>\n<meta property=\"og:site_name\" content=\"Preferred Nutrition FR\" \/>\n<meta property=\"article:modified_time\" content=\"2026-04-07T22:27:08+00:00\" \/>\n<meta property=\"og:image\" content=\"https:\/\/pno.ca\/fr-ca\/wp-content\/uploads\/sites\/2\/2026\/03\/pn0674__image-hi-res__vitamin-d3-and-k2__2272066.png\" \/>\n\t<meta property=\"og:image:width\" content=\"600\" \/>\n\t<meta property=\"og:image:height\" content=\"600\" \/>\n\t<meta property=\"og:image:type\" content=\"image\/png\" \/>\n<meta name=\"twitter:card\" content=\"summary_large_image\" \/>\n<meta name=\"twitter:label1\" content=\"Est. reading time\" \/>\n\t<meta name=\"twitter:data1\" content=\"1 minute\" \/>\n<script type=\"application\/ld+json\" class=\"yoast-schema-graph\">{\"@context\":\"https:\\\/\\\/schema.org\",\"@graph\":[{\"@type\":\"WebPage\",\"@id\":\"https:\\\/\\\/pno.ca\\\/fr-ca\\\/product\\\/vitamin-k2-d3-softgels\\\/\",\"url\":\"https:\\\/\\\/pno.ca\\\/fr-ca\\\/product\\\/vitamin-k2-d3-softgels\\\/\",\"name\":\"Vitamines\u00a0D3 et\u00a0K2 g\u00e9lules - Preferred Nutrition FR\",\"isPartOf\":{\"@id\":\"https:\\\/\\\/pno.ca\\\/fr-ca\\\/#website\"},\"primaryImageOfPage\":{\"@id\":\"https:\\\/\\\/pno.ca\\\/fr-ca\\\/product\\\/vitamin-k2-d3-softgels\\\/#primaryimage\"},\"image\":{\"@id\":\"https:\\\/\\\/pno.ca\\\/fr-ca\\\/product\\\/vitamin-k2-d3-softgels\\\/#primaryimage\"},\"thumbnailUrl\":\"https:\\\/\\\/pno.ca\\\/fr-ca\\\/wp-content\\\/uploads\\\/sites\\\/2\\\/2026\\\/03\\\/pn0674__image-hi-res__vitamin-d3-and-k2__2272066.png\",\"datePublished\":\"2026-04-07T22:27:01+00:00\",\"dateModified\":\"2026-04-07T22:27:08+00:00\",\"breadcrumb\":{\"@id\":\"https:\\\/\\\/pno.ca\\\/fr-ca\\\/product\\\/vitamin-k2-d3-softgels\\\/#breadcrumb\"},\"inLanguage\":\"fr-CA\",\"potentialAction\":[{\"@type\":\"ReadAction\",\"target\":[\"https:\\\/\\\/pno.ca\\\/fr-ca\\\/product\\\/vitamin-k2-d3-softgels\\\/\"]}]},{\"@type\":\"ImageObject\",\"inLanguage\":\"fr-CA\",\"@id\":\"https:\\\/\\\/pno.ca\\\/fr-ca\\\/product\\\/vitamin-k2-d3-softgels\\\/#primaryimage\",\"url\":\"https:\\\/\\\/pno.ca\\\/fr-ca\\\/wp-content\\\/uploads\\\/sites\\\/2\\\/2026\\\/03\\\/pn0674__image-hi-res__vitamin-d3-and-k2__2272066.png\",\"contentUrl\":\"https:\\\/\\\/pno.ca\\\/fr-ca\\\/wp-content\\\/uploads\\\/sites\\\/2\\\/2026\\\/03\\\/pn0674__image-hi-res__vitamin-d3-and-k2__2272066.png\",\"width\":600,\"height\":600,\"caption\":\"Vitamine D3 et K2 - Hi-Res - PN0674\"},{\"@type\":\"BreadcrumbList\",\"@id\":\"https:\\\/\\\/pno.ca\\\/fr-ca\\\/product\\\/vitamin-k2-d3-softgels\\\/#breadcrumb\",\"itemListElement\":[{\"@type\":\"ListItem\",\"position\":1,\"name\":\"Home\",\"item\":\"https:\\\/\\\/pno.ca\\\/fr-ca\\\/\"},{\"@type\":\"ListItem\",\"position\":2,\"name\":\"Produits\",\"item\":\"https:\\\/\\\/pno.ca\\\/fr-ca\\\/products\\\/\"},{\"@type\":\"ListItem\",\"position\":3,\"name\":\"Vitamines\u00a0D3 et\u00a0K2 g\u00e9lules\"}]},{\"@type\":\"WebSite\",\"@id\":\"https:\\\/\\\/pno.ca\\\/fr-ca\\\/#website\",\"url\":\"https:\\\/\\\/pno.ca\\\/fr-ca\\\/\",\"name\":\"Preferred Nutrition FR\",\"description\":\"\",\"publisher\":{\"@id\":\"https:\\\/\\\/pno.ca\\\/fr-ca\\\/#organization\"},\"potentialAction\":[{\"@type\":\"SearchAction\",\"target\":{\"@type\":\"EntryPoint\",\"urlTemplate\":\"https:\\\/\\\/pno.ca\\\/fr-ca\\\/?s={search_term_string}\"},\"query-input\":{\"@type\":\"PropertyValueSpecification\",\"valueRequired\":true,\"valueName\":\"search_term_string\"}}],\"inLanguage\":\"fr-CA\"},{\"@type\":\"Organization\",\"@id\":\"https:\\\/\\\/pno.ca\\\/fr-ca\\\/#organization\",\"name\":\"Preferred Nutrition FR\",\"url\":\"https:\\\/\\\/pno.ca\\\/fr-ca\\\/\",\"logo\":{\"@type\":\"ImageObject\",\"inLanguage\":\"fr-CA\",\"@id\":\"https:\\\/\\\/pno.ca\\\/fr-ca\\\/#\\\/schema\\\/logo\\\/image\\\/\",\"url\":\"https:\\\/\\\/pno.ca\\\/fr-ca\\\/wp-content\\\/uploads\\\/sites\\\/2\\\/2026\\\/01\\\/pno_logo.svg\",\"contentUrl\":\"https:\\\/\\\/pno.ca\\\/fr-ca\\\/wp-content\\\/uploads\\\/sites\\\/2\\\/2026\\\/01\\\/pno_logo.svg\",\"width\":442,\"height\":100,\"caption\":\"Preferred Nutrition FR\"},\"image\":{\"@id\":\"https:\\\/\\\/pno.ca\\\/fr-ca\\\/#\\\/schema\\\/logo\\\/image\\\/\"}}]}<\/script>\n<!-- \/ Yoast SEO plugin. -->","yoast_head_json":{"title":"Vitamines\u00a0D3 et\u00a0K2 g\u00e9lules - Preferred Nutrition FR","robots":{"index":"index","follow":"follow","max-snippet":"max-snippet:-1","max-image-preview":"max-image-preview:large","max-video-preview":"max-video-preview:-1"},"canonical":"https:\/\/pno.ca\/fr-ca\/product\/vitamin-k2-d3-softgels\/","og_locale":"fr_CA","og_type":"article","og_title":"Vitamines\u00a0D3 et\u00a0K2 g\u00e9lules - Preferred Nutrition FR","og_description":"Vitamine D3 et K2 de Preferred Nutrition associe la forme MK-7 biologiquement active de la vitamine K2 \u00e0 la vitamine D3 active (sous forme de chol\u00e9calcif\u00e9rol) pour aider \u00e0 renforcer les os et les dents, tout en soutenant les fonctions immunitaires. Chaque g\u00e9lule quotidienne fournit 120 mcg de vitamine K2 d\u00e9riv\u00e9e naturellement des haricots natto, ainsi que 1 000 UI de vitamine D3.   Contribue \u00e0 renforcer les os et les dents Soutient les fonctions immunitaires Aide \u00e0 l\u2019absorption et \u00e0 l\u2019utilisation du calcium et du phosphore Chaque g\u00e9lule contient 120 mcg de la forme biodisponible MK-7 de la vitamine K2  Fournit 1 000 UI de vitamine D3 biodisponible par g\u00e9lule","og_url":"https:\/\/pno.ca\/fr-ca\/product\/vitamin-k2-d3-softgels\/","og_site_name":"Preferred Nutrition FR","article_modified_time":"2026-04-07T22:27:08+00:00","og_image":[{"width":600,"height":600,"url":"https:\/\/pno.ca\/fr-ca\/wp-content\/uploads\/sites\/2\/2026\/03\/pn0674__image-hi-res__vitamin-d3-and-k2__2272066.png","type":"image\/png"}],"twitter_card":"summary_large_image","twitter_misc":{"Est. reading time":"1 minute"},"schema":{"@context":"https:\/\/schema.org","@graph":[{"@type":"WebPage","@id":"https:\/\/pno.ca\/fr-ca\/product\/vitamin-k2-d3-softgels\/","url":"https:\/\/pno.ca\/fr-ca\/product\/vitamin-k2-d3-softgels\/","name":"Vitamines\u00a0D3 et\u00a0K2 g\u00e9lules - Preferred Nutrition FR","isPartOf":{"@id":"https:\/\/pno.ca\/fr-ca\/#website"},"primaryImageOfPage":{"@id":"https:\/\/pno.ca\/fr-ca\/product\/vitamin-k2-d3-softgels\/#primaryimage"},"image":{"@id":"https:\/\/pno.ca\/fr-ca\/product\/vitamin-k2-d3-softgels\/#primaryimage"},"thumbnailUrl":"https:\/\/pno.ca\/fr-ca\/wp-content\/uploads\/sites\/2\/2026\/03\/pn0674__image-hi-res__vitamin-d3-and-k2__2272066.png","datePublished":"2026-04-07T22:27:01+00:00","dateModified":"2026-04-07T22:27:08+00:00","breadcrumb":{"@id":"https:\/\/pno.ca\/fr-ca\/product\/vitamin-k2-d3-softgels\/#breadcrumb"},"inLanguage":"fr-CA","potentialAction":[{"@type":"ReadAction","target":["https:\/\/pno.ca\/fr-ca\/product\/vitamin-k2-d3-softgels\/"]}]},{"@type":"ImageObject","inLanguage":"fr-CA","@id":"https:\/\/pno.ca\/fr-ca\/product\/vitamin-k2-d3-softgels\/#primaryimage","url":"https:\/\/pno.ca\/fr-ca\/wp-content\/uploads\/sites\/2\/2026\/03\/pn0674__image-hi-res__vitamin-d3-and-k2__2272066.png","contentUrl":"https:\/\/pno.ca\/fr-ca\/wp-content\/uploads\/sites\/2\/2026\/03\/pn0674__image-hi-res__vitamin-d3-and-k2__2272066.png","width":600,"height":600,"caption":"Vitamine D3 et K2 - Hi-Res - PN0674"},{"@type":"BreadcrumbList","@id":"https:\/\/pno.ca\/fr-ca\/product\/vitamin-k2-d3-softgels\/#breadcrumb","itemListElement":[{"@type":"ListItem","position":1,"name":"Home","item":"https:\/\/pno.ca\/fr-ca\/"},{"@type":"ListItem","position":2,"name":"Produits","item":"https:\/\/pno.ca\/fr-ca\/products\/"},{"@type":"ListItem","position":3,"name":"Vitamines\u00a0D3 et\u00a0K2 g\u00e9lules"}]},{"@type":"WebSite","@id":"https:\/\/pno.ca\/fr-ca\/#website","url":"https:\/\/pno.ca\/fr-ca\/","name":"Preferred Nutrition FR","description":"","publisher":{"@id":"https:\/\/pno.ca\/fr-ca\/#organization"},"potentialAction":[{"@type":"SearchAction","target":{"@type":"EntryPoint","urlTemplate":"https:\/\/pno.ca\/fr-ca\/?s={search_term_string}"},"query-input":{"@type":"PropertyValueSpecification","valueRequired":true,"valueName":"search_term_string"}}],"inLanguage":"fr-CA"},{"@type":"Organization","@id":"https:\/\/pno.ca\/fr-ca\/#organization","name":"Preferred Nutrition FR","url":"https:\/\/pno.ca\/fr-ca\/","logo":{"@type":"ImageObject","inLanguage":"fr-CA","@id":"https:\/\/pno.ca\/fr-ca\/#\/schema\/logo\/image\/","url":"https:\/\/pno.ca\/fr-ca\/wp-content\/uploads\/sites\/2\/2026\/01\/pno_logo.svg","contentUrl":"https:\/\/pno.ca\/fr-ca\/wp-content\/uploads\/sites\/2\/2026\/01\/pno_logo.svg","width":442,"height":100,"caption":"Preferred Nutrition FR"},"image":{"@id":"https:\/\/pno.ca\/fr-ca\/#\/schema\/logo\/image\/"}}]}},"acf":[],"spectra_custom_meta":{"total_sales":["0"],"_stock_status":["instock"],"_wc_review_count":["0"],"_wc_rating_count":["0"],"_wc_average_rating":["0"],"_sku":["PN0674"],"_tax_status":["none"],"_tax_class":[""],"_manage_stock":["no"],"_backorders":["no"],"_sold_individually":["no"],"_virtual":["no"],"_downloadable":["no"],"_download_limit":["-1"],"_download_expiry":["-1"],"_stock":[null],"_product_attributes":["a:1:{s:4:\"size\";a:6:{s:4:\"name\";s:4:\"Size\";s:5:\"value\";s:27:\"120\u00a0g\u00e9lules|240\u00a0g\u00e9lules\";s:8:\"position\";i:0;s:10:\"is_visible\";b:1;s:12:\"is_variation\";b:1;s:11:\"is_taxonomy\";b:0;}}"],"_product_version":["10.6.2"],"__is_newly_created_product":[""],"__first_variation_id":["2919"],"_product_id":["field_668afd01d6a11"],"product_id":["AN-CA-6-28826-00674-9"],"_subtitle":["field_68bb7abccd685"],"subtitle":[""],"_body":["field_66652d1802dae"],"body":[""],"_excerpt":["field_66652d2f02daf"],"excerpt":[""],"_marketing_summary":["field_68bb7bb6cd689"],"marketing_summary":["Vitamine D3 et K2 de Preferred Nutrition associe la forme MK-7 biologiquement active de la vitamine K2 \u00e0 la vitamine D3 active (sous forme de chol\u00e9calcif\u00e9rol) pour aider \u00e0 renforcer les os et les dents, tout en soutenant les fonctions immunitaires. Chaque g\u00e9lule quotidienne fournit 120 mcg de vitamine K2 d\u00e9riv\u00e9e naturellement des haricots natto, ainsi que 1 000 UI de vitamine D3."],"_medicinal_ingredients":["field_66652dba0405a"],"medicinal_ingredients":["<table class=\"fg-table\" border=\"1\" collapse=\"collapse\"> <thead class=\"fg-head\"> <tr> <td colspan=\"2\"><b>Chaque g\u00e9lule contient&nbsp;:&nbsp;<\/b><\/td> <\/tr> <tr> <td colspan=\"2\"><b>Ingr\u00e9dients m\u00e9dicinaux&nbsp;:&nbsp;<\/b><\/td> <\/tr> <\/thead> <tbody> <tr> <td colspan=\"1\">Vitamine K2 (m\u00e9naquinone 7) (MK-7) (haricot du natto) <\/td> <td> 120&nbsp;mcg<\/td> <\/tr> <tr> <td colspan=\"1\">Vitamine D (chol\u00e9calcif\u00e9rol) <\/td> <td> 25&nbsp;mcg (1&nbsp;000&nbsp;UI)<\/td> <\/tr> <\/tbody> <\/table>"],"_non_medicinal_ingredients":["field_66652dd456ed8"],"non_medicinal_ingredients":["g\u00e9lule (g\u00e9latine, glyc\u00e9rine, eau purifi\u00e9e, caramel), triglyc\u00e9rides \u00e0 cha\u00eene moyenne, cire d\u2019abeille jaune, l\u00e9cithine."],"_recommended_purpose":["field_68bb7b43cd688"],"recommended_purpose":["<ul><li>Contribue \u00e0 la formation d\u2019os et de dents solides.<\/li><li>Soutient le syst\u00e8me immunitaire.<\/li><li>Aide \u00e0 l\u2019absorption et \u00e0 l\u2019utilisation du calcium et du phosphore.<\/li><\/ul>"],"_recommended_dose":["field_6665306d56edd"],"recommended_dose":["<b>Posologie recommand\u00e9e (adultes)\u00a0:\u00a0<\/b>1 g\u00e9lule par jour ou suivre les recommandations d\u2019un praticien de la sant\u00e9."],"_allergen_statement":["field_66652e0e56ed9"],"allergen_statement":["Ce produit ne contient pas d\u2019agents de conservation, colorants ou \u00e9dulcorants artificiels ; sans produits laitiers, amidon, sucre, bl\u00e9, gluten, levure, \u0153ufs, poissons, fruits de mer, sel, noix ni g\u00e8nes ou prot\u00e9ines g\u00e9n\u00e9tiquement modifi\u00e9s."],"_label_caution":["field_6665307456ede"],"label_caution":["Consulter un praticien de la sant\u00e9 avant l\u2019usage si vous prenez des fluidifiants sanguins. Conserver hors de la port\u00e9e des enfants."],"_strength":["field_6665304656eda"],"strength":["1\u00a0000\u00a0UI \u2022 120\u00a0mcg"],"_flavour":["field_6665305356edb"],"flavour":[""],"_form":["field_6665305a56edc"],"form":["g\u00e9lules"],"_npn":["field_68bb7ac9cd686"],"npn":["80039778"],"_costco_product":["field_68bb7b36cd687"],"costco_product":[""],"_alt_lang_handle":["field_68bb7bc7cd68a"],"alt_lang_handle":["vitamin-k2-d3-softgels"],"_wp_page_template":["default"],"_thumbnail_id":["3401"],"_product_image_gallery":[""],"_default_attributes":["a:1:{s:4:\"size\";s:13:\"120\u00a0g\u00e9lules\";}"],"_price":["1"],"_uag_css_file_name":["uag-css-2918.css"],"_uag_page_assets":["a:9:{s:3:\"css\";s:3478:\".uag-blocks-common-selector{z-index:var(--z-index-desktop) !important}@media (max-width: 976px){.uag-blocks-common-selector{z-index:var(--z-index-tablet) !important}}@media (max-width: 767px){.uag-blocks-common-selector{z-index:var(--z-index-mobile) !important}}\n.wp-block-uagb-advanced-heading h1,.wp-block-uagb-advanced-heading h2,.wp-block-uagb-advanced-heading h3,.wp-block-uagb-advanced-heading h4,.wp-block-uagb-advanced-heading h5,.wp-block-uagb-advanced-heading h6,.wp-block-uagb-advanced-heading p,.wp-block-uagb-advanced-heading div{word-break:break-word}.wp-block-uagb-advanced-heading .uagb-heading-text{margin:0}.wp-block-uagb-advanced-heading .uagb-desc-text{margin:0}.wp-block-uagb-advanced-heading .uagb-separator{font-size:0;border-top-style:solid;display:inline-block;margin:0 0 10px 0}.wp-block-uagb-advanced-heading .uagb-highlight{color:#f78a0c;border:0;transition:all 0.3s ease}.uag-highlight-toolbar{border-left:0;border-top:0;border-bottom:0;border-radius:0;border-right-color:#1e1e1e}.uag-highlight-toolbar .components-button{border-radius:0;outline:none}.uag-highlight-toolbar .components-button.is-primary{color:#fff}\n.wp-block-uagb-advanced-heading.uagb-block-86f0efcf.wp-block-uagb-advanced-heading {margin-top: 24px;margin-right: 0px;margin-bottom: 12px;margin-left: 0px;}.wp-block-uagb-advanced-heading.uagb-block-86f0efcf.wp-block-uagb-advanced-heading .uagb-desc-text{margin-bottom: 15px;}.wp-block-uagb-advanced-heading.uagb-block-86f0efcf.wp-block-uagb-advanced-heading .uagb-highlight{font-style: normal;font-weight: Default;background: #007cba;color: #fff;-webkit-text-fill-color: #fff;}.wp-block-uagb-advanced-heading.uagb-block-86f0efcf.wp-block-uagb-advanced-heading .uagb-highlight::-moz-selection{color: #fff;background: #007cba;-webkit-text-fill-color: #fff;}.wp-block-uagb-advanced-heading.uagb-block-86f0efcf.wp-block-uagb-advanced-heading .uagb-highlight::selection{color: #fff;background: #007cba;-webkit-text-fill-color: #fff;}.wp-block-uagb-advanced-heading.uagb-block-86f0efcf.wp-block-uagb-advanced-heading {margin-top: 24px;margin-right: 0px;margin-bottom: 12px;margin-left: 0px;}.wp-block-uagb-advanced-heading.uagb-block-86f0efcf.wp-block-uagb-advanced-heading .uagb-desc-text{margin-bottom: 15px;}.wp-block-uagb-advanced-heading.uagb-block-86f0efcf.wp-block-uagb-advanced-heading .uagb-highlight{font-style: normal;font-weight: Default;background: #007cba;color: #fff;-webkit-text-fill-color: #fff;}.wp-block-uagb-advanced-heading.uagb-block-86f0efcf.wp-block-uagb-advanced-heading .uagb-highlight::-moz-selection{color: #fff;background: #007cba;-webkit-text-fill-color: #fff;}.wp-block-uagb-advanced-heading.uagb-block-86f0efcf.wp-block-uagb-advanced-heading .uagb-highlight::selection{color: #fff;background: #007cba;-webkit-text-fill-color: #fff;}.wp-block-uagb-advanced-heading.uagb-block-2ebd3dff.wp-block-uagb-advanced-heading .uagb-desc-text{margin-bottom: 15px;}.wp-block-uagb-advanced-heading.uagb-block-2ebd3dff.wp-block-uagb-advanced-heading .uagb-highlight{font-style: normal;font-weight: Default;background: #007cba;color: #fff;-webkit-text-fill-color: #fff;}.wp-block-uagb-advanced-heading.uagb-block-2ebd3dff.wp-block-uagb-advanced-heading .uagb-highlight::-moz-selection{color: #fff;background: #007cba;-webkit-text-fill-color: #fff;}.wp-block-uagb-advanced-heading.uagb-block-2ebd3dff.wp-block-uagb-advanced-heading .uagb-highlight::selection{color: #fff;background: #007cba;-webkit-text-fill-color: #fff;}\";s:2:\"js\";s:0:\"\";s:18:\"current_block_list\";a:18:{i:0;s:11:\"core\/search\";i:1;s:10:\"core\/group\";i:2;s:12:\"core\/heading\";i:3;s:17:\"core\/latest-posts\";i:4;s:20:\"core\/latest-comments\";i:5;s:13:\"core\/archives\";i:6;s:15:\"core\/categories\";i:7;s:26:\"woocommerce\/product-search\";i:8;s:17:\"core\/widget-group\";i:9;s:30:\"woocommerce\/product-categories\";i:10;s:17:\"core\/social-links\";i:11;s:16:\"core\/social-link\";i:12;s:21:\"uagb\/advanced-heading\";i:13;s:9:\"core\/list\";i:14;s:14:\"core\/list-item\";i:15;s:11:\"core\/spacer\";i:16;s:22:\"lloc\/msls-widget-block\";i:17;s:14:\"core\/paragraph\";}s:8:\"uag_flag\";b:1;s:11:\"uag_version\";s:10:\"1775697095\";s:6:\"gfonts\";a:0:{}s:10:\"gfonts_url\";s:0:\"\";s:12:\"gfonts_files\";a:0:{}s:14:\"uag_faq_layout\";b:0;}"]},"uagb_featured_image_src":{"full":["https:\/\/pno.ca\/fr-ca\/wp-content\/uploads\/sites\/2\/2026\/03\/pn0674__image-hi-res__vitamin-d3-and-k2__2272066.png",600,600,false],"thumbnail":["https:\/\/pno.ca\/fr-ca\/wp-content\/uploads\/sites\/2\/2026\/03\/pn0674__image-hi-res__vitamin-d3-and-k2__2272066-150x150.png",150,150,true],"medium":["https:\/\/pno.ca\/fr-ca\/wp-content\/uploads\/sites\/2\/2026\/03\/pn0674__image-hi-res__vitamin-d3-and-k2__2272066-300x300.png",300,300,true],"medium_large":["https:\/\/pno.ca\/fr-ca\/wp-content\/uploads\/sites\/2\/2026\/03\/pn0674__image-hi-res__vitamin-d3-and-k2__2272066.png",600,600,false],"large":["https:\/\/pno.ca\/fr-ca\/wp-content\/uploads\/sites\/2\/2026\/03\/pn0674__image-hi-res__vitamin-d3-and-k2__2272066.png",600,600,false],"1536x1536":["https:\/\/pno.ca\/fr-ca\/wp-content\/uploads\/sites\/2\/2026\/03\/pn0674__image-hi-res__vitamin-d3-and-k2__2272066.png",600,600,false],"2048x2048":["https:\/\/pno.ca\/fr-ca\/wp-content\/uploads\/sites\/2\/2026\/03\/pn0674__image-hi-res__vitamin-d3-and-k2__2272066.png",600,600,false],"gform-image-choice-sm":["https:\/\/pno.ca\/fr-ca\/wp-content\/uploads\/sites\/2\/2026\/03\/pn0674__image-hi-res__vitamin-d3-and-k2__2272066.png",300,300,false],"gform-image-choice-md":["https:\/\/pno.ca\/fr-ca\/wp-content\/uploads\/sites\/2\/2026\/03\/pn0674__image-hi-res__vitamin-d3-and-k2__2272066.png",400,400,false],"gform-image-choice-lg":["https:\/\/pno.ca\/fr-ca\/wp-content\/uploads\/sites\/2\/2026\/03\/pn0674__image-hi-res__vitamin-d3-and-k2__2272066.png",600,600,false],"woocommerce_thumbnail":["https:\/\/pno.ca\/fr-ca\/wp-content\/uploads\/sites\/2\/2026\/03\/pn0674__image-hi-res__vitamin-d3-and-k2__2272066.png",600,600,false],"woocommerce_single":["https:\/\/pno.ca\/fr-ca\/wp-content\/uploads\/sites\/2\/2026\/03\/pn0674__image-hi-res__vitamin-d3-and-k2__2272066.png",600,600,false],"woocommerce_gallery_thumbnail":["https:\/\/pno.ca\/fr-ca\/wp-content\/uploads\/sites\/2\/2026\/03\/pn0674__image-hi-res__vitamin-d3-and-k2__2272066-100x100.png",100,100,true]},"uagb_author_info":{"display_name":"Shiva","author_link":"https:\/\/pno.ca\/fr-ca\/blog\/author\/"},"uagb_comment_info":0,"uagb_excerpt":"Vitamine D3 et K2 de Preferred Nutrition associe la forme MK-7 biologiquement active de la vitamine K2 \u00e0 la vitamine D3 active (sous forme de chol\u00e9calcif\u00e9rol) pour aider \u00e0 renforcer les os et les dents, tout en soutenant les fonctions immunitaires. Chaque g\u00e9lule quotidienne fournit 120 mcg de vitamine K2 d\u00e9riv\u00e9e naturellement des haricots natto,&hellip;","_links":{"self":[{"href":"https:\/\/pno.ca\/fr-ca\/wp-json\/wp\/v2\/product\/2918","targetHints":{"allow":["GET"]}}],"collection":[{"href":"https:\/\/pno.ca\/fr-ca\/wp-json\/wp\/v2\/product"}],"about":[{"href":"https:\/\/pno.ca\/fr-ca\/wp-json\/wp\/v2\/types\/product"}],"wp:featuredmedia":[{"embeddable":true,"href":"https:\/\/pno.ca\/fr-ca\/wp-json\/wp\/v2\/media\/3401"}],"wp:attachment":[{"href":"https:\/\/pno.ca\/fr-ca\/wp-json\/wp\/v2\/media?parent=2918"}],"wp:term":[{"taxonomy":"benefit","embeddable":true,"href":"https:\/\/pno.ca\/fr-ca\/wp-json\/wp\/v2\/benefit?post=2918"},{"taxonomy":"product_brand","embeddable":true,"href":"https:\/\/pno.ca\/fr-ca\/wp-json\/wp\/v2\/product_brand?post=2918"},{"taxonomy":"product_cat","embeddable":true,"href":"https:\/\/pno.ca\/fr-ca\/wp-json\/wp\/v2\/product_cat?post=2918"},{"taxonomy":"product_tag","embeddable":true,"href":"https:\/\/pno.ca\/fr-ca\/wp-json\/wp\/v2\/product_tag?post=2918"}],"curies":[{"name":"wp","href":"https:\/\/api.w.org\/{rel}","templated":true}]}}