{"id":2948,"date":"2026-04-01T09:55:17","date_gmt":"2026-04-01T16:55:17","guid":{"rendered":"http:\/\/pnocanada.local\/product\/kids-vitamin-d-gummies\/"},"modified":"2026-04-01T09:55:22","modified_gmt":"2026-04-01T16:55:22","slug":"kids-vitamin-d-gummies","status":"publish","type":"product","link":"https:\/\/pno.ca\/fr-ca\/product\/kids-vitamin-d-gummies\/","title":{"rendered":"Vitamine D 600 UI pour enfants et adultes G\u00e9lifi\u00e9s"},"content":{"rendered":"<div class=\"fg-summary\">\n\tVitamine D 600\u00a0UI en g\u00e9lifi\u00e9s de Preferred Nutrition aide \u00e0 soutenir un syst\u00e8me immunitaire fort ainsi que le d\u00e9veloppement et l\u2019entretien des os et des dents. Ces g\u00e9lifi\u00e9s v\u00e9g\u00e9tariens sont sans g\u00e9latine ni OGM et sont disponibles dans de d\u00e9licieuses saveurs de m\u00e9lange de baies et de p\u00eache. Il est donc facile et pratique pour les enfants (et les adultes) d\u2019obtenir la vitamine D3 dont ils ont besoin.\n<\/div>\n<ul class=\"fg-features\">\n<li>Fournit 600\u00a0UI de vitamine D pour soutenir le d\u00e9veloppement et l\u2019entretien des os et des dents<\/li>\n<li>Aide \u00e0 soutenir les fonctions immunitaires chez les enfants et les adultes<\/li>\n<li>G\u00e9lifi\u00e9s pratiques et savoureux aux saveurs de m\u00e9lange de baies et de p\u00eache<\/li>\n<li>Con\u00e7u sp\u00e9cialement pour les enfants \u00e0 partir de trois ans<\/li>\n<li>Sans g\u00e9latine et ne contient aucun ar\u00f4me, colorant ni \u00e9dulcorant artificiels<\/li>\n<\/ul>\n","protected":false},"excerpt":{"rendered":"<div class=\"fg-summary\">\n\tVitamine D 600\u00a0UI en g\u00e9lifi\u00e9s de Preferred Nutrition aide \u00e0 soutenir un syst\u00e8me immunitaire fort ainsi que le d\u00e9veloppement et l\u2019entretien des os et des dents. Ces g\u00e9lifi\u00e9s v\u00e9g\u00e9tariens sont sans g\u00e9latine ni OGM et sont disponibles dans de d\u00e9licieuses saveurs de m\u00e9lange de baies et de p\u00eache. Il est donc facile et pratique pour les enfants (et les adultes) d\u2019obtenir la vitamine D3 dont ils ont besoin.\n<\/div>\n<ul class=\"fg-features\">\n<li>Fournit 600\u00a0UI de vitamine D pour soutenir le d\u00e9veloppement et l\u2019entretien des os et des dents<\/li>\n<li>Aide \u00e0 soutenir les fonctions immunitaires chez les enfants et les adultes<\/li>\n<li>G\u00e9lifi\u00e9s pratiques et savoureux aux saveurs de m\u00e9lange de baies et de p\u00eache<\/li>\n<li>Con\u00e7u sp\u00e9cialement pour les enfants \u00e0 partir de trois ans<\/li>\n<li>Sans g\u00e9latine et ne contient aucun ar\u00f4me, colorant ni \u00e9dulcorant artificiels<\/li>\n<\/ul>\n","protected":false},"featured_media":3415,"template":"","meta":{"_acf_changed":false,"_uag_custom_page_level_css":"","site-sidebar-layout":"default","site-content-layout":"","ast-site-content-layout":"default","site-content-style":"default","site-sidebar-style":"default","ast-global-header-display":"","ast-banner-title-visibility":"","ast-main-header-display":"","ast-hfb-above-header-display":"","ast-hfb-below-header-display":"","ast-hfb-mobile-header-display":"","site-post-title":"","ast-breadcrumbs-content":"","ast-featured-img":"","footer-sml-layout":"","ast-disable-related-posts":"","theme-transparent-header-meta":"","adv-header-id-meta":"","stick-header-meta":"","header-above-stick-meta":"","header-main-stick-meta":"","header-below-stick-meta":"","astra-migrate-meta-layouts":"default","ast-page-background-enabled":"default","ast-page-background-meta":{"desktop":{"background-color":"var(--ast-global-color-4)","background-image":"","background-repeat":"repeat","background-position":"center center","background-size":"auto","background-attachment":"scroll","background-type":"","background-media":"","overlay-type":"","overlay-color":"","overlay-opacity":"","overlay-gradient":""},"tablet":{"background-color":"","background-image":"","background-repeat":"repeat","background-position":"center center","background-size":"auto","background-attachment":"scroll","background-type":"","background-media":"","overlay-type":"","overlay-color":"","overlay-opacity":"","overlay-gradient":""},"mobile":{"background-color":"","background-image":"","background-repeat":"repeat","background-position":"center center","background-size":"auto","background-attachment":"scroll","background-type":"","background-media":"","overlay-type":"","overlay-color":"","overlay-opacity":"","overlay-gradient":""}},"ast-content-background-meta":{"desktop":{"background-color":"var(--ast-global-color-5)","background-image":"","background-repeat":"repeat","background-position":"center center","background-size":"auto","background-attachment":"scroll","background-type":"","background-media":"","overlay-type":"","overlay-color":"","overlay-opacity":"","overlay-gradient":""},"tablet":{"background-color":"var(--ast-global-color-5)","background-image":"","background-repeat":"repeat","background-position":"center center","background-size":"auto","background-attachment":"scroll","background-type":"","background-media":"","overlay-type":"","overlay-color":"","overlay-opacity":"","overlay-gradient":""},"mobile":{"background-color":"var(--ast-global-color-5)","background-image":"","background-repeat":"repeat","background-position":"center center","background-size":"auto","background-attachment":"scroll","background-type":"","background-media":"","overlay-type":"","overlay-color":"","overlay-opacity":"","overlay-gradient":""}}},"benefit":[386],"product_brand":[],"product_cat":[370,338,334],"product_tag":[170],"class_list":{"0":"post-2948","1":"product","2":"type-product","3":"status-publish","4":"has-post-thumbnail","6":"benefit-sante-des-enfants","7":"product_cat-gelifies","8":"product_cat-vitamine-d","9":"product_cat-vitamines","10":"product_tag-active","11":"desktop-align-center","12":"tablet-align-center","13":"mobile-align-center","14":"ast-product-gallery-layout-horizontal-slider","15":"ast-product-gallery-with-no-image","16":"ast-magnify-disabled","17":"ast-product-single-variable","19":"first","20":"instock","21":"product-type-variable","22":"has-default-attributes"},"yoast_head":"<!-- This site is optimized with the Yoast SEO plugin v27.3 - https:\/\/yoast.com\/product\/yoast-seo-wordpress\/ -->\n<title>Vitamine D 600 UI pour enfants et adultes G\u00e9lifi\u00e9s - Preferred Nutrition FR<\/title>\n<meta name=\"robots\" content=\"index, follow, max-snippet:-1, max-image-preview:large, max-video-preview:-1\" \/>\n<link rel=\"canonical\" href=\"https:\/\/pno.ca\/fr-ca\/product\/kids-vitamin-d-gummies\/\" \/>\n<meta property=\"og:locale\" content=\"fr_CA\" \/>\n<meta property=\"og:type\" content=\"article\" \/>\n<meta property=\"og:title\" content=\"Vitamine D 600 UI pour enfants et adultes G\u00e9lifi\u00e9s - Preferred Nutrition FR\" \/>\n<meta property=\"og:description\" content=\"Vitamine D 600\u00a0UI en g\u00e9lifi\u00e9s de Preferred Nutrition aide \u00e0 soutenir un syst\u00e8me immunitaire fort ainsi que le d\u00e9veloppement et l\u2019entretien des os et des dents. Ces g\u00e9lifi\u00e9s v\u00e9g\u00e9tariens sont sans g\u00e9latine ni OGM et sont disponibles dans de d\u00e9licieuses saveurs de m\u00e9lange de baies et de p\u00eache. Il est donc facile et pratique pour les enfants (et les adultes) d\u2019obtenir la vitamine D3 dont ils ont besoin.   Fournit 600\u00a0UI de vitamine D pour soutenir le d\u00e9veloppement et l\u2019entretien des os et des dents Aide \u00e0 soutenir les fonctions immunitaires chez les enfants et les adultes G\u00e9lifi\u00e9s pratiques et savoureux aux saveurs de m\u00e9lange de baies et de p\u00eache Con\u00e7u sp\u00e9cialement pour les enfants \u00e0 partir de trois ans Sans g\u00e9latine et ne contient aucun ar\u00f4me, colorant ni \u00e9dulcorant artificiels\" \/>\n<meta property=\"og:url\" content=\"https:\/\/pno.ca\/fr-ca\/product\/kids-vitamin-d-gummies\/\" \/>\n<meta property=\"og:site_name\" content=\"Preferred Nutrition FR\" \/>\n<meta property=\"article:modified_time\" content=\"2026-04-01T16:55:22+00:00\" \/>\n<meta property=\"og:image\" content=\"https:\/\/pno.ca\/fr-ca\/wp-content\/uploads\/sites\/2\/2026\/03\/pn0669__image-hi-res__vitamin-d-600-iu-gummy__2970393.png\" \/>\n\t<meta property=\"og:image:width\" content=\"600\" \/>\n\t<meta property=\"og:image:height\" content=\"600\" \/>\n\t<meta property=\"og:image:type\" content=\"image\/png\" \/>\n<meta name=\"twitter:card\" content=\"summary_large_image\" \/>\n<meta name=\"twitter:label1\" content=\"Est. reading time\" \/>\n\t<meta name=\"twitter:data1\" content=\"1 minute\" \/>\n<script type=\"application\/ld+json\" class=\"yoast-schema-graph\">{\"@context\":\"https:\\\/\\\/schema.org\",\"@graph\":[{\"@type\":\"WebPage\",\"@id\":\"https:\\\/\\\/pno.ca\\\/fr-ca\\\/product\\\/kids-vitamin-d-gummies\\\/\",\"url\":\"https:\\\/\\\/pno.ca\\\/fr-ca\\\/product\\\/kids-vitamin-d-gummies\\\/\",\"name\":\"Vitamine D 600 UI pour enfants et adultes G\u00e9lifi\u00e9s - Preferred Nutrition FR\",\"isPartOf\":{\"@id\":\"https:\\\/\\\/pno.ca\\\/fr-ca\\\/#website\"},\"primaryImageOfPage\":{\"@id\":\"https:\\\/\\\/pno.ca\\\/fr-ca\\\/product\\\/kids-vitamin-d-gummies\\\/#primaryimage\"},\"image\":{\"@id\":\"https:\\\/\\\/pno.ca\\\/fr-ca\\\/product\\\/kids-vitamin-d-gummies\\\/#primaryimage\"},\"thumbnailUrl\":\"https:\\\/\\\/pno.ca\\\/fr-ca\\\/wp-content\\\/uploads\\\/sites\\\/2\\\/2026\\\/03\\\/pn0669__image-hi-res__vitamin-d-600-iu-gummy__2970393.png\",\"datePublished\":\"2026-04-01T16:55:17+00:00\",\"dateModified\":\"2026-04-01T16:55:22+00:00\",\"breadcrumb\":{\"@id\":\"https:\\\/\\\/pno.ca\\\/fr-ca\\\/product\\\/kids-vitamin-d-gummies\\\/#breadcrumb\"},\"inLanguage\":\"fr-CA\",\"potentialAction\":[{\"@type\":\"ReadAction\",\"target\":[\"https:\\\/\\\/pno.ca\\\/fr-ca\\\/product\\\/kids-vitamin-d-gummies\\\/\"]}]},{\"@type\":\"ImageObject\",\"inLanguage\":\"fr-CA\",\"@id\":\"https:\\\/\\\/pno.ca\\\/fr-ca\\\/product\\\/kids-vitamin-d-gummies\\\/#primaryimage\",\"url\":\"https:\\\/\\\/pno.ca\\\/fr-ca\\\/wp-content\\\/uploads\\\/sites\\\/2\\\/2026\\\/03\\\/pn0669__image-hi-res__vitamin-d-600-iu-gummy__2970393.png\",\"contentUrl\":\"https:\\\/\\\/pno.ca\\\/fr-ca\\\/wp-content\\\/uploads\\\/sites\\\/2\\\/2026\\\/03\\\/pn0669__image-hi-res__vitamin-d-600-iu-gummy__2970393.png\",\"width\":600,\"height\":600,\"caption\":\"Vitamine D 600 UI en glifis - Hi-Res - PN0669\"},{\"@type\":\"BreadcrumbList\",\"@id\":\"https:\\\/\\\/pno.ca\\\/fr-ca\\\/product\\\/kids-vitamin-d-gummies\\\/#breadcrumb\",\"itemListElement\":[{\"@type\":\"ListItem\",\"position\":1,\"name\":\"Home\",\"item\":\"https:\\\/\\\/pno.ca\\\/fr-ca\\\/\"},{\"@type\":\"ListItem\",\"position\":2,\"name\":\"Produits\",\"item\":\"https:\\\/\\\/pno.ca\\\/fr-ca\\\/products\\\/\"},{\"@type\":\"ListItem\",\"position\":3,\"name\":\"Vitamine D 600 UI pour enfants et adultes G\u00e9lifi\u00e9s\"}]},{\"@type\":\"WebSite\",\"@id\":\"https:\\\/\\\/pno.ca\\\/fr-ca\\\/#website\",\"url\":\"https:\\\/\\\/pno.ca\\\/fr-ca\\\/\",\"name\":\"Preferred Nutrition FR\",\"description\":\"\",\"publisher\":{\"@id\":\"https:\\\/\\\/pno.ca\\\/fr-ca\\\/#organization\"},\"potentialAction\":[{\"@type\":\"SearchAction\",\"target\":{\"@type\":\"EntryPoint\",\"urlTemplate\":\"https:\\\/\\\/pno.ca\\\/fr-ca\\\/?s={search_term_string}\"},\"query-input\":{\"@type\":\"PropertyValueSpecification\",\"valueRequired\":true,\"valueName\":\"search_term_string\"}}],\"inLanguage\":\"fr-CA\"},{\"@type\":\"Organization\",\"@id\":\"https:\\\/\\\/pno.ca\\\/fr-ca\\\/#organization\",\"name\":\"Preferred Nutrition FR\",\"url\":\"https:\\\/\\\/pno.ca\\\/fr-ca\\\/\",\"logo\":{\"@type\":\"ImageObject\",\"inLanguage\":\"fr-CA\",\"@id\":\"https:\\\/\\\/pno.ca\\\/fr-ca\\\/#\\\/schema\\\/logo\\\/image\\\/\",\"url\":\"https:\\\/\\\/pno.ca\\\/fr-ca\\\/wp-content\\\/uploads\\\/sites\\\/2\\\/2026\\\/01\\\/pno_logo.svg\",\"contentUrl\":\"https:\\\/\\\/pno.ca\\\/fr-ca\\\/wp-content\\\/uploads\\\/sites\\\/2\\\/2026\\\/01\\\/pno_logo.svg\",\"width\":442,\"height\":100,\"caption\":\"Preferred Nutrition FR\"},\"image\":{\"@id\":\"https:\\\/\\\/pno.ca\\\/fr-ca\\\/#\\\/schema\\\/logo\\\/image\\\/\"}}]}<\/script>\n<!-- \/ Yoast SEO plugin. -->","yoast_head_json":{"title":"Vitamine D 600 UI pour enfants et adultes G\u00e9lifi\u00e9s - Preferred Nutrition FR","robots":{"index":"index","follow":"follow","max-snippet":"max-snippet:-1","max-image-preview":"max-image-preview:large","max-video-preview":"max-video-preview:-1"},"canonical":"https:\/\/pno.ca\/fr-ca\/product\/kids-vitamin-d-gummies\/","og_locale":"fr_CA","og_type":"article","og_title":"Vitamine D 600 UI pour enfants et adultes G\u00e9lifi\u00e9s - Preferred Nutrition FR","og_description":"Vitamine D 600\u00a0UI en g\u00e9lifi\u00e9s de Preferred Nutrition aide \u00e0 soutenir un syst\u00e8me immunitaire fort ainsi que le d\u00e9veloppement et l\u2019entretien des os et des dents. Ces g\u00e9lifi\u00e9s v\u00e9g\u00e9tariens sont sans g\u00e9latine ni OGM et sont disponibles dans de d\u00e9licieuses saveurs de m\u00e9lange de baies et de p\u00eache. Il est donc facile et pratique pour les enfants (et les adultes) d\u2019obtenir la vitamine D3 dont ils ont besoin.   Fournit 600\u00a0UI de vitamine D pour soutenir le d\u00e9veloppement et l\u2019entretien des os et des dents Aide \u00e0 soutenir les fonctions immunitaires chez les enfants et les adultes G\u00e9lifi\u00e9s pratiques et savoureux aux saveurs de m\u00e9lange de baies et de p\u00eache Con\u00e7u sp\u00e9cialement pour les enfants \u00e0 partir de trois ans Sans g\u00e9latine et ne contient aucun ar\u00f4me, colorant ni \u00e9dulcorant artificiels","og_url":"https:\/\/pno.ca\/fr-ca\/product\/kids-vitamin-d-gummies\/","og_site_name":"Preferred Nutrition FR","article_modified_time":"2026-04-01T16:55:22+00:00","og_image":[{"width":600,"height":600,"url":"https:\/\/pno.ca\/fr-ca\/wp-content\/uploads\/sites\/2\/2026\/03\/pn0669__image-hi-res__vitamin-d-600-iu-gummy__2970393.png","type":"image\/png"}],"twitter_card":"summary_large_image","twitter_misc":{"Est. reading time":"1 minute"},"schema":{"@context":"https:\/\/schema.org","@graph":[{"@type":"WebPage","@id":"https:\/\/pno.ca\/fr-ca\/product\/kids-vitamin-d-gummies\/","url":"https:\/\/pno.ca\/fr-ca\/product\/kids-vitamin-d-gummies\/","name":"Vitamine D 600 UI pour enfants et adultes G\u00e9lifi\u00e9s - Preferred Nutrition FR","isPartOf":{"@id":"https:\/\/pno.ca\/fr-ca\/#website"},"primaryImageOfPage":{"@id":"https:\/\/pno.ca\/fr-ca\/product\/kids-vitamin-d-gummies\/#primaryimage"},"image":{"@id":"https:\/\/pno.ca\/fr-ca\/product\/kids-vitamin-d-gummies\/#primaryimage"},"thumbnailUrl":"https:\/\/pno.ca\/fr-ca\/wp-content\/uploads\/sites\/2\/2026\/03\/pn0669__image-hi-res__vitamin-d-600-iu-gummy__2970393.png","datePublished":"2026-04-01T16:55:17+00:00","dateModified":"2026-04-01T16:55:22+00:00","breadcrumb":{"@id":"https:\/\/pno.ca\/fr-ca\/product\/kids-vitamin-d-gummies\/#breadcrumb"},"inLanguage":"fr-CA","potentialAction":[{"@type":"ReadAction","target":["https:\/\/pno.ca\/fr-ca\/product\/kids-vitamin-d-gummies\/"]}]},{"@type":"ImageObject","inLanguage":"fr-CA","@id":"https:\/\/pno.ca\/fr-ca\/product\/kids-vitamin-d-gummies\/#primaryimage","url":"https:\/\/pno.ca\/fr-ca\/wp-content\/uploads\/sites\/2\/2026\/03\/pn0669__image-hi-res__vitamin-d-600-iu-gummy__2970393.png","contentUrl":"https:\/\/pno.ca\/fr-ca\/wp-content\/uploads\/sites\/2\/2026\/03\/pn0669__image-hi-res__vitamin-d-600-iu-gummy__2970393.png","width":600,"height":600,"caption":"Vitamine D 600 UI en glifis - Hi-Res - PN0669"},{"@type":"BreadcrumbList","@id":"https:\/\/pno.ca\/fr-ca\/product\/kids-vitamin-d-gummies\/#breadcrumb","itemListElement":[{"@type":"ListItem","position":1,"name":"Home","item":"https:\/\/pno.ca\/fr-ca\/"},{"@type":"ListItem","position":2,"name":"Produits","item":"https:\/\/pno.ca\/fr-ca\/products\/"},{"@type":"ListItem","position":3,"name":"Vitamine D 600 UI pour enfants et adultes G\u00e9lifi\u00e9s"}]},{"@type":"WebSite","@id":"https:\/\/pno.ca\/fr-ca\/#website","url":"https:\/\/pno.ca\/fr-ca\/","name":"Preferred Nutrition FR","description":"","publisher":{"@id":"https:\/\/pno.ca\/fr-ca\/#organization"},"potentialAction":[{"@type":"SearchAction","target":{"@type":"EntryPoint","urlTemplate":"https:\/\/pno.ca\/fr-ca\/?s={search_term_string}"},"query-input":{"@type":"PropertyValueSpecification","valueRequired":true,"valueName":"search_term_string"}}],"inLanguage":"fr-CA"},{"@type":"Organization","@id":"https:\/\/pno.ca\/fr-ca\/#organization","name":"Preferred Nutrition FR","url":"https:\/\/pno.ca\/fr-ca\/","logo":{"@type":"ImageObject","inLanguage":"fr-CA","@id":"https:\/\/pno.ca\/fr-ca\/#\/schema\/logo\/image\/","url":"https:\/\/pno.ca\/fr-ca\/wp-content\/uploads\/sites\/2\/2026\/01\/pno_logo.svg","contentUrl":"https:\/\/pno.ca\/fr-ca\/wp-content\/uploads\/sites\/2\/2026\/01\/pno_logo.svg","width":442,"height":100,"caption":"Preferred Nutrition FR"},"image":{"@id":"https:\/\/pno.ca\/fr-ca\/#\/schema\/logo\/image\/"}}]}},"acf":[],"spectra_custom_meta":{"total_sales":["0"],"_stock_status":["instock"],"_wc_review_count":["0"],"_wc_rating_count":["0"],"_wc_average_rating":["0"],"_sku":["PN0669"],"_tax_status":["none"],"_tax_class":[""],"_manage_stock":["no"],"_backorders":["no"],"_sold_individually":["no"],"_virtual":["no"],"_downloadable":["no"],"_download_limit":["-1"],"_download_expiry":["-1"],"_stock":[null],"_product_attributes":["a:1:{s:4:\"size\";a:6:{s:4:\"name\";s:4:\"Size\";s:5:\"value\";s:15:\"180\u00a0g\u00e9lifi\u00e9s\";s:8:\"position\";i:0;s:10:\"is_visible\";b:1;s:12:\"is_variation\";b:1;s:11:\"is_taxonomy\";b:0;}}"],"_product_version":["10.6.1"],"__is_newly_created_product":[""],"__first_variation_id":["2949"],"_product_id":["field_668afd01d6a11"],"product_id":["AN-CA-6-28826-00669-5"],"_subtitle":["field_68bb7abccd685"],"subtitle":[""],"_body":["field_66652d1802dae"],"body":[""],"_excerpt":["field_66652d2f02daf"],"excerpt":[""],"_marketing_summary":["field_68bb7bb6cd689"],"marketing_summary":["Vitamine D 600\u00a0UI en g\u00e9lifi\u00e9s de Preferred Nutrition aide \u00e0 soutenir un syst\u00e8me immunitaire fort ainsi que le d\u00e9veloppement et l\u2019entretien des os et des dents. Ces g\u00e9lifi\u00e9s v\u00e9g\u00e9tariens sont sans g\u00e9latine ni OGM et sont disponibles dans de d\u00e9licieuses saveurs de m\u00e9lange de baies et de p\u00eache. Il est donc facile et pratique pour les enfants (et les adultes) d\u2019obtenir la vitamine D3 dont ils ont besoin."],"_medicinal_ingredients":["field_66652dba0405a"],"medicinal_ingredients":["<table class=\"fg-table\" border=\"1\" collapse=\"collapse\"> <thead class=\"fg-head\"> <tr> <td colspan=\"2\"><b>Chaque g\u00e9lifi\u00e9 contient&nbsp;:&nbsp;<\/b><\/td> <\/tr> <tr> <td colspan=\"2\"><b>Ingr\u00e9dient m\u00e9dicinal&nbsp;:&nbsp;<\/b><\/td> <\/tr> <\/thead> <tbody> <tr> <td colspan=\"1\">Vitamine D3 (chol\u00e9calcif\u00e9rol) <\/td> <td> 15&nbsp;mcg (600&nbsp;UI)<\/td> <\/tr> <\/tbody> <\/table>"],"_non_medicinal_ingredients":["field_66652dd456ed8"],"non_medicinal_ingredients":["sirop de glucose, sucre de canne, eau, pectine, concentr\u00e9 de jus de pomme, acide citrique, citrate de sodium, ar\u00f4mes naturels, acide lactique, huile de noix de coco, cire de carnauba, colorants naturels (extrait de rocou, jus de carotte noire, jus de carotte, poudre de jus de bleuet), huile de tournesol."],"_recommended_purpose":["field_68bb7b43cd688"],"recommended_purpose":["<ul><li>Aide \u00e0 maintenir les fonctions immunitaires.<\/li><li>Aide \u00e0 la formation d\u2019os et de dents solides.<\/li><li>Aide \u00e0 l\u2019absorption et \u00e0 l\u2019utilisation du calcium et du phosphore.<\/li><\/ul>"],"_recommended_dose":["field_6665306d56edd"],"recommended_dose":["<b>Posologie recommand\u00e9e\u00a0:\u00a0Enfants (3\u00a0\u00e0\u00a08\u00a0ans)\u00a0\u00a0<\/b>Croquer 1\u00a0g\u00e9lifi\u00e9 par jour ou suivre les recommandations d\u2019un praticien de la sant\u00e9. <b>Adolescents (9\u00a0\u00e0\u00a018\u00a0ans)\u00a0:\u00a0<\/b>Croquer 1\u00a0g\u00e9lifi\u00e9 par jour ou suivre les recommandations d\u2019un praticien de la sant\u00e9."],"_allergen_statement":["field_66652e0e56ed9"],"allergen_statement":["Ce produit ne contient pas d\u2019agents de conservation, colorants ou \u00e9dulcorants artificiels ; sans produits laitiers, bl\u00e9, gluten, soja, \u0153ufs, poissons, fruits de mer, sel, noix ni g\u00e8nes ou prot\u00e9ines g\u00e9n\u00e9tiquement modifi\u00e9s. Convient aux v\u00e9g\u00e9tariens."],"_label_caution":["field_6665307456ede"],"label_caution":["Conserver hors de la port\u00e9e des enfants."],"_strength":["field_6665304656eda"],"strength":["600\u00a0UI"],"_flavour":["field_6665305356edb"],"flavour":[""],"_form":["field_6665305a56edc"],"form":["g\u00e9lifi\u00e9s"],"_npn":["field_68bb7ac9cd686"],"npn":["80137840"],"_costco_product":["field_68bb7b36cd687"],"costco_product":[""],"_alt_lang_handle":["field_68bb7bc7cd68a"],"alt_lang_handle":["kids-vitamin-d-gummies"],"_wp_page_template":["default"],"_thumbnail_id":["3415"],"_product_image_gallery":[""],"_default_attributes":["a:1:{s:4:\"size\";s:15:\"180\u00a0g\u00e9lifi\u00e9s\";}"],"_price":["1"],"_uag_css_file_name":["uag-css-2948.css"]},"uagb_featured_image_src":{"full":["https:\/\/pno.ca\/fr-ca\/wp-content\/uploads\/sites\/2\/2026\/03\/pn0669__image-hi-res__vitamin-d-600-iu-gummy__2970393.png",600,600,false],"thumbnail":["https:\/\/pno.ca\/fr-ca\/wp-content\/uploads\/sites\/2\/2026\/03\/pn0669__image-hi-res__vitamin-d-600-iu-gummy__2970393-150x150.png",150,150,true],"medium":["https:\/\/pno.ca\/fr-ca\/wp-content\/uploads\/sites\/2\/2026\/03\/pn0669__image-hi-res__vitamin-d-600-iu-gummy__2970393-300x300.png",300,300,true],"medium_large":["https:\/\/pno.ca\/fr-ca\/wp-content\/uploads\/sites\/2\/2026\/03\/pn0669__image-hi-res__vitamin-d-600-iu-gummy__2970393.png",600,600,false],"large":["https:\/\/pno.ca\/fr-ca\/wp-content\/uploads\/sites\/2\/2026\/03\/pn0669__image-hi-res__vitamin-d-600-iu-gummy__2970393.png",600,600,false],"1536x1536":["https:\/\/pno.ca\/fr-ca\/wp-content\/uploads\/sites\/2\/2026\/03\/pn0669__image-hi-res__vitamin-d-600-iu-gummy__2970393.png",600,600,false],"2048x2048":["https:\/\/pno.ca\/fr-ca\/wp-content\/uploads\/sites\/2\/2026\/03\/pn0669__image-hi-res__vitamin-d-600-iu-gummy__2970393.png",600,600,false],"gform-image-choice-sm":["https:\/\/pno.ca\/fr-ca\/wp-content\/uploads\/sites\/2\/2026\/03\/pn0669__image-hi-res__vitamin-d-600-iu-gummy__2970393.png",300,300,false],"gform-image-choice-md":["https:\/\/pno.ca\/fr-ca\/wp-content\/uploads\/sites\/2\/2026\/03\/pn0669__image-hi-res__vitamin-d-600-iu-gummy__2970393.png",400,400,false],"gform-image-choice-lg":["https:\/\/pno.ca\/fr-ca\/wp-content\/uploads\/sites\/2\/2026\/03\/pn0669__image-hi-res__vitamin-d-600-iu-gummy__2970393.png",600,600,false],"woocommerce_thumbnail":["https:\/\/pno.ca\/fr-ca\/wp-content\/uploads\/sites\/2\/2026\/03\/pn0669__image-hi-res__vitamin-d-600-iu-gummy__2970393.png",600,600,false],"woocommerce_single":["https:\/\/pno.ca\/fr-ca\/wp-content\/uploads\/sites\/2\/2026\/03\/pn0669__image-hi-res__vitamin-d-600-iu-gummy__2970393.png",600,600,false],"woocommerce_gallery_thumbnail":["https:\/\/pno.ca\/fr-ca\/wp-content\/uploads\/sites\/2\/2026\/03\/pn0669__image-hi-res__vitamin-d-600-iu-gummy__2970393-100x100.png",100,100,true]},"uagb_author_info":{"display_name":"Gary Armstrong","author_link":"https:\/\/pno.ca\/fr-ca\/blog\/author\/"},"uagb_comment_info":0,"uagb_excerpt":"Vitamine D 600\u00a0UI en g\u00e9lifi\u00e9s de Preferred Nutrition aide \u00e0 soutenir un syst\u00e8me immunitaire fort ainsi que le d\u00e9veloppement et l\u2019entretien des os et des dents. Ces g\u00e9lifi\u00e9s v\u00e9g\u00e9tariens sont sans g\u00e9latine ni OGM et sont disponibles dans de d\u00e9licieuses saveurs de m\u00e9lange de baies et de p\u00eache. Il est donc facile et pratique pour&hellip;","_links":{"self":[{"href":"https:\/\/pno.ca\/fr-ca\/wp-json\/wp\/v2\/product\/2948","targetHints":{"allow":["GET"]}}],"collection":[{"href":"https:\/\/pno.ca\/fr-ca\/wp-json\/wp\/v2\/product"}],"about":[{"href":"https:\/\/pno.ca\/fr-ca\/wp-json\/wp\/v2\/types\/product"}],"wp:featuredmedia":[{"embeddable":true,"href":"https:\/\/pno.ca\/fr-ca\/wp-json\/wp\/v2\/media\/3415"}],"wp:attachment":[{"href":"https:\/\/pno.ca\/fr-ca\/wp-json\/wp\/v2\/media?parent=2948"}],"wp:term":[{"taxonomy":"benefit","embeddable":true,"href":"https:\/\/pno.ca\/fr-ca\/wp-json\/wp\/v2\/benefit?post=2948"},{"taxonomy":"product_brand","embeddable":true,"href":"https:\/\/pno.ca\/fr-ca\/wp-json\/wp\/v2\/product_brand?post=2948"},{"taxonomy":"product_cat","embeddable":true,"href":"https:\/\/pno.ca\/fr-ca\/wp-json\/wp\/v2\/product_cat?post=2948"},{"taxonomy":"product_tag","embeddable":true,"href":"https:\/\/pno.ca\/fr-ca\/wp-json\/wp\/v2\/product_tag?post=2948"}],"curies":[{"name":"wp","href":"https:\/\/api.w.org\/{rel}","templated":true}]}}